{"id":9225,"date":"2025-12-13T11:54:46","date_gmt":"2025-12-13T10:54:46","guid":{"rendered":"https:\/\/khailconcept.com\/prodotto\/dillinger\/"},"modified":"2026-03-22T18:01:19","modified_gmt":"2026-03-22T17:01:19","slug":"dillinger","status":"publish","type":"product","link":"https:\/\/khailconcept.com\/fr\/prodotto\/dillinger\/","title":{"rendered":"Dillinger"},"content":{"rendered":"\n<h2 class=\"wp-block-heading has-black-color has-text-color has-link-color wp-elements-cd723e892bb8d825f63d267f70e42009\">Dillinger \u2013 Marteau \u00e0 gla\u00e7ons \u00e0 colle froide<\/h2>\n\n<div class=\"wp-block-media-text is-stacked-on-mobile has-black-color has-text-color has-link-color wp-elements-0faa5bb0bc84934a331c6d4f2fc93a53\" style=\"grid-template-columns:31% auto\"><figure class=\"wp-block-media-text__media\"><img fetchpriority=\"high\" decoding=\"async\" width=\"768\" height=\"1024\" src=\"https:\/\/khailconcept.com\/wp-content\/uploads\/2025\/12\/1ecbeea5-5417-4105-8a62-3352411392f2-768x1024.jpg\" alt=\"\" class=\"wp-image-9392 size-full\" srcset=\"https:\/\/khailconcept.com\/wp-content\/uploads\/2025\/12\/1ecbeea5-5417-4105-8a62-3352411392f2-768x1024.jpg 768w, https:\/\/khailconcept.com\/wp-content\/uploads\/2025\/12\/1ecbeea5-5417-4105-8a62-3352411392f2-225x300.jpg 225w, https:\/\/khailconcept.com\/wp-content\/uploads\/2025\/12\/1ecbeea5-5417-4105-8a62-3352411392f2-1152x1536.jpg 1152w, https:\/\/khailconcept.com\/wp-content\/uploads\/2025\/12\/1ecbeea5-5417-4105-8a62-3352411392f2-1536x2048.jpg 1536w, https:\/\/khailconcept.com\/wp-content\/uploads\/2025\/12\/1ecbeea5-5417-4105-8a62-3352411392f2-990x1320.jpg 990w, https:\/\/khailconcept.com\/wp-content\/uploads\/2025\/12\/1ecbeea5-5417-4105-8a62-3352411392f2-441x588.jpg 441w, https:\/\/khailconcept.com\/wp-content\/uploads\/2025\/12\/1ecbeea5-5417-4105-8a62-3352411392f2-300x400.jpg 300w, https:\/\/khailconcept.com\/wp-content\/uploads\/2025\/12\/1ecbeea5-5417-4105-8a62-3352411392f2-800x1067.jpg 800w, https:\/\/khailconcept.com\/wp-content\/uploads\/2025\/12\/1ecbeea5-5417-4105-8a62-3352411392f2-150x200.jpg 150w, https:\/\/khailconcept.com\/wp-content\/uploads\/2025\/12\/1ecbeea5-5417-4105-8a62-3352411392f2-scaled.jpg 1920w\" sizes=\"(max-width: 768px) 100vw, 768px\" \/><\/figure><div class=\"wp-block-media-text__content\">\n<p><strong>Le concept<\/strong><\/p>\n\n\n\n<p><strong>Qualit\u00e9, innovation, design.<\/strong>  Fabriqu\u00e9 \u00e0 partir de mat\u00e9riaux de premi\u00e8re qualit\u00e9 et d\u2019une technologie de pointe, Dillinger est la solution ultime pour ceux qui recherchent un produit durable et performant.<\/p>\n<\/div><\/div>\n\n<div class=\"wp-block-media-text has-media-on-the-right is-stacked-on-mobile has-black-color has-text-color has-link-color wp-elements-337d9278b9138a346587c74baa28594c\" style=\"grid-template-columns:auto 34%\"><div class=\"wp-block-media-text__content\">\n<p><\/p>\n\n\n\n<p>Marteau \u00e0 coulisse \u00e0 mouvement r\u00e9tractable, \u00e9quip\u00e9 d\u2019un ressort \u00e0 newtons parfaitement calibr\u00e9.<\/p>\n\n\n\n<p>Le syst\u00e8me de roulement lin\u00e9aire permet un glissement parfait sur la tige en acier au carbone chrom\u00e9 dur.<\/p>\n\n\n\n<p>Le syst\u00e8me magn\u00e9tique positionn\u00e9 \u00e0 la base de l\u2019extracteur permet une fermeture instantan\u00e9e \u00e0 chaque traction, enti\u00e8rement calibr\u00e9 pour ne pas cr\u00e9er d\u2019opposition au moment de la traction.<\/p>\n\n\n\n<p>Cet extracteur a \u00e9t\u00e9 cr\u00e9\u00e9 dans le but de combiner fonctionnalit\u00e9, durabilit\u00e9 et beaut\u00e9.<\/p>\n\n\n\n<p>Un m\u00e9lange d\u2019excellence, \u00e0 commencer par les mat\u00e9riaux, le corps en laiton et la poign\u00e9e ergonomique en h\u00eatre permettent au technicien PDR d\u2019op\u00e9rer avec aisance.<\/p>\n\n\n\n<p>DILLINGER poursuit la saga des personnages que KRIMINAL HAIL CONCEPT raconte pour chaque objet qu\u2019il met sur le march\u00e9.<\/p>\n<\/div><figure class=\"wp-block-media-text__media\"><img decoding=\"async\" width=\"768\" height=\"1024\" src=\"https:\/\/khailconcept.com\/wp-content\/uploads\/2025\/12\/c9b9693e-04f3-4a48-adab-848d67367c72-768x1024.jpg\" alt=\"\" class=\"wp-image-9394 size-full\" srcset=\"https:\/\/khailconcept.com\/wp-content\/uploads\/2025\/12\/c9b9693e-04f3-4a48-adab-848d67367c72-768x1024.jpg 768w, https:\/\/khailconcept.com\/wp-content\/uploads\/2025\/12\/c9b9693e-04f3-4a48-adab-848d67367c72-225x300.jpg 225w, https:\/\/khailconcept.com\/wp-content\/uploads\/2025\/12\/c9b9693e-04f3-4a48-adab-848d67367c72-1152x1536.jpg 1152w, https:\/\/khailconcept.com\/wp-content\/uploads\/2025\/12\/c9b9693e-04f3-4a48-adab-848d67367c72-1536x2048.jpg 1536w, https:\/\/khailconcept.com\/wp-content\/uploads\/2025\/12\/c9b9693e-04f3-4a48-adab-848d67367c72-990x1320.jpg 990w, https:\/\/khailconcept.com\/wp-content\/uploads\/2025\/12\/c9b9693e-04f3-4a48-adab-848d67367c72-441x588.jpg 441w, https:\/\/khailconcept.com\/wp-content\/uploads\/2025\/12\/c9b9693e-04f3-4a48-adab-848d67367c72-300x400.jpg 300w, https:\/\/khailconcept.com\/wp-content\/uploads\/2025\/12\/c9b9693e-04f3-4a48-adab-848d67367c72-800x1067.jpg 800w, https:\/\/khailconcept.com\/wp-content\/uploads\/2025\/12\/c9b9693e-04f3-4a48-adab-848d67367c72-150x200.jpg 150w, https:\/\/khailconcept.com\/wp-content\/uploads\/2025\/12\/c9b9693e-04f3-4a48-adab-848d67367c72-scaled.jpg 1920w\" sizes=\"(max-width: 768px) 100vw, 768px\" \/><\/figure><\/div>\n\n<h2 class=\"wp-block-heading has-black-color has-text-color has-link-color wp-elements-747cfe1808ed25fe9ae714475f7e39fb\">Sp\u00e9cifications techniques<\/h2>\n\n<figure class=\"wp-block-table\"><table class=\"has-black-color has-text-color has-link-color has-fixed-layout\"><tbody><tr><td>POIDS<\/td><td>750gr<\/td><\/tr><tr><td>LONGUEUR<\/td><td>26CM<\/td><\/tr><tr><td>VENTOUSES FOURNIES<\/td><td>13mm \/ 17mm \/ 23mm avec un pas de m6<\/td><\/tr><\/tbody><\/table><\/figure>\n\n<p class=\"has-black-color has-text-color has-link-color wp-elements-9ac00cf961d1ea846fe5a532228b76c6\"><\/p>\n\n<p><\/p>\n","protected":false},"excerpt":{"rendered":"<p>Dillinger \u2013 Marteau \u00e0 gla\u00e7ons \u00e0 colle froide Le concept Qualit\u00e9, innovation, design. Fabriqu\u00e9 \u00e0 partir de mat\u00e9riaux de premi\u00e8re qualit\u00e9 et d\u2019une technologie de pointe, Dillinger est la solution ultime pour ceux qui recherchent un produit durable et performant. Marteau \u00e0 coulisse \u00e0 mouvement r\u00e9tractable, \u00e9quip\u00e9 d\u2019un ressort \u00e0 newtons parfaitement calibr\u00e9. Le syst\u00e8me [&hellip;]<\/p>\n","protected":false},"featured_media":9228,"comment_status":"open","ping_status":"closed","template":"","meta":[],"product_brand":[],"product_cat":[138],"product_tag":[],"class_list":{"0":"post-9225","1":"product","2":"type-product","3":"status-publish","4":"has-post-thumbnail","6":"product_cat-extracteurs","7":"product_shipping_class-misura-unica","9":"first","10":"instock","11":"taxable","12":"shipping-taxable","13":"purchasable","14":"product-type-simple"},"yoast_head":"<!-- This site is optimized with the Yoast SEO plugin v27.5 - https:\/\/yoast.com\/product\/yoast-seo-wordpress\/ -->\n<title>Dillinger - KhailConcept<\/title>\n<meta name=\"description\" content=\"LA VITESSE DU MARTEAU DE DILLINGER \u00c0 COLLE FROIDE, LA PR\u00c9CISION SANS COMPROMIS.\" \/>\n<meta name=\"robots\" content=\"index, follow, max-snippet:-1, max-image-preview:large, max-video-preview:-1\" \/>\n<link rel=\"canonical\" href=\"https:\/\/khailconcept.com\/fr\/prodotto\/dillinger\/\" \/>\n<meta property=\"og:locale\" content=\"fr_FR\" \/>\n<meta property=\"og:type\" content=\"article\" \/>\n<meta property=\"og:title\" content=\"Dillinger - KhailConcept\" \/>\n<meta property=\"og:description\" content=\"LA VITESSE DU MARTEAU DE DILLINGER \u00c0 COLLE FROIDE, LA PR\u00c9CISION SANS COMPROMIS.\" \/>\n<meta property=\"og:url\" content=\"https:\/\/khailconcept.com\/fr\/prodotto\/dillinger\/\" \/>\n<meta property=\"og:site_name\" content=\"KhailConcept\" \/>\n<meta property=\"article:modified_time\" content=\"2026-03-22T17:01:19+00:00\" \/>\n<meta property=\"og:image\" content=\"https:\/\/khailconcept.com\/wp-content\/uploads\/2025\/12\/1-1.png\" \/>\n\t<meta property=\"og:image:width\" content=\"1500\" \/>\n\t<meta property=\"og:image:height\" content=\"1500\" \/>\n\t<meta property=\"og:image:type\" content=\"image\/png\" \/>\n<meta name=\"twitter:card\" content=\"summary_large_image\" \/>\n<meta name=\"twitter:label1\" content=\"Dur\u00e9e de lecture estim\u00e9e\" \/>\n\t<meta name=\"twitter:data1\" content=\"2 minutes\" \/>\n<script type=\"application\/ld+json\" class=\"yoast-schema-graph\">{\"@context\":\"https:\\\/\\\/schema.org\",\"@graph\":[{\"@type\":\"WebPage\",\"@id\":\"https:\\\/\\\/khailconcept.com\\\/fr\\\/prodotto\\\/dillinger\\\/\",\"url\":\"https:\\\/\\\/khailconcept.com\\\/fr\\\/prodotto\\\/dillinger\\\/\",\"name\":\"Dillinger - KhailConcept\",\"isPartOf\":{\"@id\":\"https:\\\/\\\/khailconcept.com\\\/fr\\\/#website\"},\"primaryImageOfPage\":{\"@id\":\"https:\\\/\\\/khailconcept.com\\\/fr\\\/prodotto\\\/dillinger\\\/#primaryimage\"},\"image\":{\"@id\":\"https:\\\/\\\/khailconcept.com\\\/fr\\\/prodotto\\\/dillinger\\\/#primaryimage\"},\"thumbnailUrl\":\"https:\\\/\\\/khailconcept.com\\\/wp-content\\\/uploads\\\/2025\\\/12\\\/1-1.png\",\"datePublished\":\"2025-12-13T10:54:46+00:00\",\"dateModified\":\"2026-03-22T17:01:19+00:00\",\"description\":\"LA VITESSE DU MARTEAU DE DILLINGER \u00c0 COLLE FROIDE, LA PR\u00c9CISION SANS COMPROMIS.\",\"breadcrumb\":{\"@id\":\"https:\\\/\\\/khailconcept.com\\\/fr\\\/prodotto\\\/dillinger\\\/#breadcrumb\"},\"inLanguage\":\"fr-FR\",\"potentialAction\":[{\"@type\":\"ReadAction\",\"target\":[\"https:\\\/\\\/khailconcept.com\\\/fr\\\/prodotto\\\/dillinger\\\/\"]}]},{\"@type\":\"ImageObject\",\"inLanguage\":\"fr-FR\",\"@id\":\"https:\\\/\\\/khailconcept.com\\\/fr\\\/prodotto\\\/dillinger\\\/#primaryimage\",\"url\":\"https:\\\/\\\/khailconcept.com\\\/wp-content\\\/uploads\\\/2025\\\/12\\\/1-1.png\",\"contentUrl\":\"https:\\\/\\\/khailconcept.com\\\/wp-content\\\/uploads\\\/2025\\\/12\\\/1-1.png\",\"width\":1500,\"height\":1500,\"caption\":\"Photo a\u00e9rienne de Dillinger sur fond neutre\"},{\"@type\":\"BreadcrumbList\",\"@id\":\"https:\\\/\\\/khailconcept.com\\\/fr\\\/prodotto\\\/dillinger\\\/#breadcrumb\",\"itemListElement\":[{\"@type\":\"ListItem\",\"position\":1,\"name\":\"Accueil\",\"item\":\"https:\\\/\\\/khailconcept.com\\\/fr\\\/accueil\\\/\"},{\"@type\":\"ListItem\",\"position\":2,\"name\":\"Boutique\",\"item\":\"https:\\\/\\\/khailconcept.com\\\/fr\\\/shop\\\/\"},{\"@type\":\"ListItem\",\"position\":3,\"name\":\"Dillinger\"}]},{\"@type\":\"WebSite\",\"@id\":\"https:\\\/\\\/khailconcept.com\\\/fr\\\/#website\",\"url\":\"https:\\\/\\\/khailconcept.com\\\/fr\\\/\",\"name\":\"KhailConcept\",\"description\":\"Strumenti per levabolli di design, realizzati con passione e determinazione.\",\"publisher\":{\"@id\":\"https:\\\/\\\/khailconcept.com\\\/fr\\\/#organization\"},\"potentialAction\":[{\"@type\":\"SearchAction\",\"target\":{\"@type\":\"EntryPoint\",\"urlTemplate\":\"https:\\\/\\\/khailconcept.com\\\/fr\\\/?s={search_term_string}\"},\"query-input\":{\"@type\":\"PropertyValueSpecification\",\"valueRequired\":true,\"valueName\":\"search_term_string\"}}],\"inLanguage\":\"fr-FR\"},{\"@type\":\"Organization\",\"@id\":\"https:\\\/\\\/khailconcept.com\\\/fr\\\/#organization\",\"name\":\"KhailConcept\",\"url\":\"https:\\\/\\\/khailconcept.com\\\/fr\\\/\",\"logo\":{\"@type\":\"ImageObject\",\"inLanguage\":\"fr-FR\",\"@id\":\"https:\\\/\\\/khailconcept.com\\\/fr\\\/#\\\/schema\\\/logo\\\/image\\\/\",\"url\":\"https:\\\/\\\/khailconcept.com\\\/wp-content\\\/uploads\\\/2025\\\/09\\\/KHAIL_logoscurosfondo-1.png\",\"contentUrl\":\"https:\\\/\\\/khailconcept.com\\\/wp-content\\\/uploads\\\/2025\\\/09\\\/KHAIL_logoscurosfondo-1.png\",\"width\":1080,\"height\":1080,\"caption\":\"KhailConcept\"},\"image\":{\"@id\":\"https:\\\/\\\/khailconcept.com\\\/fr\\\/#\\\/schema\\\/logo\\\/image\\\/\"}}]}<\/script>\n<!-- \/ Yoast SEO plugin. -->","yoast_head_json":{"title":"Dillinger - KhailConcept","description":"LA VITESSE DU MARTEAU DE DILLINGER \u00c0 COLLE FROIDE, LA PR\u00c9CISION SANS COMPROMIS.","robots":{"index":"index","follow":"follow","max-snippet":"max-snippet:-1","max-image-preview":"max-image-preview:large","max-video-preview":"max-video-preview:-1"},"canonical":"https:\/\/khailconcept.com\/fr\/prodotto\/dillinger\/","og_locale":"fr_FR","og_type":"article","og_title":"Dillinger - KhailConcept","og_description":"LA VITESSE DU MARTEAU DE DILLINGER \u00c0 COLLE FROIDE, LA PR\u00c9CISION SANS COMPROMIS.","og_url":"https:\/\/khailconcept.com\/fr\/prodotto\/dillinger\/","og_site_name":"KhailConcept","article_modified_time":"2026-03-22T17:01:19+00:00","og_image":[{"width":1500,"height":1500,"url":"https:\/\/khailconcept.com\/wp-content\/uploads\/2025\/12\/1-1.png","type":"image\/png"}],"twitter_card":"summary_large_image","twitter_misc":{"Dur\u00e9e de lecture estim\u00e9e":"2 minutes"},"schema":{"@context":"https:\/\/schema.org","@graph":[{"@type":"WebPage","@id":"https:\/\/khailconcept.com\/fr\/prodotto\/dillinger\/","url":"https:\/\/khailconcept.com\/fr\/prodotto\/dillinger\/","name":"Dillinger - KhailConcept","isPartOf":{"@id":"https:\/\/khailconcept.com\/fr\/#website"},"primaryImageOfPage":{"@id":"https:\/\/khailconcept.com\/fr\/prodotto\/dillinger\/#primaryimage"},"image":{"@id":"https:\/\/khailconcept.com\/fr\/prodotto\/dillinger\/#primaryimage"},"thumbnailUrl":"https:\/\/khailconcept.com\/wp-content\/uploads\/2025\/12\/1-1.png","datePublished":"2025-12-13T10:54:46+00:00","dateModified":"2026-03-22T17:01:19+00:00","description":"LA VITESSE DU MARTEAU DE DILLINGER \u00c0 COLLE FROIDE, LA PR\u00c9CISION SANS COMPROMIS.","breadcrumb":{"@id":"https:\/\/khailconcept.com\/fr\/prodotto\/dillinger\/#breadcrumb"},"inLanguage":"fr-FR","potentialAction":[{"@type":"ReadAction","target":["https:\/\/khailconcept.com\/fr\/prodotto\/dillinger\/"]}]},{"@type":"ImageObject","inLanguage":"fr-FR","@id":"https:\/\/khailconcept.com\/fr\/prodotto\/dillinger\/#primaryimage","url":"https:\/\/khailconcept.com\/wp-content\/uploads\/2025\/12\/1-1.png","contentUrl":"https:\/\/khailconcept.com\/wp-content\/uploads\/2025\/12\/1-1.png","width":1500,"height":1500,"caption":"Photo a\u00e9rienne de Dillinger sur fond neutre"},{"@type":"BreadcrumbList","@id":"https:\/\/khailconcept.com\/fr\/prodotto\/dillinger\/#breadcrumb","itemListElement":[{"@type":"ListItem","position":1,"name":"Accueil","item":"https:\/\/khailconcept.com\/fr\/accueil\/"},{"@type":"ListItem","position":2,"name":"Boutique","item":"https:\/\/khailconcept.com\/fr\/shop\/"},{"@type":"ListItem","position":3,"name":"Dillinger"}]},{"@type":"WebSite","@id":"https:\/\/khailconcept.com\/fr\/#website","url":"https:\/\/khailconcept.com\/fr\/","name":"KhailConcept","description":"Strumenti per levabolli di design, realizzati con passione e determinazione.","publisher":{"@id":"https:\/\/khailconcept.com\/fr\/#organization"},"potentialAction":[{"@type":"SearchAction","target":{"@type":"EntryPoint","urlTemplate":"https:\/\/khailconcept.com\/fr\/?s={search_term_string}"},"query-input":{"@type":"PropertyValueSpecification","valueRequired":true,"valueName":"search_term_string"}}],"inLanguage":"fr-FR"},{"@type":"Organization","@id":"https:\/\/khailconcept.com\/fr\/#organization","name":"KhailConcept","url":"https:\/\/khailconcept.com\/fr\/","logo":{"@type":"ImageObject","inLanguage":"fr-FR","@id":"https:\/\/khailconcept.com\/fr\/#\/schema\/logo\/image\/","url":"https:\/\/khailconcept.com\/wp-content\/uploads\/2025\/09\/KHAIL_logoscurosfondo-1.png","contentUrl":"https:\/\/khailconcept.com\/wp-content\/uploads\/2025\/09\/KHAIL_logoscurosfondo-1.png","width":1080,"height":1080,"caption":"KhailConcept"},"image":{"@id":"https:\/\/khailconcept.com\/fr\/#\/schema\/logo\/image\/"}}]}},"_links":{"self":[{"href":"https:\/\/khailconcept.com\/fr\/wp-json\/wp\/v2\/product\/9225","targetHints":{"allow":["GET"]}}],"collection":[{"href":"https:\/\/khailconcept.com\/fr\/wp-json\/wp\/v2\/product"}],"about":[{"href":"https:\/\/khailconcept.com\/fr\/wp-json\/wp\/v2\/types\/product"}],"replies":[{"embeddable":true,"href":"https:\/\/khailconcept.com\/fr\/wp-json\/wp\/v2\/comments?post=9225"}],"wp:featuredmedia":[{"embeddable":true,"href":"https:\/\/khailconcept.com\/fr\/wp-json\/wp\/v2\/media\/9228"}],"wp:attachment":[{"href":"https:\/\/khailconcept.com\/fr\/wp-json\/wp\/v2\/media?parent=9225"}],"wp:term":[{"taxonomy":"product_brand","embeddable":true,"href":"https:\/\/khailconcept.com\/fr\/wp-json\/wp\/v2\/product_brand?post=9225"},{"taxonomy":"product_cat","embeddable":true,"href":"https:\/\/khailconcept.com\/fr\/wp-json\/wp\/v2\/product_cat?post=9225"},{"taxonomy":"product_tag","embeddable":true,"href":"https:\/\/khailconcept.com\/fr\/wp-json\/wp\/v2\/product_tag?post=9225"}],"curies":[{"name":"wp","href":"https:\/\/api.w.org\/{rel}","templated":true}]}}