{"id":8881,"date":"2025-12-03T21:53:51","date_gmt":"2025-12-03T20:53:51","guid":{"rendered":"https:\/\/khailconcept.com\/prodotto\/lucky-hail-rod\/"},"modified":"2026-03-22T17:53:13","modified_gmt":"2026-03-22T16:53:13","slug":"lucky-hail-rod","status":"publish","type":"product","link":"https:\/\/khailconcept.com\/fr\/prodotto\/lucky-hail-rod\/","title":{"rendered":"B\u00e2ton de gr\u00eale de Lucky + balles de Lucky"},"content":{"rendered":"\n<h2 class=\"wp-block-heading has-black-color has-text-color has-link-color wp-elements-79d3037c8b3fa1daa794bdacba067f19\"><strong>LUCKY HAIL ROD + \u00c9TUI GRATUIT LUCKY\u2019S BULLETS  <\/strong><\/h2>\n\n<div class=\"wp-block-media-text is-stacked-on-mobile has-black-color has-text-color has-link-color wp-elements-d901c8ccad849dbfe2e81314e5189a69\"><figure class=\"wp-block-media-text__media\"><img fetchpriority=\"high\" decoding=\"async\" width=\"1024\" height=\"768\" src=\"https:\/\/khailconcept.com\/wp-content\/uploads\/2025\/12\/16-1024x768.png\" alt=\"\" class=\"wp-image-8939 size-full\" srcset=\"https:\/\/khailconcept.com\/wp-content\/uploads\/2025\/12\/16-1024x768.png 1024w, https:\/\/khailconcept.com\/wp-content\/uploads\/2025\/12\/16-300x225.png 300w, https:\/\/khailconcept.com\/wp-content\/uploads\/2025\/12\/16-768x576.png 768w, https:\/\/khailconcept.com\/wp-content\/uploads\/2025\/12\/16-1536x1152.png 1536w, https:\/\/khailconcept.com\/wp-content\/uploads\/2025\/12\/16-2048x1536.png 2048w, https:\/\/khailconcept.com\/wp-content\/uploads\/2025\/12\/16-990x743.png 990w, https:\/\/khailconcept.com\/wp-content\/uploads\/2025\/12\/16-441x331.png 441w, https:\/\/khailconcept.com\/wp-content\/uploads\/2025\/12\/16-800x600.png 800w, https:\/\/khailconcept.com\/wp-content\/uploads\/2025\/12\/16-150x113.png 150w\" sizes=\"(max-width: 1024px) 100vw, 1024px\" \/><\/figure><div class=\"wp-block-media-text__content\">\n<p>L\u2019ETOILE \"LUCKY\" EN CARBONE EST LA VRAIE REVOLUTION DANS LE SECTEUR DES ATELIERS DE TOIT.<br\/>EST INSPIR\u00c9E PAR LE GANGSTER ITALOAMERICAIN \"LUCKY LUCIANO\", AINSI QUE PAR SON BO\u00ceTIER NOMM\u00c9<br\/>\"LUCKY\u2019S BULLETS\" FAIT EN ALUMINIUM ET EN MAT\u00c9RIAUX COMPOSITES.<br\/>ENTI\u00c8REMENT MODULAIRE AVEC SYST\u00c8ME DE FIXATION RAPIDE ET INSERT ANTI-ROTATION.<br\/>CHAQUE COMPOSANT DE CETTE CANNE SE MONTE ET SE D\u00c9MONTE EN UN SEUL GESTE.<br\/>AVEC SA LONGUEUR DE 244CM \/ 97 INCH ET SON \u00c9PAISSEUR DE PLUS DE 4 MM \/ 3\/16 INCH EN FIBRE DE CARBONE ULTRA R\u00c9SISTANTE<br\/>MONTE \u00c0 JUSTE TITRE SUR LE PODIUM EN TANT QUE MEILLEURE CANNE AU MONDE. <\/p>\n\n\n\n<p><\/p>\n<\/div><\/div>\n\n<hr class=\"wp-block-separator has-alpha-channel-opacity\"\/>\n<h2 class=\"has-link-color wp-elements-19c43d4948cf522f1245508ca23b2abe wp-block-post-title has-text-color has-black-color\">B\u00e2ton de gr\u00eale de Lucky + balles de Lucky<\/h2>\n<figure class=\"wp-block-table\"><table class=\"has-black-color has-text-color has-link-color has-fixed-layout\"><tbody><tr><td>Mat\u00e9riau<\/td><td>3K CARBONE + HAUT MODULE<\/td><\/tr><tr><td>Poids<\/td><td>1430GR<\/td><\/tr><tr><td>Longueur totale, poign\u00e9e comprise<\/td><td>244CM \/ 95 POUCES<\/td><\/tr><\/tbody><\/table><\/figure>\n\n<h2 class=\"wp-block-heading has-black-color has-text-color has-link-color wp-elements-dbf1657c978617a802760b4f6afbb5ac\">Composants<\/h2>\n\n<figure class=\"wp-block-table\"><table class=\"has-black-color has-text-color has-link-color has-fixed-layout\"><tbody><tr><td>SUP\u00c9RIEUR<\/td><td>110CM<\/td><\/tr><tr><td>INF\u00c9RIEUR<\/td><td>110CM<\/td><\/tr><tr><td>POIGN\u00c9E<\/td><td>20CM<\/td><\/tr><tr><td>T\u00caTE<\/td><td>4CM<\/td><\/tr><tr><td>T\u00caTE AVEC 4 TROUS, DONT 2 SONT INCLIN\u00c9S \u00c0 PAS IMP\u00c9RIAL<\/td><td>5\/16 18<\/td><\/tr><\/tbody><\/table><\/figure>\n\n<h2 class=\"wp-block-heading has-black-color has-text-color has-link-color wp-elements-ed9d13616458828f29afdab35dfde036\">Caract\u00e9ristiques techniques de la mallette Lucky\u2019s Bullets<\/h2>\n\n<figure class=\"wp-block-table\"><table class=\"has-black-color has-text-color has-link-color has-fixed-layout\"><tbody><tr><td>LONGUEUR<\/td><td>118CM<\/td><\/tr><tr><td>LARGEUR<\/td><td>15CM<\/td><\/tr><tr><td>HAUTEUR<\/td><td>7CM<\/td><\/tr><tr><td>POIDS<\/td><td>2.1KG<\/td><\/tr><\/tbody><\/table><\/figure>\n\n<p class=\"has-black-color has-text-color has-link-color wp-elements-9ac00cf961d1ea846fe5a532228b76c6\"><\/p>\n\n<p><\/p>\n","protected":false},"excerpt":{"rendered":"<p><strong>LUCKY HAIL ROD + \u00c9TUI GRATUIT LUCKY&rsquo;S BULLETS  <\/strong><\/p>\n<p>le<strong>\"LUCKY<\/strong>\" CARBON AUCT est LA V\u00c9RITABLE R\u00c9VOLUTION DANS LE SECTEUR DES AUCTURES DE TOIT.<\/p>\n<p>INSPIR\u00c9 PAR LE GANGSTER ITALO-AM\u00c9RICAIN<strong>\"LUCKY LUCIANO<\/strong>\", COMME SON AFFAIRE INTITUL\u00c9E<\/p>\n<p>LES \"LUCKY&rsquo;S BULLETS\" SONT FABRIQU\u00c9S \u00c0 LA MAIN \u00c0 PARTIR D&rsquo;ALUMINIUM ET DE MAT\u00c9RIAUX COMPOSITES. <\/p>\n<p>ENTI\u00c8REMENT MODULAIRE AVEC SYST\u00c8ME DE FIXATION RAPIDE ET INSERT ANTI-ROTATION.<\/p>\n<p>CHAQUE \u00c9L\u00c9MENT DE CETTE CANNE PEUT \u00caTRE ASSEMBL\u00c9 ET D\u00c9SASSEMBL\u00c9 D&rsquo;UN SIMPLE MOUVEMENT.<\/p>\n<p>AVEC SA LONGUEUR DE 244 CM ET SON \u00c9PAISSEUR DE PLUS DE 4 MM DE FIBRE DE CARBONE ULTRA-R\u00c9SISTANTE<\/p>\n<p>MONTE \u00c0 JUSTE TITRE SUR LE PODIUM EN TANT QUE MEILLEURE PERCHE DU MONDE.<\/p>\n<p><strong>SP\u00c9CIFICATIONS TECHNIQUES<\/strong><\/p>\n<p>-CARBONE 3K + HAUT MODULE<\/p>\n<p>-POIDS 1430GR<\/p>\n<p>-LONGUEUR TOTALE, POIGN\u00c9E COMPRISE, 244 CM \/ 95 POUCES<\/p>\n<p>-COMPONENTS :<\/p>\n<p>-ABOVE 110CM<\/p>\n<p>-FOND 110CM<\/p>\n<p>-MANIQUE 20CM<\/p>\n<p>-T\u00caTE 4CM<\/p>\n<p>-T\u00caTE AVEC 4 TROUS, DONT 2 OBLIQUES PAS IMP\u00c9RIAL 5\/16 18<\/p>\n<p>SP\u00c9CIFICATIONS TECHNIQUES DE L&rsquo;\u00c9TUI DE <strong>LUCKY&rsquo;S BULLETS<\/strong><\/p>\n<p>-LONGUEUR 118CM<\/p>\n<p>-LARGEUR 15CM<\/p>\n<p>-HAUTEUR 7CM<\/p>\n<p>-POIDS 2.1KG<\/p>\n<p>&nbsp;<\/p>\n","protected":false},"featured_media":9524,"comment_status":"open","ping_status":"closed","template":"","meta":[],"product_brand":[],"product_cat":[124],"product_tag":[],"class_list":{"0":"post-8881","1":"product","2":"type-product","3":"status-publish","4":"has-post-thumbnail","6":"product_cat-tige-de-toit","7":"product_shipping_class-lampade","9":"first","10":"instock","11":"taxable","12":"shipping-taxable","13":"purchasable","14":"product-type-simple"},"yoast_head":"<!-- This site is optimized with the Yoast SEO plugin v27.5 - https:\/\/yoast.com\/product\/yoast-seo-wordpress\/ -->\n<title>B\u00e2ton de gr\u00eale de Lucky + balles de Lucky - KhailConcept<\/title>\n<meta name=\"description\" content=\"TIGE DE HAIL LUCKY + CASE DE BULLETS LUCKY GRATUITEMENT La TIGE DE CARBONE &#039;LUCKY&#039; est LA V\u00c9RITABLE R\u00c9VOLUTION DANS LE SECTEUR DES TIGES DE TOIT.\" \/>\n<meta name=\"robots\" content=\"index, follow, max-snippet:-1, max-image-preview:large, max-video-preview:-1\" \/>\n<link rel=\"canonical\" href=\"https:\/\/khailconcept.com\/fr\/prodotto\/lucky-hail-rod\/\" \/>\n<meta property=\"og:locale\" content=\"fr_FR\" \/>\n<meta property=\"og:type\" content=\"article\" \/>\n<meta property=\"og:title\" content=\"B\u00e2ton de gr\u00eale de Lucky + balles de Lucky - KhailConcept\" \/>\n<meta property=\"og:description\" content=\"TIGE DE HAIL LUCKY + CASE DE BULLETS LUCKY GRATUITEMENT La TIGE DE CARBONE &#039;LUCKY&#039; est LA V\u00c9RITABLE R\u00c9VOLUTION DANS LE SECTEUR DES TIGES DE TOIT.\" \/>\n<meta property=\"og:url\" content=\"https:\/\/khailconcept.com\/fr\/prodotto\/lucky-hail-rod\/\" \/>\n<meta property=\"og:site_name\" content=\"KhailConcept\" \/>\n<meta property=\"article:modified_time\" content=\"2026-03-22T16:53:13+00:00\" \/>\n<meta property=\"og:image\" content=\"https:\/\/khailconcept.com\/wp-content\/uploads\/2025\/12\/Lucky-Hail-Rod.png\" \/>\n\t<meta property=\"og:image:width\" content=\"1500\" \/>\n\t<meta property=\"og:image:height\" content=\"1500\" \/>\n\t<meta property=\"og:image:type\" content=\"image\/png\" \/>\n<meta name=\"twitter:card\" content=\"summary_large_image\" \/>\n<meta name=\"twitter:label1\" content=\"Dur\u00e9e de lecture estim\u00e9e\" \/>\n\t<meta name=\"twitter:data1\" content=\"2 minutes\" \/>\n<script type=\"application\/ld+json\" class=\"yoast-schema-graph\">{\"@context\":\"https:\\\/\\\/schema.org\",\"@graph\":[{\"@type\":\"WebPage\",\"@id\":\"https:\\\/\\\/khailconcept.com\\\/fr\\\/prodotto\\\/lucky-hail-rod\\\/\",\"url\":\"https:\\\/\\\/khailconcept.com\\\/fr\\\/prodotto\\\/lucky-hail-rod\\\/\",\"name\":\"B\u00e2ton de gr\u00eale de Lucky + balles de Lucky - KhailConcept\",\"isPartOf\":{\"@id\":\"https:\\\/\\\/khailconcept.com\\\/fr\\\/#website\"},\"primaryImageOfPage\":{\"@id\":\"https:\\\/\\\/khailconcept.com\\\/fr\\\/prodotto\\\/lucky-hail-rod\\\/#primaryimage\"},\"image\":{\"@id\":\"https:\\\/\\\/khailconcept.com\\\/fr\\\/prodotto\\\/lucky-hail-rod\\\/#primaryimage\"},\"thumbnailUrl\":\"https:\\\/\\\/khailconcept.com\\\/wp-content\\\/uploads\\\/2025\\\/12\\\/Lucky-Hail-Rod.png\",\"datePublished\":\"2025-12-03T20:53:51+00:00\",\"dateModified\":\"2026-03-22T16:53:13+00:00\",\"description\":\"TIGE DE HAIL LUCKY + CASE DE BULLETS LUCKY GRATUITEMENT La TIGE DE CARBONE 'LUCKY' est LA V\u00c9RITABLE R\u00c9VOLUTION DANS LE SECTEUR DES TIGES DE TOIT.\",\"breadcrumb\":{\"@id\":\"https:\\\/\\\/khailconcept.com\\\/fr\\\/prodotto\\\/lucky-hail-rod\\\/#breadcrumb\"},\"inLanguage\":\"fr-FR\",\"potentialAction\":[{\"@type\":\"ReadAction\",\"target\":[\"https:\\\/\\\/khailconcept.com\\\/fr\\\/prodotto\\\/lucky-hail-rod\\\/\"]}]},{\"@type\":\"ImageObject\",\"inLanguage\":\"fr-FR\",\"@id\":\"https:\\\/\\\/khailconcept.com\\\/fr\\\/prodotto\\\/lucky-hail-rod\\\/#primaryimage\",\"url\":\"https:\\\/\\\/khailconcept.com\\\/wp-content\\\/uploads\\\/2025\\\/12\\\/Lucky-Hail-Rod.png\",\"contentUrl\":\"https:\\\/\\\/khailconcept.com\\\/wp-content\\\/uploads\\\/2025\\\/12\\\/Lucky-Hail-Rod.png\",\"width\":1500,\"height\":1500,\"caption\":\"Asta con custodia Lucky Hail Rod + Lucky Bullets\"},{\"@type\":\"BreadcrumbList\",\"@id\":\"https:\\\/\\\/khailconcept.com\\\/fr\\\/prodotto\\\/lucky-hail-rod\\\/#breadcrumb\",\"itemListElement\":[{\"@type\":\"ListItem\",\"position\":1,\"name\":\"Accueil\",\"item\":\"https:\\\/\\\/khailconcept.com\\\/fr\\\/accueil\\\/\"},{\"@type\":\"ListItem\",\"position\":2,\"name\":\"Boutique\",\"item\":\"https:\\\/\\\/khailconcept.com\\\/fr\\\/shop\\\/\"},{\"@type\":\"ListItem\",\"position\":3,\"name\":\"B\u00e2ton de gr\u00eale de Lucky + balles de Lucky\"}]},{\"@type\":\"WebSite\",\"@id\":\"https:\\\/\\\/khailconcept.com\\\/fr\\\/#website\",\"url\":\"https:\\\/\\\/khailconcept.com\\\/fr\\\/\",\"name\":\"KhailConcept\",\"description\":\"Strumenti per levabolli di design, realizzati con passione e determinazione.\",\"publisher\":{\"@id\":\"https:\\\/\\\/khailconcept.com\\\/fr\\\/#organization\"},\"potentialAction\":[{\"@type\":\"SearchAction\",\"target\":{\"@type\":\"EntryPoint\",\"urlTemplate\":\"https:\\\/\\\/khailconcept.com\\\/fr\\\/?s={search_term_string}\"},\"query-input\":{\"@type\":\"PropertyValueSpecification\",\"valueRequired\":true,\"valueName\":\"search_term_string\"}}],\"inLanguage\":\"fr-FR\"},{\"@type\":\"Organization\",\"@id\":\"https:\\\/\\\/khailconcept.com\\\/fr\\\/#organization\",\"name\":\"KhailConcept\",\"url\":\"https:\\\/\\\/khailconcept.com\\\/fr\\\/\",\"logo\":{\"@type\":\"ImageObject\",\"inLanguage\":\"fr-FR\",\"@id\":\"https:\\\/\\\/khailconcept.com\\\/fr\\\/#\\\/schema\\\/logo\\\/image\\\/\",\"url\":\"https:\\\/\\\/khailconcept.com\\\/wp-content\\\/uploads\\\/2025\\\/09\\\/KHAIL_logoscurosfondo-1.png\",\"contentUrl\":\"https:\\\/\\\/khailconcept.com\\\/wp-content\\\/uploads\\\/2025\\\/09\\\/KHAIL_logoscurosfondo-1.png\",\"width\":1080,\"height\":1080,\"caption\":\"KhailConcept\"},\"image\":{\"@id\":\"https:\\\/\\\/khailconcept.com\\\/fr\\\/#\\\/schema\\\/logo\\\/image\\\/\"}}]}<\/script>\n<!-- \/ Yoast SEO plugin. -->","yoast_head_json":{"title":"B\u00e2ton de gr\u00eale de Lucky + balles de Lucky - KhailConcept","description":"TIGE DE HAIL LUCKY + CASE DE BULLETS LUCKY GRATUITEMENT La TIGE DE CARBONE 'LUCKY' est LA V\u00c9RITABLE R\u00c9VOLUTION DANS LE SECTEUR DES TIGES DE TOIT.","robots":{"index":"index","follow":"follow","max-snippet":"max-snippet:-1","max-image-preview":"max-image-preview:large","max-video-preview":"max-video-preview:-1"},"canonical":"https:\/\/khailconcept.com\/fr\/prodotto\/lucky-hail-rod\/","og_locale":"fr_FR","og_type":"article","og_title":"B\u00e2ton de gr\u00eale de Lucky + balles de Lucky - KhailConcept","og_description":"TIGE DE HAIL LUCKY + CASE DE BULLETS LUCKY GRATUITEMENT La TIGE DE CARBONE 'LUCKY' est LA V\u00c9RITABLE R\u00c9VOLUTION DANS LE SECTEUR DES TIGES DE TOIT.","og_url":"https:\/\/khailconcept.com\/fr\/prodotto\/lucky-hail-rod\/","og_site_name":"KhailConcept","article_modified_time":"2026-03-22T16:53:13+00:00","og_image":[{"width":1500,"height":1500,"url":"https:\/\/khailconcept.com\/wp-content\/uploads\/2025\/12\/Lucky-Hail-Rod.png","type":"image\/png"}],"twitter_card":"summary_large_image","twitter_misc":{"Dur\u00e9e de lecture estim\u00e9e":"2 minutes"},"schema":{"@context":"https:\/\/schema.org","@graph":[{"@type":"WebPage","@id":"https:\/\/khailconcept.com\/fr\/prodotto\/lucky-hail-rod\/","url":"https:\/\/khailconcept.com\/fr\/prodotto\/lucky-hail-rod\/","name":"B\u00e2ton de gr\u00eale de Lucky + balles de Lucky - KhailConcept","isPartOf":{"@id":"https:\/\/khailconcept.com\/fr\/#website"},"primaryImageOfPage":{"@id":"https:\/\/khailconcept.com\/fr\/prodotto\/lucky-hail-rod\/#primaryimage"},"image":{"@id":"https:\/\/khailconcept.com\/fr\/prodotto\/lucky-hail-rod\/#primaryimage"},"thumbnailUrl":"https:\/\/khailconcept.com\/wp-content\/uploads\/2025\/12\/Lucky-Hail-Rod.png","datePublished":"2025-12-03T20:53:51+00:00","dateModified":"2026-03-22T16:53:13+00:00","description":"TIGE DE HAIL LUCKY + CASE DE BULLETS LUCKY GRATUITEMENT La TIGE DE CARBONE 'LUCKY' est LA V\u00c9RITABLE R\u00c9VOLUTION DANS LE SECTEUR DES TIGES DE TOIT.","breadcrumb":{"@id":"https:\/\/khailconcept.com\/fr\/prodotto\/lucky-hail-rod\/#breadcrumb"},"inLanguage":"fr-FR","potentialAction":[{"@type":"ReadAction","target":["https:\/\/khailconcept.com\/fr\/prodotto\/lucky-hail-rod\/"]}]},{"@type":"ImageObject","inLanguage":"fr-FR","@id":"https:\/\/khailconcept.com\/fr\/prodotto\/lucky-hail-rod\/#primaryimage","url":"https:\/\/khailconcept.com\/wp-content\/uploads\/2025\/12\/Lucky-Hail-Rod.png","contentUrl":"https:\/\/khailconcept.com\/wp-content\/uploads\/2025\/12\/Lucky-Hail-Rod.png","width":1500,"height":1500,"caption":"Asta con custodia Lucky Hail Rod + Lucky Bullets"},{"@type":"BreadcrumbList","@id":"https:\/\/khailconcept.com\/fr\/prodotto\/lucky-hail-rod\/#breadcrumb","itemListElement":[{"@type":"ListItem","position":1,"name":"Accueil","item":"https:\/\/khailconcept.com\/fr\/accueil\/"},{"@type":"ListItem","position":2,"name":"Boutique","item":"https:\/\/khailconcept.com\/fr\/shop\/"},{"@type":"ListItem","position":3,"name":"B\u00e2ton de gr\u00eale de Lucky + balles de Lucky"}]},{"@type":"WebSite","@id":"https:\/\/khailconcept.com\/fr\/#website","url":"https:\/\/khailconcept.com\/fr\/","name":"KhailConcept","description":"Strumenti per levabolli di design, realizzati con passione e determinazione.","publisher":{"@id":"https:\/\/khailconcept.com\/fr\/#organization"},"potentialAction":[{"@type":"SearchAction","target":{"@type":"EntryPoint","urlTemplate":"https:\/\/khailconcept.com\/fr\/?s={search_term_string}"},"query-input":{"@type":"PropertyValueSpecification","valueRequired":true,"valueName":"search_term_string"}}],"inLanguage":"fr-FR"},{"@type":"Organization","@id":"https:\/\/khailconcept.com\/fr\/#organization","name":"KhailConcept","url":"https:\/\/khailconcept.com\/fr\/","logo":{"@type":"ImageObject","inLanguage":"fr-FR","@id":"https:\/\/khailconcept.com\/fr\/#\/schema\/logo\/image\/","url":"https:\/\/khailconcept.com\/wp-content\/uploads\/2025\/09\/KHAIL_logoscurosfondo-1.png","contentUrl":"https:\/\/khailconcept.com\/wp-content\/uploads\/2025\/09\/KHAIL_logoscurosfondo-1.png","width":1080,"height":1080,"caption":"KhailConcept"},"image":{"@id":"https:\/\/khailconcept.com\/fr\/#\/schema\/logo\/image\/"}}]}},"_links":{"self":[{"href":"https:\/\/khailconcept.com\/fr\/wp-json\/wp\/v2\/product\/8881","targetHints":{"allow":["GET"]}}],"collection":[{"href":"https:\/\/khailconcept.com\/fr\/wp-json\/wp\/v2\/product"}],"about":[{"href":"https:\/\/khailconcept.com\/fr\/wp-json\/wp\/v2\/types\/product"}],"replies":[{"embeddable":true,"href":"https:\/\/khailconcept.com\/fr\/wp-json\/wp\/v2\/comments?post=8881"}],"wp:featuredmedia":[{"embeddable":true,"href":"https:\/\/khailconcept.com\/fr\/wp-json\/wp\/v2\/media\/9524"}],"wp:attachment":[{"href":"https:\/\/khailconcept.com\/fr\/wp-json\/wp\/v2\/media?parent=8881"}],"wp:term":[{"taxonomy":"product_brand","embeddable":true,"href":"https:\/\/khailconcept.com\/fr\/wp-json\/wp\/v2\/product_brand?post=8881"},{"taxonomy":"product_cat","embeddable":true,"href":"https:\/\/khailconcept.com\/fr\/wp-json\/wp\/v2\/product_cat?post=8881"},{"taxonomy":"product_tag","embeddable":true,"href":"https:\/\/khailconcept.com\/fr\/wp-json\/wp\/v2\/product_tag?post=8881"}],"curies":[{"name":"wp","href":"https:\/\/api.w.org\/{rel}","templated":true}]}}