{"id":9721,"date":"2026-05-09T15:15:05","date_gmt":"2026-05-09T13:15:05","guid":{"rendered":"https:\/\/khailconcept.com\/prodotto\/herramienta-a1-kit-de-palanca-empunadura\/"},"modified":"2026-05-09T16:10:54","modified_gmt":"2026-05-09T14:10:54","slug":"herramienta-a1-kit-de-palanca-empunadura","status":"publish","type":"product","link":"https:\/\/khailconcept.com\/es\/prodotto\/herramienta-a1-kit-de-palanca-empunadura\/","title":{"rendered":"Herramienta A1 Kit de palanca + empu\u00f1adura"},"content":{"rendered":"","protected":false},"excerpt":{"rendered":"<p>El kit incluye<br \/>\n&#8211; Mango ajustable A1Tool<br \/>\n&#8211; Inserto de travesa\u00f1o A1Tool<br \/>\n&#8211; Inserto de cola de ballena de 1 pulgada A1Tool<\/p>\n<p>Mango ajustable A1Tool<br \/>\nCaracter\u00edsticas:<br \/>\n-Rotaci\u00f3n 360\u00b0<br \/>\n-Peso 142 g<\/p>\n<p>Inserto de travesa\u00f1o A1Tool<br \/>\nCaracter\u00edsticas:<br \/>\nLongitud 32cm<br \/>\nDi\u00e1metro de la ca\u00f1a 7mm<\/p>\n<p>Inserto de cola de ballena 1 pulgada A1Tool<br \/>\nCaracter\u00edsticas:<br \/>\nLongitud 30cm<br \/>\nCabeza 1 pulgada<\/p>\n","protected":false},"featured_media":9722,"comment_status":"open","ping_status":"closed","template":"","meta":[],"product_brand":[],"product_cat":[120],"product_tag":[],"class_list":{"0":"post-9721","1":"product","2":"type-product","3":"status-publish","4":"has-post-thumbnail","6":"product_cat-asta-da-tetto","7":"product_shipping_class-misura-unica","9":"first","10":"instock","11":"taxable","12":"shipping-taxable","13":"purchasable","14":"product-type-simple"},"yoast_head":"<!-- This site is optimized with the Yoast SEO plugin v27.5 - https:\/\/yoast.com\/product\/yoast-seo-wordpress\/ -->\n<title>Herramienta A1 Kit de palanca + empu\u00f1adura - KhailConcept<\/title>\n<meta name=\"description\" content=\"A1 Tool Kit de palanca + empu\u00f1adura, compatible con la ca\u00f1a de carbono de alto m\u00f3dulo 3K LUCKY HAIL ROD\" \/>\n<meta name=\"robots\" content=\"index, follow, max-snippet:-1, max-image-preview:large, max-video-preview:-1\" \/>\n<link rel=\"canonical\" href=\"https:\/\/khailconcept.com\/es\/prodotto\/herramienta-a1-kit-de-palanca-empunadura\/\" \/>\n<meta property=\"og:locale\" content=\"es_ES\" \/>\n<meta property=\"og:type\" content=\"article\" \/>\n<meta property=\"og:title\" content=\"Herramienta A1 Kit de palanca + empu\u00f1adura - KhailConcept\" \/>\n<meta property=\"og:description\" content=\"A1 Tool Kit de palanca + empu\u00f1adura, compatible con la ca\u00f1a de carbono de alto m\u00f3dulo 3K LUCKY HAIL ROD\" \/>\n<meta property=\"og:url\" content=\"https:\/\/khailconcept.com\/es\/prodotto\/herramienta-a1-kit-de-palanca-empunadura\/\" \/>\n<meta property=\"og:site_name\" content=\"KhailConcept\" \/>\n<meta property=\"article:modified_time\" content=\"2026-05-09T14:10:54+00:00\" \/>\n<meta property=\"og:image\" content=\"https:\/\/khailconcept.com\/wp-content\/uploads\/2026\/05\/Copertina-Kit-leve-Manico-A1.png\" \/>\n\t<meta property=\"og:image:width\" content=\"1500\" \/>\n\t<meta property=\"og:image:height\" content=\"1500\" \/>\n\t<meta property=\"og:image:type\" content=\"image\/png\" \/>\n<meta name=\"twitter:card\" content=\"summary_large_image\" \/>\n<script type=\"application\/ld+json\" class=\"yoast-schema-graph\">{\"@context\":\"https:\\\/\\\/schema.org\",\"@graph\":[{\"@type\":\"WebPage\",\"@id\":\"https:\\\/\\\/khailconcept.com\\\/es\\\/prodotto\\\/herramienta-a1-kit-de-palanca-empunadura\\\/\",\"url\":\"https:\\\/\\\/khailconcept.com\\\/es\\\/prodotto\\\/herramienta-a1-kit-de-palanca-empunadura\\\/\",\"name\":\"Herramienta A1 Kit de palanca + empu\u00f1adura - KhailConcept\",\"isPartOf\":{\"@id\":\"https:\\\/\\\/khailconcept.com\\\/es\\\/#website\"},\"primaryImageOfPage\":{\"@id\":\"https:\\\/\\\/khailconcept.com\\\/es\\\/prodotto\\\/herramienta-a1-kit-de-palanca-empunadura\\\/#primaryimage\"},\"image\":{\"@id\":\"https:\\\/\\\/khailconcept.com\\\/es\\\/prodotto\\\/herramienta-a1-kit-de-palanca-empunadura\\\/#primaryimage\"},\"thumbnailUrl\":\"https:\\\/\\\/khailconcept.com\\\/wp-content\\\/uploads\\\/2026\\\/05\\\/Copertina-Kit-leve-Manico-A1.png\",\"datePublished\":\"2026-05-09T13:15:05+00:00\",\"dateModified\":\"2026-05-09T14:10:54+00:00\",\"description\":\"A1 Tool Kit de palanca + empu\u00f1adura, compatible con la ca\u00f1a de carbono de alto m\u00f3dulo 3K LUCKY HAIL ROD\",\"breadcrumb\":{\"@id\":\"https:\\\/\\\/khailconcept.com\\\/es\\\/prodotto\\\/herramienta-a1-kit-de-palanca-empunadura\\\/#breadcrumb\"},\"inLanguage\":\"es\",\"potentialAction\":[{\"@type\":\"ReadAction\",\"target\":[\"https:\\\/\\\/khailconcept.com\\\/es\\\/prodotto\\\/herramienta-a1-kit-de-palanca-empunadura\\\/\"]}]},{\"@type\":\"ImageObject\",\"inLanguage\":\"es\",\"@id\":\"https:\\\/\\\/khailconcept.com\\\/es\\\/prodotto\\\/herramienta-a1-kit-de-palanca-empunadura\\\/#primaryimage\",\"url\":\"https:\\\/\\\/khailconcept.com\\\/wp-content\\\/uploads\\\/2026\\\/05\\\/Copertina-Kit-leve-Manico-A1.png\",\"contentUrl\":\"https:\\\/\\\/khailconcept.com\\\/wp-content\\\/uploads\\\/2026\\\/05\\\/Copertina-Kit-leve-Manico-A1.png\",\"width\":1500,\"height\":1500,\"caption\":\"Kit Palanca Tapa + Asa A1\"},{\"@type\":\"BreadcrumbList\",\"@id\":\"https:\\\/\\\/khailconcept.com\\\/es\\\/prodotto\\\/herramienta-a1-kit-de-palanca-empunadura\\\/#breadcrumb\",\"itemListElement\":[{\"@type\":\"ListItem\",\"position\":1,\"name\":\"Inicio\",\"item\":\"https:\\\/\\\/khailconcept.com\\\/es\\\/inicio\\\/\"},{\"@type\":\"ListItem\",\"position\":2,\"name\":\"Tienda\",\"item\":\"https:\\\/\\\/khailconcept.com\\\/es\\\/shop\\\/\"},{\"@type\":\"ListItem\",\"position\":3,\"name\":\"Herramienta A1 Kit de palanca + empu\u00f1adura\"}]},{\"@type\":\"WebSite\",\"@id\":\"https:\\\/\\\/khailconcept.com\\\/es\\\/#website\",\"url\":\"https:\\\/\\\/khailconcept.com\\\/es\\\/\",\"name\":\"KhailConcept\",\"description\":\"Strumenti per levabolli di design, realizzati con passione e determinazione.\",\"publisher\":{\"@id\":\"https:\\\/\\\/khailconcept.com\\\/es\\\/#organization\"},\"potentialAction\":[{\"@type\":\"SearchAction\",\"target\":{\"@type\":\"EntryPoint\",\"urlTemplate\":\"https:\\\/\\\/khailconcept.com\\\/es\\\/?s={search_term_string}\"},\"query-input\":{\"@type\":\"PropertyValueSpecification\",\"valueRequired\":true,\"valueName\":\"search_term_string\"}}],\"inLanguage\":\"es\"},{\"@type\":\"Organization\",\"@id\":\"https:\\\/\\\/khailconcept.com\\\/es\\\/#organization\",\"name\":\"KhailConcept\",\"url\":\"https:\\\/\\\/khailconcept.com\\\/es\\\/\",\"logo\":{\"@type\":\"ImageObject\",\"inLanguage\":\"es\",\"@id\":\"https:\\\/\\\/khailconcept.com\\\/es\\\/#\\\/schema\\\/logo\\\/image\\\/\",\"url\":\"https:\\\/\\\/khailconcept.com\\\/wp-content\\\/uploads\\\/2025\\\/09\\\/KHAIL_logoscurosfondo-1.png\",\"contentUrl\":\"https:\\\/\\\/khailconcept.com\\\/wp-content\\\/uploads\\\/2025\\\/09\\\/KHAIL_logoscurosfondo-1.png\",\"width\":1080,\"height\":1080,\"caption\":\"KhailConcept\"},\"image\":{\"@id\":\"https:\\\/\\\/khailconcept.com\\\/es\\\/#\\\/schema\\\/logo\\\/image\\\/\"}}]}<\/script>\n<!-- \/ Yoast SEO plugin. -->","yoast_head_json":{"title":"Herramienta A1 Kit de palanca + empu\u00f1adura - KhailConcept","description":"A1 Tool Kit de palanca + empu\u00f1adura, compatible con la ca\u00f1a de carbono de alto m\u00f3dulo 3K LUCKY HAIL ROD","robots":{"index":"index","follow":"follow","max-snippet":"max-snippet:-1","max-image-preview":"max-image-preview:large","max-video-preview":"max-video-preview:-1"},"canonical":"https:\/\/khailconcept.com\/es\/prodotto\/herramienta-a1-kit-de-palanca-empunadura\/","og_locale":"es_ES","og_type":"article","og_title":"Herramienta A1 Kit de palanca + empu\u00f1adura - KhailConcept","og_description":"A1 Tool Kit de palanca + empu\u00f1adura, compatible con la ca\u00f1a de carbono de alto m\u00f3dulo 3K LUCKY HAIL ROD","og_url":"https:\/\/khailconcept.com\/es\/prodotto\/herramienta-a1-kit-de-palanca-empunadura\/","og_site_name":"KhailConcept","article_modified_time":"2026-05-09T14:10:54+00:00","og_image":[{"width":1500,"height":1500,"url":"https:\/\/khailconcept.com\/wp-content\/uploads\/2026\/05\/Copertina-Kit-leve-Manico-A1.png","type":"image\/png"}],"twitter_card":"summary_large_image","schema":{"@context":"https:\/\/schema.org","@graph":[{"@type":"WebPage","@id":"https:\/\/khailconcept.com\/es\/prodotto\/herramienta-a1-kit-de-palanca-empunadura\/","url":"https:\/\/khailconcept.com\/es\/prodotto\/herramienta-a1-kit-de-palanca-empunadura\/","name":"Herramienta A1 Kit de palanca + empu\u00f1adura - KhailConcept","isPartOf":{"@id":"https:\/\/khailconcept.com\/es\/#website"},"primaryImageOfPage":{"@id":"https:\/\/khailconcept.com\/es\/prodotto\/herramienta-a1-kit-de-palanca-empunadura\/#primaryimage"},"image":{"@id":"https:\/\/khailconcept.com\/es\/prodotto\/herramienta-a1-kit-de-palanca-empunadura\/#primaryimage"},"thumbnailUrl":"https:\/\/khailconcept.com\/wp-content\/uploads\/2026\/05\/Copertina-Kit-leve-Manico-A1.png","datePublished":"2026-05-09T13:15:05+00:00","dateModified":"2026-05-09T14:10:54+00:00","description":"A1 Tool Kit de palanca + empu\u00f1adura, compatible con la ca\u00f1a de carbono de alto m\u00f3dulo 3K LUCKY HAIL ROD","breadcrumb":{"@id":"https:\/\/khailconcept.com\/es\/prodotto\/herramienta-a1-kit-de-palanca-empunadura\/#breadcrumb"},"inLanguage":"es","potentialAction":[{"@type":"ReadAction","target":["https:\/\/khailconcept.com\/es\/prodotto\/herramienta-a1-kit-de-palanca-empunadura\/"]}]},{"@type":"ImageObject","inLanguage":"es","@id":"https:\/\/khailconcept.com\/es\/prodotto\/herramienta-a1-kit-de-palanca-empunadura\/#primaryimage","url":"https:\/\/khailconcept.com\/wp-content\/uploads\/2026\/05\/Copertina-Kit-leve-Manico-A1.png","contentUrl":"https:\/\/khailconcept.com\/wp-content\/uploads\/2026\/05\/Copertina-Kit-leve-Manico-A1.png","width":1500,"height":1500,"caption":"Kit Palanca Tapa + Asa A1"},{"@type":"BreadcrumbList","@id":"https:\/\/khailconcept.com\/es\/prodotto\/herramienta-a1-kit-de-palanca-empunadura\/#breadcrumb","itemListElement":[{"@type":"ListItem","position":1,"name":"Inicio","item":"https:\/\/khailconcept.com\/es\/inicio\/"},{"@type":"ListItem","position":2,"name":"Tienda","item":"https:\/\/khailconcept.com\/es\/shop\/"},{"@type":"ListItem","position":3,"name":"Herramienta A1 Kit de palanca + empu\u00f1adura"}]},{"@type":"WebSite","@id":"https:\/\/khailconcept.com\/es\/#website","url":"https:\/\/khailconcept.com\/es\/","name":"KhailConcept","description":"Strumenti per levabolli di design, realizzati con passione e determinazione.","publisher":{"@id":"https:\/\/khailconcept.com\/es\/#organization"},"potentialAction":[{"@type":"SearchAction","target":{"@type":"EntryPoint","urlTemplate":"https:\/\/khailconcept.com\/es\/?s={search_term_string}"},"query-input":{"@type":"PropertyValueSpecification","valueRequired":true,"valueName":"search_term_string"}}],"inLanguage":"es"},{"@type":"Organization","@id":"https:\/\/khailconcept.com\/es\/#organization","name":"KhailConcept","url":"https:\/\/khailconcept.com\/es\/","logo":{"@type":"ImageObject","inLanguage":"es","@id":"https:\/\/khailconcept.com\/es\/#\/schema\/logo\/image\/","url":"https:\/\/khailconcept.com\/wp-content\/uploads\/2025\/09\/KHAIL_logoscurosfondo-1.png","contentUrl":"https:\/\/khailconcept.com\/wp-content\/uploads\/2025\/09\/KHAIL_logoscurosfondo-1.png","width":1080,"height":1080,"caption":"KhailConcept"},"image":{"@id":"https:\/\/khailconcept.com\/es\/#\/schema\/logo\/image\/"}}]}},"_links":{"self":[{"href":"https:\/\/khailconcept.com\/es\/wp-json\/wp\/v2\/product\/9721","targetHints":{"allow":["GET"]}}],"collection":[{"href":"https:\/\/khailconcept.com\/es\/wp-json\/wp\/v2\/product"}],"about":[{"href":"https:\/\/khailconcept.com\/es\/wp-json\/wp\/v2\/types\/product"}],"replies":[{"embeddable":true,"href":"https:\/\/khailconcept.com\/es\/wp-json\/wp\/v2\/comments?post=9721"}],"wp:featuredmedia":[{"embeddable":true,"href":"https:\/\/khailconcept.com\/es\/wp-json\/wp\/v2\/media\/9722"}],"wp:attachment":[{"href":"https:\/\/khailconcept.com\/es\/wp-json\/wp\/v2\/media?parent=9721"}],"wp:term":[{"taxonomy":"product_brand","embeddable":true,"href":"https:\/\/khailconcept.com\/es\/wp-json\/wp\/v2\/product_brand?post=9721"},{"taxonomy":"product_cat","embeddable":true,"href":"https:\/\/khailconcept.com\/es\/wp-json\/wp\/v2\/product_cat?post=9721"},{"taxonomy":"product_tag","embeddable":true,"href":"https:\/\/khailconcept.com\/es\/wp-json\/wp\/v2\/product_tag?post=9721"}],"curies":[{"name":"wp","href":"https:\/\/api.w.org\/{rel}","templated":true}]}}