{"id":9677,"date":"2026-05-09T15:09:53","date_gmt":"2026-05-09T13:09:53","guid":{"rendered":"https:\/\/khailconcept.com\/prodotto\/extension-de-carbono-3k-lucky\/"},"modified":"2026-05-09T15:17:43","modified_gmt":"2026-05-09T13:17:43","slug":"extension-de-carbono-3k-lucky","status":"publish","type":"product","link":"https:\/\/khailconcept.com\/es\/prodotto\/extension-de-carbono-3k-lucky\/","title":{"rendered":"Extensi\u00f3n de carbono 3k Varilla de granizo de la suerte"},"content":{"rendered":"","protected":false},"excerpt":{"rendered":"<p>Compatible con la ca\u00f1a Lucky <\/p>\n<p>Caracter\u00edsticas:<br \/>\n-Carbono 3k grosor 4 mm<br \/>\n-Peso 370gr<br \/>\n-Longitud 50cm<\/p>\n","protected":false},"featured_media":9678,"comment_status":"open","ping_status":"closed","template":"","meta":[],"product_brand":[],"product_cat":[121],"product_tag":[],"class_list":{"0":"post-9677","1":"product","2":"type-product","3":"status-publish","4":"has-post-thumbnail","6":"product_cat-barra-de-techo","7":"product_shipping_class-misura-unica","9":"first","10":"instock","11":"taxable","12":"shipping-taxable","13":"purchasable","14":"product-type-simple"},"yoast_head":"<!-- This site is optimized with the Yoast SEO plugin v27.5 - https:\/\/yoast.com\/product\/yoast-seo-wordpress\/ -->\n<title>Extensi\u00f3n de carbono 3k Varilla de granizo de la suerte - KhailConcept<\/title>\n<meta name=\"description\" content=\"Extensi\u00f3n de varilla de carbono de alto m\u00f3dulo 3k de 4 mm de grosor, compatible con la varilla Lucky Hail, longitud 50 cm\" \/>\n<meta name=\"robots\" content=\"index, follow, max-snippet:-1, max-image-preview:large, max-video-preview:-1\" \/>\n<link rel=\"canonical\" href=\"https:\/\/khailconcept.com\/es\/prodotto\/extension-de-carbono-3k-lucky\/\" \/>\n<meta property=\"og:locale\" content=\"es_ES\" \/>\n<meta property=\"og:type\" content=\"article\" \/>\n<meta property=\"og:title\" content=\"Extensi\u00f3n de carbono 3k Varilla de granizo de la suerte - KhailConcept\" \/>\n<meta property=\"og:description\" content=\"Extensi\u00f3n de varilla de carbono de alto m\u00f3dulo 3k de 4 mm de grosor, compatible con la varilla Lucky Hail, longitud 50 cm\" \/>\n<meta property=\"og:url\" content=\"https:\/\/khailconcept.com\/es\/prodotto\/extension-de-carbono-3k-lucky\/\" \/>\n<meta property=\"og:site_name\" content=\"KhailConcept\" \/>\n<meta property=\"article:modified_time\" content=\"2026-05-09T13:17:43+00:00\" \/>\n<meta property=\"og:image\" content=\"https:\/\/khailconcept.com\/wp-content\/uploads\/2026\/05\/Copertina-prolunga.png\" \/>\n\t<meta property=\"og:image:width\" content=\"1500\" \/>\n\t<meta property=\"og:image:height\" content=\"1500\" \/>\n\t<meta property=\"og:image:type\" content=\"image\/png\" \/>\n<meta name=\"twitter:card\" content=\"summary_large_image\" \/>\n<script type=\"application\/ld+json\" class=\"yoast-schema-graph\">{\"@context\":\"https:\\\/\\\/schema.org\",\"@graph\":[{\"@type\":\"WebPage\",\"@id\":\"https:\\\/\\\/khailconcept.com\\\/es\\\/prodotto\\\/extension-de-carbono-3k-lucky\\\/\",\"url\":\"https:\\\/\\\/khailconcept.com\\\/es\\\/prodotto\\\/extension-de-carbono-3k-lucky\\\/\",\"name\":\"Extensi\u00f3n de carbono 3k Varilla de granizo de la suerte - KhailConcept\",\"isPartOf\":{\"@id\":\"https:\\\/\\\/khailconcept.com\\\/es\\\/#website\"},\"primaryImageOfPage\":{\"@id\":\"https:\\\/\\\/khailconcept.com\\\/es\\\/prodotto\\\/extension-de-carbono-3k-lucky\\\/#primaryimage\"},\"image\":{\"@id\":\"https:\\\/\\\/khailconcept.com\\\/es\\\/prodotto\\\/extension-de-carbono-3k-lucky\\\/#primaryimage\"},\"thumbnailUrl\":\"https:\\\/\\\/khailconcept.com\\\/wp-content\\\/uploads\\\/2026\\\/05\\\/Copertina-prolunga.png\",\"datePublished\":\"2026-05-09T13:09:53+00:00\",\"dateModified\":\"2026-05-09T13:17:43+00:00\",\"description\":\"Extensi\u00f3n de varilla de carbono de alto m\u00f3dulo 3k de 4 mm de grosor, compatible con la varilla Lucky Hail, longitud 50 cm\",\"breadcrumb\":{\"@id\":\"https:\\\/\\\/khailconcept.com\\\/es\\\/prodotto\\\/extension-de-carbono-3k-lucky\\\/#breadcrumb\"},\"inLanguage\":\"es\",\"potentialAction\":[{\"@type\":\"ReadAction\",\"target\":[\"https:\\\/\\\/khailconcept.com\\\/es\\\/prodotto\\\/extension-de-carbono-3k-lucky\\\/\"]}]},{\"@type\":\"ImageObject\",\"inLanguage\":\"es\",\"@id\":\"https:\\\/\\\/khailconcept.com\\\/es\\\/prodotto\\\/extension-de-carbono-3k-lucky\\\/#primaryimage\",\"url\":\"https:\\\/\\\/khailconcept.com\\\/wp-content\\\/uploads\\\/2026\\\/05\\\/Copertina-prolunga.png\",\"contentUrl\":\"https:\\\/\\\/khailconcept.com\\\/wp-content\\\/uploads\\\/2026\\\/05\\\/Copertina-prolunga.png\",\"width\":1500,\"height\":1500,\"caption\":\"Cubierta extensible de carbono 3k\"},{\"@type\":\"BreadcrumbList\",\"@id\":\"https:\\\/\\\/khailconcept.com\\\/es\\\/prodotto\\\/extension-de-carbono-3k-lucky\\\/#breadcrumb\",\"itemListElement\":[{\"@type\":\"ListItem\",\"position\":1,\"name\":\"Inicio\",\"item\":\"https:\\\/\\\/khailconcept.com\\\/es\\\/inicio\\\/\"},{\"@type\":\"ListItem\",\"position\":2,\"name\":\"Tienda\",\"item\":\"https:\\\/\\\/khailconcept.com\\\/es\\\/shop\\\/\"},{\"@type\":\"ListItem\",\"position\":3,\"name\":\"Extensi\u00f3n de carbono 3k Varilla de granizo de la suerte\"}]},{\"@type\":\"WebSite\",\"@id\":\"https:\\\/\\\/khailconcept.com\\\/es\\\/#website\",\"url\":\"https:\\\/\\\/khailconcept.com\\\/es\\\/\",\"name\":\"KhailConcept\",\"description\":\"Strumenti per levabolli di design, realizzati con passione e determinazione.\",\"publisher\":{\"@id\":\"https:\\\/\\\/khailconcept.com\\\/es\\\/#organization\"},\"potentialAction\":[{\"@type\":\"SearchAction\",\"target\":{\"@type\":\"EntryPoint\",\"urlTemplate\":\"https:\\\/\\\/khailconcept.com\\\/es\\\/?s={search_term_string}\"},\"query-input\":{\"@type\":\"PropertyValueSpecification\",\"valueRequired\":true,\"valueName\":\"search_term_string\"}}],\"inLanguage\":\"es\"},{\"@type\":\"Organization\",\"@id\":\"https:\\\/\\\/khailconcept.com\\\/es\\\/#organization\",\"name\":\"KhailConcept\",\"url\":\"https:\\\/\\\/khailconcept.com\\\/es\\\/\",\"logo\":{\"@type\":\"ImageObject\",\"inLanguage\":\"es\",\"@id\":\"https:\\\/\\\/khailconcept.com\\\/es\\\/#\\\/schema\\\/logo\\\/image\\\/\",\"url\":\"https:\\\/\\\/khailconcept.com\\\/wp-content\\\/uploads\\\/2025\\\/09\\\/KHAIL_logoscurosfondo-1.png\",\"contentUrl\":\"https:\\\/\\\/khailconcept.com\\\/wp-content\\\/uploads\\\/2025\\\/09\\\/KHAIL_logoscurosfondo-1.png\",\"width\":1080,\"height\":1080,\"caption\":\"KhailConcept\"},\"image\":{\"@id\":\"https:\\\/\\\/khailconcept.com\\\/es\\\/#\\\/schema\\\/logo\\\/image\\\/\"}}]}<\/script>\n<!-- \/ Yoast SEO plugin. -->","yoast_head_json":{"title":"Extensi\u00f3n de carbono 3k Varilla de granizo de la suerte - KhailConcept","description":"Extensi\u00f3n de varilla de carbono de alto m\u00f3dulo 3k de 4 mm de grosor, compatible con la varilla Lucky Hail, longitud 50 cm","robots":{"index":"index","follow":"follow","max-snippet":"max-snippet:-1","max-image-preview":"max-image-preview:large","max-video-preview":"max-video-preview:-1"},"canonical":"https:\/\/khailconcept.com\/es\/prodotto\/extension-de-carbono-3k-lucky\/","og_locale":"es_ES","og_type":"article","og_title":"Extensi\u00f3n de carbono 3k Varilla de granizo de la suerte - KhailConcept","og_description":"Extensi\u00f3n de varilla de carbono de alto m\u00f3dulo 3k de 4 mm de grosor, compatible con la varilla Lucky Hail, longitud 50 cm","og_url":"https:\/\/khailconcept.com\/es\/prodotto\/extension-de-carbono-3k-lucky\/","og_site_name":"KhailConcept","article_modified_time":"2026-05-09T13:17:43+00:00","og_image":[{"width":1500,"height":1500,"url":"https:\/\/khailconcept.com\/wp-content\/uploads\/2026\/05\/Copertina-prolunga.png","type":"image\/png"}],"twitter_card":"summary_large_image","schema":{"@context":"https:\/\/schema.org","@graph":[{"@type":"WebPage","@id":"https:\/\/khailconcept.com\/es\/prodotto\/extension-de-carbono-3k-lucky\/","url":"https:\/\/khailconcept.com\/es\/prodotto\/extension-de-carbono-3k-lucky\/","name":"Extensi\u00f3n de carbono 3k Varilla de granizo de la suerte - KhailConcept","isPartOf":{"@id":"https:\/\/khailconcept.com\/es\/#website"},"primaryImageOfPage":{"@id":"https:\/\/khailconcept.com\/es\/prodotto\/extension-de-carbono-3k-lucky\/#primaryimage"},"image":{"@id":"https:\/\/khailconcept.com\/es\/prodotto\/extension-de-carbono-3k-lucky\/#primaryimage"},"thumbnailUrl":"https:\/\/khailconcept.com\/wp-content\/uploads\/2026\/05\/Copertina-prolunga.png","datePublished":"2026-05-09T13:09:53+00:00","dateModified":"2026-05-09T13:17:43+00:00","description":"Extensi\u00f3n de varilla de carbono de alto m\u00f3dulo 3k de 4 mm de grosor, compatible con la varilla Lucky Hail, longitud 50 cm","breadcrumb":{"@id":"https:\/\/khailconcept.com\/es\/prodotto\/extension-de-carbono-3k-lucky\/#breadcrumb"},"inLanguage":"es","potentialAction":[{"@type":"ReadAction","target":["https:\/\/khailconcept.com\/es\/prodotto\/extension-de-carbono-3k-lucky\/"]}]},{"@type":"ImageObject","inLanguage":"es","@id":"https:\/\/khailconcept.com\/es\/prodotto\/extension-de-carbono-3k-lucky\/#primaryimage","url":"https:\/\/khailconcept.com\/wp-content\/uploads\/2026\/05\/Copertina-prolunga.png","contentUrl":"https:\/\/khailconcept.com\/wp-content\/uploads\/2026\/05\/Copertina-prolunga.png","width":1500,"height":1500,"caption":"Cubierta extensible de carbono 3k"},{"@type":"BreadcrumbList","@id":"https:\/\/khailconcept.com\/es\/prodotto\/extension-de-carbono-3k-lucky\/#breadcrumb","itemListElement":[{"@type":"ListItem","position":1,"name":"Inicio","item":"https:\/\/khailconcept.com\/es\/inicio\/"},{"@type":"ListItem","position":2,"name":"Tienda","item":"https:\/\/khailconcept.com\/es\/shop\/"},{"@type":"ListItem","position":3,"name":"Extensi\u00f3n de carbono 3k Varilla de granizo de la suerte"}]},{"@type":"WebSite","@id":"https:\/\/khailconcept.com\/es\/#website","url":"https:\/\/khailconcept.com\/es\/","name":"KhailConcept","description":"Strumenti per levabolli di design, realizzati con passione e determinazione.","publisher":{"@id":"https:\/\/khailconcept.com\/es\/#organization"},"potentialAction":[{"@type":"SearchAction","target":{"@type":"EntryPoint","urlTemplate":"https:\/\/khailconcept.com\/es\/?s={search_term_string}"},"query-input":{"@type":"PropertyValueSpecification","valueRequired":true,"valueName":"search_term_string"}}],"inLanguage":"es"},{"@type":"Organization","@id":"https:\/\/khailconcept.com\/es\/#organization","name":"KhailConcept","url":"https:\/\/khailconcept.com\/es\/","logo":{"@type":"ImageObject","inLanguage":"es","@id":"https:\/\/khailconcept.com\/es\/#\/schema\/logo\/image\/","url":"https:\/\/khailconcept.com\/wp-content\/uploads\/2025\/09\/KHAIL_logoscurosfondo-1.png","contentUrl":"https:\/\/khailconcept.com\/wp-content\/uploads\/2025\/09\/KHAIL_logoscurosfondo-1.png","width":1080,"height":1080,"caption":"KhailConcept"},"image":{"@id":"https:\/\/khailconcept.com\/es\/#\/schema\/logo\/image\/"}}]}},"_links":{"self":[{"href":"https:\/\/khailconcept.com\/es\/wp-json\/wp\/v2\/product\/9677","targetHints":{"allow":["GET"]}}],"collection":[{"href":"https:\/\/khailconcept.com\/es\/wp-json\/wp\/v2\/product"}],"about":[{"href":"https:\/\/khailconcept.com\/es\/wp-json\/wp\/v2\/types\/product"}],"replies":[{"embeddable":true,"href":"https:\/\/khailconcept.com\/es\/wp-json\/wp\/v2\/comments?post=9677"}],"wp:featuredmedia":[{"embeddable":true,"href":"https:\/\/khailconcept.com\/es\/wp-json\/wp\/v2\/media\/9678"}],"wp:attachment":[{"href":"https:\/\/khailconcept.com\/es\/wp-json\/wp\/v2\/media?parent=9677"}],"wp:term":[{"taxonomy":"product_brand","embeddable":true,"href":"https:\/\/khailconcept.com\/es\/wp-json\/wp\/v2\/product_brand?post=9677"},{"taxonomy":"product_cat","embeddable":true,"href":"https:\/\/khailconcept.com\/es\/wp-json\/wp\/v2\/product_cat?post=9677"},{"taxonomy":"product_tag","embeddable":true,"href":"https:\/\/khailconcept.com\/es\/wp-json\/wp\/v2\/product_tag?post=9677"}],"curies":[{"name":"wp","href":"https:\/\/api.w.org\/{rel}","templated":true}]}}