{"id":9550,"date":"2026-05-09T14:45:20","date_gmt":"2026-05-09T12:45:20","guid":{"rendered":"https:\/\/khailconcept.com\/prodotto\/media-vara-de-granizo-de-la-suerte\/"},"modified":"2026-05-09T14:45:45","modified_gmt":"2026-05-09T12:45:45","slug":"media-vara-de-granizo-de-la-suerte","status":"publish","type":"product","link":"https:\/\/khailconcept.com\/es\/prodotto\/media-vara-de-granizo-de-la-suerte\/","title":{"rendered":"Media vara de granizo de la suerte"},"content":{"rendered":"\n<p class=\"has-black-color has-text-color has-link-color wp-elements-8ebdaf3af4595ace546bcddad69b0dba\"><strong>A MEDIA VELOCIDAD<\/strong> <strong>LUCKY HAIL ROD<\/strong><\/p>\n\n<p><strong> <\/strong><\/p>\n\n<div class=\"wp-block-media-text is-stacked-on-mobile has-black-color has-text-color has-link-color wp-elements-945094e87cd892f0d21d77ceece79201\"><figure class=\"wp-block-media-text__media\"><img fetchpriority=\"high\" decoding=\"async\" width=\"1024\" height=\"768\" src=\"https:\/\/khailconcept.com\/wp-content\/uploads\/2025\/12\/16-1024x768.png\" alt=\"\" class=\"wp-image-8939 size-full\" srcset=\"https:\/\/khailconcept.com\/wp-content\/uploads\/2025\/12\/16-1024x768.png 1024w, https:\/\/khailconcept.com\/wp-content\/uploads\/2025\/12\/16-300x225.png 300w, https:\/\/khailconcept.com\/wp-content\/uploads\/2025\/12\/16-768x576.png 768w, https:\/\/khailconcept.com\/wp-content\/uploads\/2025\/12\/16-1536x1152.png 1536w, https:\/\/khailconcept.com\/wp-content\/uploads\/2025\/12\/16-2048x1536.png 2048w, https:\/\/khailconcept.com\/wp-content\/uploads\/2025\/12\/16-990x743.png 990w, https:\/\/khailconcept.com\/wp-content\/uploads\/2025\/12\/16-441x331.png 441w, https:\/\/khailconcept.com\/wp-content\/uploads\/2025\/12\/16-800x600.png 800w, https:\/\/khailconcept.com\/wp-content\/uploads\/2025\/12\/16-150x113.png 150w\" sizes=\"(max-width: 1024px) 100vw, 1024px\" \/><\/figure><div class=\"wp-block-media-text__content\">\n<p>lA MEZZA ASTA IN CARBONIO \u201cLUCKY\u201d\u00a0 \u00c8 LA VERA RIVOLUZIONE NEL SEGMENTO ASTE DA TETTO.<br\/>ISPIRATA AL GANGSTER ITALOAMERICANO \u201cLUCKY LUCIANO\u201d.<br\/>COMPLETAMENTE MODULABILE CON SISTEMA DI SGANCIO RAPIDO ED INSERTO ANTI ROTAZIONE.<br\/>OGNI COMPONENTE DI QUESTA ASTA SI ASSEMBLA E SI SMONTA CON UN SEMPLICE MOVIMENTO.<br\/>CON I SUOI 134CM \/ 52 INCH DI LUNGHEZZA\u00a0 E LO SPESSORE DI OLTRE 4 MM \/ 3\/16 INCH IN FIBRA DI CARBONIO ULTRA RESISTENTE<br\/>SI PRENDE DI DIRITTO IL PODIO COME ASTA MIGLIORE AL MONDO.<\/p>\n\n\n\n<p><\/p>\n<\/div><\/div>\n\n<hr class=\"wp-block-separator has-alpha-channel-opacity\"\/>\n<h2 class=\"has-link-color wp-elements-19c43d4948cf522f1245508ca23b2abe wp-block-post-title has-text-color has-black-color\">Media vara de granizo de la suerte<\/h2>\n<figure class=\"wp-block-table\"><table class=\"has-black-color has-text-color has-link-color has-fixed-layout\"><tbody><tr><td>Material<\/td><td>CARBONO 3K + ALTO M\u00d3DULO<\/td><\/tr><tr><td>Longitud total incluida la empu\u00f1adura<\/td><td>134 CM \/ 52 PULGADAS<\/td><\/tr><\/tbody><\/table><\/figure>\n\n<h2 class=\"wp-block-heading has-black-color has-text-color has-link-color wp-elements-e470c93769069fa42ae5f5b6163f69dc\">Componentes<\/h2>\n\n<figure class=\"wp-block-table\"><table class=\"has-black-color has-text-color has-link-color has-fixed-layout\"><tbody><tr><td>ASTA<\/td><td>110CM<\/td><\/tr><tr><td>MANGO<\/td><td>20CM<\/td><\/tr><tr><td>CABEZA<\/td><td>4CM<\/td><\/tr><tr><td>CABEZA CON 4 ORIFICIOS, 2 DE ELLOS INCLINADOS DE PASO IMPERIAL<\/td><td>5\/16 18<\/td><\/tr><\/tbody><\/table><\/figure>\n\n<p class=\"has-black-color has-text-color has-link-color wp-elements-9ac00cf961d1ea846fe5a532228b76c6\"><\/p>\n\n<p class=\"has-black-color has-text-color has-link-color wp-elements-9ac00cf961d1ea846fe5a532228b76c6\"><\/p>\n","protected":false},"excerpt":{"rendered":"<p>A MEDIA VELOCIDAD LUCKY HAIL ROD lA MEZZA ASTA IN CARBONIO \u201cLUCKY\u201d\u00a0 \u00c8 LA VERA RIVOLUZIONE NEL SEGMENTO ASTE DA TETTO.ISPIRATA AL GANGSTER ITALOAMERICANO \u201cLUCKY LUCIANO\u201d.COMPLETAMENTE MODULABILE CON SISTEMA DI SGANCIO RAPIDO ED INSERTO ANTI ROTAZIONE.OGNI COMPONENTE DI QUESTA ASTA SI ASSEMBLA E SI SMONTA CON UN SEMPLICE MOVIMENTO.CON I SUOI 134CM \/ 52 INCH [&hellip;]<\/p>\n","protected":false},"featured_media":9551,"comment_status":"open","ping_status":"closed","template":"","meta":[],"product_brand":[],"product_cat":[121],"product_tag":[],"class_list":{"0":"post-9550","1":"product","2":"type-product","3":"status-publish","4":"has-post-thumbnail","6":"product_cat-barra-de-techo","7":"product_shipping_class-lampade","9":"first","10":"instock","11":"taxable","12":"shipping-taxable","13":"purchasable","14":"product-type-simple"},"yoast_head":"<!-- This site is optimized with the Yoast SEO plugin v27.5 - https:\/\/yoast.com\/product\/yoast-seo-wordpress\/ -->\n<title>Media vara de granizo de la suerte - KhailConcept<\/title>\n<meta name=\"description\" content=\"LA MEDIA P\u00c9RTIGA DE LA SUERTE, ES LA AUT\u00c9NTICA REVOLUCI\u00d3N EN EL SEGMENTO DE LAS P\u00c9RTIGAS DE TEJADO.\" \/>\n<meta name=\"robots\" content=\"index, follow, max-snippet:-1, max-image-preview:large, max-video-preview:-1\" \/>\n<link rel=\"canonical\" href=\"https:\/\/khailconcept.com\/es\/prodotto\/media-vara-de-granizo-de-la-suerte\/\" \/>\n<meta property=\"og:locale\" content=\"es_ES\" \/>\n<meta property=\"og:type\" content=\"article\" \/>\n<meta property=\"og:title\" content=\"Media vara de granizo de la suerte - KhailConcept\" \/>\n<meta property=\"og:description\" content=\"LA MEDIA P\u00c9RTIGA DE LA SUERTE, ES LA AUT\u00c9NTICA REVOLUCI\u00d3N EN EL SEGMENTO DE LAS P\u00c9RTIGAS DE TEJADO.\" \/>\n<meta property=\"og:url\" content=\"https:\/\/khailconcept.com\/es\/prodotto\/media-vara-de-granizo-de-la-suerte\/\" \/>\n<meta property=\"og:site_name\" content=\"KhailConcept\" \/>\n<meta property=\"article:modified_time\" content=\"2026-05-09T12:45:45+00:00\" \/>\n<meta property=\"og:image\" content=\"https:\/\/khailconcept.com\/wp-content\/uploads\/2026\/05\/Copertina-mezza-asta.png\" \/>\n\t<meta property=\"og:image:width\" content=\"1500\" \/>\n\t<meta property=\"og:image:height\" content=\"1500\" \/>\n\t<meta property=\"og:image:type\" content=\"image\/png\" \/>\n<meta name=\"twitter:card\" content=\"summary_large_image\" \/>\n<meta name=\"twitter:label1\" content=\"Tiempo de lectura\" \/>\n\t<meta name=\"twitter:data1\" content=\"1 minuto\" \/>\n<script type=\"application\/ld+json\" class=\"yoast-schema-graph\">{\"@context\":\"https:\\\/\\\/schema.org\",\"@graph\":[{\"@type\":\"WebPage\",\"@id\":\"https:\\\/\\\/khailconcept.com\\\/es\\\/prodotto\\\/media-vara-de-granizo-de-la-suerte\\\/\",\"url\":\"https:\\\/\\\/khailconcept.com\\\/es\\\/prodotto\\\/media-vara-de-granizo-de-la-suerte\\\/\",\"name\":\"Media vara de granizo de la suerte - KhailConcept\",\"isPartOf\":{\"@id\":\"https:\\\/\\\/khailconcept.com\\\/es\\\/#website\"},\"primaryImageOfPage\":{\"@id\":\"https:\\\/\\\/khailconcept.com\\\/es\\\/prodotto\\\/media-vara-de-granizo-de-la-suerte\\\/#primaryimage\"},\"image\":{\"@id\":\"https:\\\/\\\/khailconcept.com\\\/es\\\/prodotto\\\/media-vara-de-granizo-de-la-suerte\\\/#primaryimage\"},\"thumbnailUrl\":\"https:\\\/\\\/khailconcept.com\\\/wp-content\\\/uploads\\\/2026\\\/05\\\/Copertina-mezza-asta.png\",\"datePublished\":\"2026-05-09T12:45:20+00:00\",\"dateModified\":\"2026-05-09T12:45:45+00:00\",\"description\":\"LA MEDIA P\u00c9RTIGA DE LA SUERTE, ES LA AUT\u00c9NTICA REVOLUCI\u00d3N EN EL SEGMENTO DE LAS P\u00c9RTIGAS DE TEJADO.\",\"breadcrumb\":{\"@id\":\"https:\\\/\\\/khailconcept.com\\\/es\\\/prodotto\\\/media-vara-de-granizo-de-la-suerte\\\/#breadcrumb\"},\"inLanguage\":\"es\",\"potentialAction\":[{\"@type\":\"ReadAction\",\"target\":[\"https:\\\/\\\/khailconcept.com\\\/es\\\/prodotto\\\/media-vara-de-granizo-de-la-suerte\\\/\"]}]},{\"@type\":\"ImageObject\",\"inLanguage\":\"es\",\"@id\":\"https:\\\/\\\/khailconcept.com\\\/es\\\/prodotto\\\/media-vara-de-granizo-de-la-suerte\\\/#primaryimage\",\"url\":\"https:\\\/\\\/khailconcept.com\\\/wp-content\\\/uploads\\\/2026\\\/05\\\/Copertina-mezza-asta.png\",\"contentUrl\":\"https:\\\/\\\/khailconcept.com\\\/wp-content\\\/uploads\\\/2026\\\/05\\\/Copertina-mezza-asta.png\",\"width\":1500,\"height\":1500,\"caption\":\"Media tapa de Lucky Hail Rod\"},{\"@type\":\"BreadcrumbList\",\"@id\":\"https:\\\/\\\/khailconcept.com\\\/es\\\/prodotto\\\/media-vara-de-granizo-de-la-suerte\\\/#breadcrumb\",\"itemListElement\":[{\"@type\":\"ListItem\",\"position\":1,\"name\":\"Inicio\",\"item\":\"https:\\\/\\\/khailconcept.com\\\/es\\\/inicio\\\/\"},{\"@type\":\"ListItem\",\"position\":2,\"name\":\"Tienda\",\"item\":\"https:\\\/\\\/khailconcept.com\\\/es\\\/shop\\\/\"},{\"@type\":\"ListItem\",\"position\":3,\"name\":\"Media vara de granizo de la suerte\"}]},{\"@type\":\"WebSite\",\"@id\":\"https:\\\/\\\/khailconcept.com\\\/es\\\/#website\",\"url\":\"https:\\\/\\\/khailconcept.com\\\/es\\\/\",\"name\":\"KhailConcept\",\"description\":\"Strumenti per levabolli di design, realizzati con passione e determinazione.\",\"publisher\":{\"@id\":\"https:\\\/\\\/khailconcept.com\\\/es\\\/#organization\"},\"potentialAction\":[{\"@type\":\"SearchAction\",\"target\":{\"@type\":\"EntryPoint\",\"urlTemplate\":\"https:\\\/\\\/khailconcept.com\\\/es\\\/?s={search_term_string}\"},\"query-input\":{\"@type\":\"PropertyValueSpecification\",\"valueRequired\":true,\"valueName\":\"search_term_string\"}}],\"inLanguage\":\"es\"},{\"@type\":\"Organization\",\"@id\":\"https:\\\/\\\/khailconcept.com\\\/es\\\/#organization\",\"name\":\"KhailConcept\",\"url\":\"https:\\\/\\\/khailconcept.com\\\/es\\\/\",\"logo\":{\"@type\":\"ImageObject\",\"inLanguage\":\"es\",\"@id\":\"https:\\\/\\\/khailconcept.com\\\/es\\\/#\\\/schema\\\/logo\\\/image\\\/\",\"url\":\"https:\\\/\\\/khailconcept.com\\\/wp-content\\\/uploads\\\/2025\\\/09\\\/KHAIL_logoscurosfondo-1.png\",\"contentUrl\":\"https:\\\/\\\/khailconcept.com\\\/wp-content\\\/uploads\\\/2025\\\/09\\\/KHAIL_logoscurosfondo-1.png\",\"width\":1080,\"height\":1080,\"caption\":\"KhailConcept\"},\"image\":{\"@id\":\"https:\\\/\\\/khailconcept.com\\\/es\\\/#\\\/schema\\\/logo\\\/image\\\/\"}}]}<\/script>\n<!-- \/ Yoast SEO plugin. -->","yoast_head_json":{"title":"Media vara de granizo de la suerte - KhailConcept","description":"LA MEDIA P\u00c9RTIGA DE LA SUERTE, ES LA AUT\u00c9NTICA REVOLUCI\u00d3N EN EL SEGMENTO DE LAS P\u00c9RTIGAS DE TEJADO.","robots":{"index":"index","follow":"follow","max-snippet":"max-snippet:-1","max-image-preview":"max-image-preview:large","max-video-preview":"max-video-preview:-1"},"canonical":"https:\/\/khailconcept.com\/es\/prodotto\/media-vara-de-granizo-de-la-suerte\/","og_locale":"es_ES","og_type":"article","og_title":"Media vara de granizo de la suerte - KhailConcept","og_description":"LA MEDIA P\u00c9RTIGA DE LA SUERTE, ES LA AUT\u00c9NTICA REVOLUCI\u00d3N EN EL SEGMENTO DE LAS P\u00c9RTIGAS DE TEJADO.","og_url":"https:\/\/khailconcept.com\/es\/prodotto\/media-vara-de-granizo-de-la-suerte\/","og_site_name":"KhailConcept","article_modified_time":"2026-05-09T12:45:45+00:00","og_image":[{"width":1500,"height":1500,"url":"https:\/\/khailconcept.com\/wp-content\/uploads\/2026\/05\/Copertina-mezza-asta.png","type":"image\/png"}],"twitter_card":"summary_large_image","twitter_misc":{"Tiempo de lectura":"1 minuto"},"schema":{"@context":"https:\/\/schema.org","@graph":[{"@type":"WebPage","@id":"https:\/\/khailconcept.com\/es\/prodotto\/media-vara-de-granizo-de-la-suerte\/","url":"https:\/\/khailconcept.com\/es\/prodotto\/media-vara-de-granizo-de-la-suerte\/","name":"Media vara de granizo de la suerte - KhailConcept","isPartOf":{"@id":"https:\/\/khailconcept.com\/es\/#website"},"primaryImageOfPage":{"@id":"https:\/\/khailconcept.com\/es\/prodotto\/media-vara-de-granizo-de-la-suerte\/#primaryimage"},"image":{"@id":"https:\/\/khailconcept.com\/es\/prodotto\/media-vara-de-granizo-de-la-suerte\/#primaryimage"},"thumbnailUrl":"https:\/\/khailconcept.com\/wp-content\/uploads\/2026\/05\/Copertina-mezza-asta.png","datePublished":"2026-05-09T12:45:20+00:00","dateModified":"2026-05-09T12:45:45+00:00","description":"LA MEDIA P\u00c9RTIGA DE LA SUERTE, ES LA AUT\u00c9NTICA REVOLUCI\u00d3N EN EL SEGMENTO DE LAS P\u00c9RTIGAS DE TEJADO.","breadcrumb":{"@id":"https:\/\/khailconcept.com\/es\/prodotto\/media-vara-de-granizo-de-la-suerte\/#breadcrumb"},"inLanguage":"es","potentialAction":[{"@type":"ReadAction","target":["https:\/\/khailconcept.com\/es\/prodotto\/media-vara-de-granizo-de-la-suerte\/"]}]},{"@type":"ImageObject","inLanguage":"es","@id":"https:\/\/khailconcept.com\/es\/prodotto\/media-vara-de-granizo-de-la-suerte\/#primaryimage","url":"https:\/\/khailconcept.com\/wp-content\/uploads\/2026\/05\/Copertina-mezza-asta.png","contentUrl":"https:\/\/khailconcept.com\/wp-content\/uploads\/2026\/05\/Copertina-mezza-asta.png","width":1500,"height":1500,"caption":"Media tapa de Lucky Hail Rod"},{"@type":"BreadcrumbList","@id":"https:\/\/khailconcept.com\/es\/prodotto\/media-vara-de-granizo-de-la-suerte\/#breadcrumb","itemListElement":[{"@type":"ListItem","position":1,"name":"Inicio","item":"https:\/\/khailconcept.com\/es\/inicio\/"},{"@type":"ListItem","position":2,"name":"Tienda","item":"https:\/\/khailconcept.com\/es\/shop\/"},{"@type":"ListItem","position":3,"name":"Media vara de granizo de la suerte"}]},{"@type":"WebSite","@id":"https:\/\/khailconcept.com\/es\/#website","url":"https:\/\/khailconcept.com\/es\/","name":"KhailConcept","description":"Strumenti per levabolli di design, realizzati con passione e determinazione.","publisher":{"@id":"https:\/\/khailconcept.com\/es\/#organization"},"potentialAction":[{"@type":"SearchAction","target":{"@type":"EntryPoint","urlTemplate":"https:\/\/khailconcept.com\/es\/?s={search_term_string}"},"query-input":{"@type":"PropertyValueSpecification","valueRequired":true,"valueName":"search_term_string"}}],"inLanguage":"es"},{"@type":"Organization","@id":"https:\/\/khailconcept.com\/es\/#organization","name":"KhailConcept","url":"https:\/\/khailconcept.com\/es\/","logo":{"@type":"ImageObject","inLanguage":"es","@id":"https:\/\/khailconcept.com\/es\/#\/schema\/logo\/image\/","url":"https:\/\/khailconcept.com\/wp-content\/uploads\/2025\/09\/KHAIL_logoscurosfondo-1.png","contentUrl":"https:\/\/khailconcept.com\/wp-content\/uploads\/2025\/09\/KHAIL_logoscurosfondo-1.png","width":1080,"height":1080,"caption":"KhailConcept"},"image":{"@id":"https:\/\/khailconcept.com\/es\/#\/schema\/logo\/image\/"}}]}},"_links":{"self":[{"href":"https:\/\/khailconcept.com\/es\/wp-json\/wp\/v2\/product\/9550","targetHints":{"allow":["GET"]}}],"collection":[{"href":"https:\/\/khailconcept.com\/es\/wp-json\/wp\/v2\/product"}],"about":[{"href":"https:\/\/khailconcept.com\/es\/wp-json\/wp\/v2\/types\/product"}],"replies":[{"embeddable":true,"href":"https:\/\/khailconcept.com\/es\/wp-json\/wp\/v2\/comments?post=9550"}],"wp:featuredmedia":[{"embeddable":true,"href":"https:\/\/khailconcept.com\/es\/wp-json\/wp\/v2\/media\/9551"}],"wp:attachment":[{"href":"https:\/\/khailconcept.com\/es\/wp-json\/wp\/v2\/media?parent=9550"}],"wp:term":[{"taxonomy":"product_brand","embeddable":true,"href":"https:\/\/khailconcept.com\/es\/wp-json\/wp\/v2\/product_brand?post=9550"},{"taxonomy":"product_cat","embeddable":true,"href":"https:\/\/khailconcept.com\/es\/wp-json\/wp\/v2\/product_cat?post=9550"},{"taxonomy":"product_tag","embeddable":true,"href":"https:\/\/khailconcept.com\/es\/wp-json\/wp\/v2\/product_tag?post=9550"}],"curies":[{"name":"wp","href":"https:\/\/api.w.org\/{rel}","templated":true}]}}