{"id":9249,"date":"2025-12-13T11:54:46","date_gmt":"2025-12-13T10:54:46","guid":{"rendered":"https:\/\/khailconcept.com\/prodotto\/dillinger\/"},"modified":"2026-03-22T17:55:36","modified_gmt":"2026-03-22T16:55:36","slug":"dillinger","status":"publish","type":"product","link":"https:\/\/khailconcept.com\/es\/prodotto\/dillinger\/","title":{"rendered":"Dillinger"},"content":{"rendered":"\n<h2 class=\"wp-block-heading has-black-color has-text-color has-link-color wp-elements-d5441b333d9f6886c666415c62aa4b32\">Dillinger \u2013 Martillo deslizante de cola fr\u00eda<\/h2>\n\n<div class=\"wp-block-media-text is-stacked-on-mobile has-black-color has-text-color has-link-color wp-elements-e35655e8a7422a71ff23cce95fb43fe6\" style=\"grid-template-columns:31% auto\"><figure class=\"wp-block-media-text__media\"><img fetchpriority=\"high\" decoding=\"async\" width=\"768\" height=\"1024\" src=\"https:\/\/khailconcept.com\/wp-content\/uploads\/2025\/12\/1ecbeea5-5417-4105-8a62-3352411392f2-768x1024.jpg\" alt=\"\" class=\"wp-image-9392 size-full\" srcset=\"https:\/\/khailconcept.com\/wp-content\/uploads\/2025\/12\/1ecbeea5-5417-4105-8a62-3352411392f2-768x1024.jpg 768w, https:\/\/khailconcept.com\/wp-content\/uploads\/2025\/12\/1ecbeea5-5417-4105-8a62-3352411392f2-225x300.jpg 225w, https:\/\/khailconcept.com\/wp-content\/uploads\/2025\/12\/1ecbeea5-5417-4105-8a62-3352411392f2-1152x1536.jpg 1152w, https:\/\/khailconcept.com\/wp-content\/uploads\/2025\/12\/1ecbeea5-5417-4105-8a62-3352411392f2-1536x2048.jpg 1536w, https:\/\/khailconcept.com\/wp-content\/uploads\/2025\/12\/1ecbeea5-5417-4105-8a62-3352411392f2-990x1320.jpg 990w, https:\/\/khailconcept.com\/wp-content\/uploads\/2025\/12\/1ecbeea5-5417-4105-8a62-3352411392f2-441x588.jpg 441w, https:\/\/khailconcept.com\/wp-content\/uploads\/2025\/12\/1ecbeea5-5417-4105-8a62-3352411392f2-300x400.jpg 300w, https:\/\/khailconcept.com\/wp-content\/uploads\/2025\/12\/1ecbeea5-5417-4105-8a62-3352411392f2-800x1067.jpg 800w, https:\/\/khailconcept.com\/wp-content\/uploads\/2025\/12\/1ecbeea5-5417-4105-8a62-3352411392f2-150x200.jpg 150w, https:\/\/khailconcept.com\/wp-content\/uploads\/2025\/12\/1ecbeea5-5417-4105-8a62-3352411392f2-scaled.jpg 1920w\" sizes=\"(max-width: 768px) 100vw, 768px\" \/><\/figure><div class=\"wp-block-media-text__content\">\n<p><strong>El concepto<\/strong><\/p>\n\n\n\n<p><strong>Calidad, Innovaci\u00f3n, Dise\u00f1o.<\/strong>  Fabricado con materiales de primera calidad y tecnolog\u00eda punta, Dillinger es la soluci\u00f3n definitiva para quienes buscan un producto duradero y de alto rendimiento.<\/p>\n<\/div><\/div>\n\n<div class=\"wp-block-media-text has-media-on-the-right is-stacked-on-mobile has-black-color has-text-color has-link-color wp-elements-a84b9bec0e0c2fc6be3a82846814bb2c\" style=\"grid-template-columns:auto 34%\"><div class=\"wp-block-media-text__content\">\n<p><\/p>\n\n\n\n<p>Martillo deslizante con movimiento retr\u00e1ctil, dotado de muelle con newtons perfectamente calibrados.<\/p>\n\n\n\n<p>El sistema de cojinetes lineales permite un deslizamiento perfecto sobre el v\u00e1stago de acero al carbono con revestimiento de cromo duro.<\/p>\n\n\n\n<p>El sistema magn\u00e9tico situado en la parte inferior del extractor permite un cierre instant\u00e1neo en cada tirada, totalmente calibrado para no crear oposici\u00f3n en el momento de tirar.<\/p>\n\n\n\n<p>Este extractor se cre\u00f3 con la intenci\u00f3n de combinar funcionalidad, durabilidad y belleza.<\/p>\n\n\n\n<p>Una mezcla de excelencia, empezando por los materiales y el cuerpo de lat\u00f3n con el mango ergon\u00f3mico de haya, permiten al t\u00e9cnico PDR operar con facilidad.<\/p>\n\n\n\n<p>DILLINGER contin\u00faa la saga de personajes que KRIMINAL HAIL CONCEPT narra para cada objeto que saca al mercado.<\/p>\n<\/div><figure class=\"wp-block-media-text__media\"><img decoding=\"async\" width=\"768\" height=\"1024\" src=\"https:\/\/khailconcept.com\/wp-content\/uploads\/2025\/12\/c9b9693e-04f3-4a48-adab-848d67367c72-768x1024.jpg\" alt=\"\" class=\"wp-image-9394 size-full\" srcset=\"https:\/\/khailconcept.com\/wp-content\/uploads\/2025\/12\/c9b9693e-04f3-4a48-adab-848d67367c72-768x1024.jpg 768w, https:\/\/khailconcept.com\/wp-content\/uploads\/2025\/12\/c9b9693e-04f3-4a48-adab-848d67367c72-225x300.jpg 225w, https:\/\/khailconcept.com\/wp-content\/uploads\/2025\/12\/c9b9693e-04f3-4a48-adab-848d67367c72-1152x1536.jpg 1152w, https:\/\/khailconcept.com\/wp-content\/uploads\/2025\/12\/c9b9693e-04f3-4a48-adab-848d67367c72-1536x2048.jpg 1536w, https:\/\/khailconcept.com\/wp-content\/uploads\/2025\/12\/c9b9693e-04f3-4a48-adab-848d67367c72-990x1320.jpg 990w, https:\/\/khailconcept.com\/wp-content\/uploads\/2025\/12\/c9b9693e-04f3-4a48-adab-848d67367c72-441x588.jpg 441w, https:\/\/khailconcept.com\/wp-content\/uploads\/2025\/12\/c9b9693e-04f3-4a48-adab-848d67367c72-300x400.jpg 300w, https:\/\/khailconcept.com\/wp-content\/uploads\/2025\/12\/c9b9693e-04f3-4a48-adab-848d67367c72-800x1067.jpg 800w, https:\/\/khailconcept.com\/wp-content\/uploads\/2025\/12\/c9b9693e-04f3-4a48-adab-848d67367c72-150x200.jpg 150w, https:\/\/khailconcept.com\/wp-content\/uploads\/2025\/12\/c9b9693e-04f3-4a48-adab-848d67367c72-scaled.jpg 1920w\" sizes=\"(max-width: 768px) 100vw, 768px\" \/><\/figure><\/div>\n\n<h2 class=\"wp-block-heading has-black-color has-text-color has-link-color wp-elements-6ae6bfe859a45f93d1551296a44cc55c\">Especificaciones t\u00e9cnicas<\/h2>\n\n<figure class=\"wp-block-table\"><table class=\"has-black-color has-text-color has-link-color has-fixed-layout\"><tbody><tr><td>PESO<\/td><td>750gr<\/td><\/tr><tr><td>LONGITUD<\/td><td>26CM<\/td><\/tr><tr><td>VENTOSAS SUMINISTRADAS<\/td><td>13mm \/ 17mm \/ 23mm con paso m6<\/td><\/tr><\/tbody><\/table><\/figure>\n\n<p class=\"has-black-color has-text-color has-link-color wp-elements-9ac00cf961d1ea846fe5a532228b76c6\"><\/p>\n\n<p><\/p>\n","protected":false},"excerpt":{"rendered":"<p>Dillinger \u2013 Martillo deslizante de cola fr\u00eda El concepto Calidad, Innovaci\u00f3n, Dise\u00f1o. Fabricado con materiales de primera calidad y tecnolog\u00eda punta, Dillinger es la soluci\u00f3n definitiva para quienes buscan un producto duradero y de alto rendimiento. Martillo deslizante con movimiento retr\u00e1ctil, dotado de muelle con newtons perfectamente calibrados. El sistema de cojinetes lineales permite un [&hellip;]<\/p>\n","protected":false},"featured_media":9252,"comment_status":"open","ping_status":"closed","template":"","meta":[],"product_brand":[],"product_cat":[140],"product_tag":[],"class_list":{"0":"post-9249","1":"product","2":"type-product","3":"status-publish","4":"has-post-thumbnail","6":"product_cat-extractores","7":"product_shipping_class-misura-unica","9":"first","10":"instock","11":"taxable","12":"shipping-taxable","13":"purchasable","14":"product-type-simple"},"yoast_head":"<!-- This site is optimized with the Yoast SEO plugin v27.5 - https:\/\/yoast.com\/product\/yoast-seo-wordpress\/ -->\n<title>Dillinger - KhailConcept<\/title>\n<meta name=\"description\" content=\"VELOCIDAD DEL MARTILLO DESLIZANTE DE COLA FR\u00cdA DILLINGER, PRECISI\u00d3N SIN CONCESIONES.\" \/>\n<meta name=\"robots\" content=\"index, follow, max-snippet:-1, max-image-preview:large, max-video-preview:-1\" \/>\n<link rel=\"canonical\" href=\"https:\/\/khailconcept.com\/es\/prodotto\/dillinger\/\" \/>\n<meta property=\"og:locale\" content=\"es_ES\" \/>\n<meta property=\"og:type\" content=\"article\" \/>\n<meta property=\"og:title\" content=\"Dillinger - KhailConcept\" \/>\n<meta property=\"og:description\" content=\"VELOCIDAD DEL MARTILLO DESLIZANTE DE COLA FR\u00cdA DILLINGER, PRECISI\u00d3N SIN CONCESIONES.\" \/>\n<meta property=\"og:url\" content=\"https:\/\/khailconcept.com\/es\/prodotto\/dillinger\/\" \/>\n<meta property=\"og:site_name\" content=\"KhailConcept\" \/>\n<meta property=\"article:modified_time\" content=\"2026-03-22T16:55:36+00:00\" \/>\n<meta property=\"og:image\" content=\"https:\/\/khailconcept.com\/wp-content\/uploads\/2025\/12\/1-1.png\" \/>\n\t<meta property=\"og:image:width\" content=\"1500\" \/>\n\t<meta property=\"og:image:height\" content=\"1500\" \/>\n\t<meta property=\"og:image:type\" content=\"image\/png\" \/>\n<meta name=\"twitter:card\" content=\"summary_large_image\" \/>\n<meta name=\"twitter:label1\" content=\"Tiempo de lectura\" \/>\n\t<meta name=\"twitter:data1\" content=\"2 minutos\" \/>\n<script type=\"application\/ld+json\" class=\"yoast-schema-graph\">{\"@context\":\"https:\\\/\\\/schema.org\",\"@graph\":[{\"@type\":\"WebPage\",\"@id\":\"https:\\\/\\\/khailconcept.com\\\/es\\\/prodotto\\\/dillinger\\\/\",\"url\":\"https:\\\/\\\/khailconcept.com\\\/es\\\/prodotto\\\/dillinger\\\/\",\"name\":\"Dillinger - KhailConcept\",\"isPartOf\":{\"@id\":\"https:\\\/\\\/khailconcept.com\\\/es\\\/#website\"},\"primaryImageOfPage\":{\"@id\":\"https:\\\/\\\/khailconcept.com\\\/es\\\/prodotto\\\/dillinger\\\/#primaryimage\"},\"image\":{\"@id\":\"https:\\\/\\\/khailconcept.com\\\/es\\\/prodotto\\\/dillinger\\\/#primaryimage\"},\"thumbnailUrl\":\"https:\\\/\\\/khailconcept.com\\\/wp-content\\\/uploads\\\/2025\\\/12\\\/1-1.png\",\"datePublished\":\"2025-12-13T10:54:46+00:00\",\"dateModified\":\"2026-03-22T16:55:36+00:00\",\"description\":\"VELOCIDAD DEL MARTILLO DESLIZANTE DE COLA FR\u00cdA DILLINGER, PRECISI\u00d3N SIN CONCESIONES.\",\"breadcrumb\":{\"@id\":\"https:\\\/\\\/khailconcept.com\\\/es\\\/prodotto\\\/dillinger\\\/#breadcrumb\"},\"inLanguage\":\"es\",\"potentialAction\":[{\"@type\":\"ReadAction\",\"target\":[\"https:\\\/\\\/khailconcept.com\\\/es\\\/prodotto\\\/dillinger\\\/\"]}]},{\"@type\":\"ImageObject\",\"inLanguage\":\"es\",\"@id\":\"https:\\\/\\\/khailconcept.com\\\/es\\\/prodotto\\\/dillinger\\\/#primaryimage\",\"url\":\"https:\\\/\\\/khailconcept.com\\\/wp-content\\\/uploads\\\/2025\\\/12\\\/1-1.png\",\"contentUrl\":\"https:\\\/\\\/khailconcept.com\\\/wp-content\\\/uploads\\\/2025\\\/12\\\/1-1.png\",\"width\":1500,\"height\":1500,\"caption\":\"Foto a\u00e9rea de Dillinger con fondo neutro\"},{\"@type\":\"BreadcrumbList\",\"@id\":\"https:\\\/\\\/khailconcept.com\\\/es\\\/prodotto\\\/dillinger\\\/#breadcrumb\",\"itemListElement\":[{\"@type\":\"ListItem\",\"position\":1,\"name\":\"Inicio\",\"item\":\"https:\\\/\\\/khailconcept.com\\\/es\\\/inicio\\\/\"},{\"@type\":\"ListItem\",\"position\":2,\"name\":\"Tienda\",\"item\":\"https:\\\/\\\/khailconcept.com\\\/es\\\/shop\\\/\"},{\"@type\":\"ListItem\",\"position\":3,\"name\":\"Dillinger\"}]},{\"@type\":\"WebSite\",\"@id\":\"https:\\\/\\\/khailconcept.com\\\/es\\\/#website\",\"url\":\"https:\\\/\\\/khailconcept.com\\\/es\\\/\",\"name\":\"KhailConcept\",\"description\":\"Strumenti per levabolli di design, realizzati con passione e determinazione.\",\"publisher\":{\"@id\":\"https:\\\/\\\/khailconcept.com\\\/es\\\/#organization\"},\"potentialAction\":[{\"@type\":\"SearchAction\",\"target\":{\"@type\":\"EntryPoint\",\"urlTemplate\":\"https:\\\/\\\/khailconcept.com\\\/es\\\/?s={search_term_string}\"},\"query-input\":{\"@type\":\"PropertyValueSpecification\",\"valueRequired\":true,\"valueName\":\"search_term_string\"}}],\"inLanguage\":\"es\"},{\"@type\":\"Organization\",\"@id\":\"https:\\\/\\\/khailconcept.com\\\/es\\\/#organization\",\"name\":\"KhailConcept\",\"url\":\"https:\\\/\\\/khailconcept.com\\\/es\\\/\",\"logo\":{\"@type\":\"ImageObject\",\"inLanguage\":\"es\",\"@id\":\"https:\\\/\\\/khailconcept.com\\\/es\\\/#\\\/schema\\\/logo\\\/image\\\/\",\"url\":\"https:\\\/\\\/khailconcept.com\\\/wp-content\\\/uploads\\\/2025\\\/09\\\/KHAIL_logoscurosfondo-1.png\",\"contentUrl\":\"https:\\\/\\\/khailconcept.com\\\/wp-content\\\/uploads\\\/2025\\\/09\\\/KHAIL_logoscurosfondo-1.png\",\"width\":1080,\"height\":1080,\"caption\":\"KhailConcept\"},\"image\":{\"@id\":\"https:\\\/\\\/khailconcept.com\\\/es\\\/#\\\/schema\\\/logo\\\/image\\\/\"}}]}<\/script>\n<!-- \/ Yoast SEO plugin. -->","yoast_head_json":{"title":"Dillinger - KhailConcept","description":"VELOCIDAD DEL MARTILLO DESLIZANTE DE COLA FR\u00cdA DILLINGER, PRECISI\u00d3N SIN CONCESIONES.","robots":{"index":"index","follow":"follow","max-snippet":"max-snippet:-1","max-image-preview":"max-image-preview:large","max-video-preview":"max-video-preview:-1"},"canonical":"https:\/\/khailconcept.com\/es\/prodotto\/dillinger\/","og_locale":"es_ES","og_type":"article","og_title":"Dillinger - KhailConcept","og_description":"VELOCIDAD DEL MARTILLO DESLIZANTE DE COLA FR\u00cdA DILLINGER, PRECISI\u00d3N SIN CONCESIONES.","og_url":"https:\/\/khailconcept.com\/es\/prodotto\/dillinger\/","og_site_name":"KhailConcept","article_modified_time":"2026-03-22T16:55:36+00:00","og_image":[{"width":1500,"height":1500,"url":"https:\/\/khailconcept.com\/wp-content\/uploads\/2025\/12\/1-1.png","type":"image\/png"}],"twitter_card":"summary_large_image","twitter_misc":{"Tiempo de lectura":"2 minutos"},"schema":{"@context":"https:\/\/schema.org","@graph":[{"@type":"WebPage","@id":"https:\/\/khailconcept.com\/es\/prodotto\/dillinger\/","url":"https:\/\/khailconcept.com\/es\/prodotto\/dillinger\/","name":"Dillinger - KhailConcept","isPartOf":{"@id":"https:\/\/khailconcept.com\/es\/#website"},"primaryImageOfPage":{"@id":"https:\/\/khailconcept.com\/es\/prodotto\/dillinger\/#primaryimage"},"image":{"@id":"https:\/\/khailconcept.com\/es\/prodotto\/dillinger\/#primaryimage"},"thumbnailUrl":"https:\/\/khailconcept.com\/wp-content\/uploads\/2025\/12\/1-1.png","datePublished":"2025-12-13T10:54:46+00:00","dateModified":"2026-03-22T16:55:36+00:00","description":"VELOCIDAD DEL MARTILLO DESLIZANTE DE COLA FR\u00cdA DILLINGER, PRECISI\u00d3N SIN CONCESIONES.","breadcrumb":{"@id":"https:\/\/khailconcept.com\/es\/prodotto\/dillinger\/#breadcrumb"},"inLanguage":"es","potentialAction":[{"@type":"ReadAction","target":["https:\/\/khailconcept.com\/es\/prodotto\/dillinger\/"]}]},{"@type":"ImageObject","inLanguage":"es","@id":"https:\/\/khailconcept.com\/es\/prodotto\/dillinger\/#primaryimage","url":"https:\/\/khailconcept.com\/wp-content\/uploads\/2025\/12\/1-1.png","contentUrl":"https:\/\/khailconcept.com\/wp-content\/uploads\/2025\/12\/1-1.png","width":1500,"height":1500,"caption":"Foto a\u00e9rea de Dillinger con fondo neutro"},{"@type":"BreadcrumbList","@id":"https:\/\/khailconcept.com\/es\/prodotto\/dillinger\/#breadcrumb","itemListElement":[{"@type":"ListItem","position":1,"name":"Inicio","item":"https:\/\/khailconcept.com\/es\/inicio\/"},{"@type":"ListItem","position":2,"name":"Tienda","item":"https:\/\/khailconcept.com\/es\/shop\/"},{"@type":"ListItem","position":3,"name":"Dillinger"}]},{"@type":"WebSite","@id":"https:\/\/khailconcept.com\/es\/#website","url":"https:\/\/khailconcept.com\/es\/","name":"KhailConcept","description":"Strumenti per levabolli di design, realizzati con passione e determinazione.","publisher":{"@id":"https:\/\/khailconcept.com\/es\/#organization"},"potentialAction":[{"@type":"SearchAction","target":{"@type":"EntryPoint","urlTemplate":"https:\/\/khailconcept.com\/es\/?s={search_term_string}"},"query-input":{"@type":"PropertyValueSpecification","valueRequired":true,"valueName":"search_term_string"}}],"inLanguage":"es"},{"@type":"Organization","@id":"https:\/\/khailconcept.com\/es\/#organization","name":"KhailConcept","url":"https:\/\/khailconcept.com\/es\/","logo":{"@type":"ImageObject","inLanguage":"es","@id":"https:\/\/khailconcept.com\/es\/#\/schema\/logo\/image\/","url":"https:\/\/khailconcept.com\/wp-content\/uploads\/2025\/09\/KHAIL_logoscurosfondo-1.png","contentUrl":"https:\/\/khailconcept.com\/wp-content\/uploads\/2025\/09\/KHAIL_logoscurosfondo-1.png","width":1080,"height":1080,"caption":"KhailConcept"},"image":{"@id":"https:\/\/khailconcept.com\/es\/#\/schema\/logo\/image\/"}}]}},"_links":{"self":[{"href":"https:\/\/khailconcept.com\/es\/wp-json\/wp\/v2\/product\/9249","targetHints":{"allow":["GET"]}}],"collection":[{"href":"https:\/\/khailconcept.com\/es\/wp-json\/wp\/v2\/product"}],"about":[{"href":"https:\/\/khailconcept.com\/es\/wp-json\/wp\/v2\/types\/product"}],"replies":[{"embeddable":true,"href":"https:\/\/khailconcept.com\/es\/wp-json\/wp\/v2\/comments?post=9249"}],"wp:featuredmedia":[{"embeddable":true,"href":"https:\/\/khailconcept.com\/es\/wp-json\/wp\/v2\/media\/9252"}],"wp:attachment":[{"href":"https:\/\/khailconcept.com\/es\/wp-json\/wp\/v2\/media?parent=9249"}],"wp:term":[{"taxonomy":"product_brand","embeddable":true,"href":"https:\/\/khailconcept.com\/es\/wp-json\/wp\/v2\/product_brand?post=9249"},{"taxonomy":"product_cat","embeddable":true,"href":"https:\/\/khailconcept.com\/es\/wp-json\/wp\/v2\/product_cat?post=9249"},{"taxonomy":"product_tag","embeddable":true,"href":"https:\/\/khailconcept.com\/es\/wp-json\/wp\/v2\/product_tag?post=9249"}],"curies":[{"name":"wp","href":"https:\/\/api.w.org\/{rel}","templated":true}]}}