{"id":8909,"date":"2025-12-03T21:53:51","date_gmt":"2025-12-03T20:53:51","guid":{"rendered":"https:\/\/khailconcept.com\/prodotto\/lucky-hail-rod\/"},"modified":"2026-03-22T17:53:13","modified_gmt":"2026-03-22T16:53:13","slug":"lucky-hail-rod","status":"publish","type":"product","link":"https:\/\/khailconcept.com\/es\/prodotto\/lucky-hail-rod\/","title":{"rendered":"Vara de Granizo de la Suerte + Balas de la Suerte"},"content":{"rendered":"\n<h2 class=\"wp-block-heading has-black-color has-text-color has-link-color wp-elements-78758d759ab2621265373ddc04f5c98c\"><strong>LUCKY HAIL ROD + ESTUCHE DE BALAS DE LA SUERTE GRATIS <\/strong><\/h2>\n\n<div class=\"wp-block-media-text is-stacked-on-mobile has-black-color has-text-color has-link-color wp-elements-517074abbd521332a12c0ede89d4b9df\"><figure class=\"wp-block-media-text__media\"><img fetchpriority=\"high\" decoding=\"async\" width=\"1024\" height=\"768\" src=\"https:\/\/khailconcept.com\/wp-content\/uploads\/2025\/12\/16-1024x768.png\" alt=\"\" class=\"wp-image-8939 size-full\" srcset=\"https:\/\/khailconcept.com\/wp-content\/uploads\/2025\/12\/16-1024x768.png 1024w, https:\/\/khailconcept.com\/wp-content\/uploads\/2025\/12\/16-300x225.png 300w, https:\/\/khailconcept.com\/wp-content\/uploads\/2025\/12\/16-768x576.png 768w, https:\/\/khailconcept.com\/wp-content\/uploads\/2025\/12\/16-1536x1152.png 1536w, https:\/\/khailconcept.com\/wp-content\/uploads\/2025\/12\/16-2048x1536.png 2048w, https:\/\/khailconcept.com\/wp-content\/uploads\/2025\/12\/16-990x743.png 990w, https:\/\/khailconcept.com\/wp-content\/uploads\/2025\/12\/16-441x331.png 441w, https:\/\/khailconcept.com\/wp-content\/uploads\/2025\/12\/16-800x600.png 800w, https:\/\/khailconcept.com\/wp-content\/uploads\/2025\/12\/16-150x113.png 150w\" sizes=\"(max-width: 1024px) 100vw, 1024px\" \/><\/figure><div class=\"wp-block-media-text__content\">\n<p>LA ESTRELLA DE CARB\u00d3N \u201cLUCKY\u201d ES LA VERDADERA REVOLUCI\u00d3N EN EL SEGMENTO DE ASTILLOS DE TECHO.<br\/>EST\u00c1 INSPIRADA EN EL G\u00c1NGster ITALOAMERICANO \u201cLUCKY LUCIANO\u201d, AS\u00cd COMO EN SU CASCO DENOMINADO<br\/>\u201cLOS BULLETES DE LUCKY\u201d HECHO A MANO EN ALUMINIO Y MATERIALES COMPUESTOS.<br\/>TOTALMENTE MODULAR CON SISTEMA DE DESMONTAJE R\u00c1PIDO E INSERTO ANTIGIRO.<br\/>TODOS LOS COMPONENTES DE ESTA CA\u00d1A SE MONTAN Y DESMONTAN CON UN SIMPLE MOVIMIENTO.<br\/>CON SUS 244 CM \/ 97 PULGADAS DE LONGITUD Y SU GROSOR DE M\u00c1S DE 4 MM \/ 3\/16 PULGADAS DE FIBRA DE CARBONO ULTRARRESISTENTE<br\/>SE ALZA POR DERECHO PROPIO CON EL PODIO DE MEJOR CA\u00d1A DEL MUNDO. <\/p>\n\n\n\n<p><\/p>\n<\/div><\/div>\n\n<hr class=\"wp-block-separator has-alpha-channel-opacity\"\/>\n<h2 class=\"has-link-color wp-elements-19c43d4948cf522f1245508ca23b2abe wp-block-post-title has-text-color has-black-color\">Vara de Granizo de la Suerte + Balas de la Suerte<\/h2>\n<figure class=\"wp-block-table\"><table class=\"has-black-color has-text-color has-link-color has-fixed-layout\"><tbody><tr><td>Material<\/td><td>CARBONO 3K + ALTO M\u00d3DULO<\/td><\/tr><tr><td>Peso<\/td><td>1430GR<\/td><\/tr><tr><td>Longitud total incluida la empu\u00f1adura<\/td><td>244 CM<\/td><\/tr><\/tbody><\/table><\/figure>\n\n<h2 class=\"wp-block-heading has-black-color has-text-color has-link-color wp-elements-e470c93769069fa42ae5f5b6163f69dc\">Componentes<\/h2>\n\n<figure class=\"wp-block-table\"><table class=\"has-black-color has-text-color has-link-color has-fixed-layout\"><tbody><tr><td>SUPERIOR<\/td><td>110CM<\/td><\/tr><tr><td>BAJO<\/td><td>110CM<\/td><\/tr><tr><td>MANGO<\/td><td>20CM<\/td><\/tr><tr><td>CABEZA<\/td><td>4CM<\/td><\/tr><tr><td>CABEZA CON 4 ORIFICIOS, 2 DE ELLOS INCLINADOS DE PASO IMPERIAL<\/td><td>5\/16 18<\/td><\/tr><\/tbody><\/table><\/figure>\n\n<h2 class=\"wp-block-heading has-black-color has-text-color has-link-color wp-elements-2b2d2a5940b57fdc6afec2553de55979\">Especificaciones t\u00e9cnicas Malet\u00edn Lucky\u2019s Bullets<\/h2>\n\n<figure class=\"wp-block-table\"><table class=\"has-black-color has-text-color has-link-color has-fixed-layout\"><tbody><tr><td>LONGITUD<\/td><td>118CM<\/td><\/tr><tr><td>ANCHO<\/td><td>15CM<\/td><\/tr><tr><td>ALTURA<\/td><td>7CM<\/td><\/tr><tr><td>PESO<\/td><td>2,1KG<\/td><\/tr><\/tbody><\/table><\/figure>\n\n<p class=\"has-black-color has-text-color has-link-color wp-elements-9ac00cf961d1ea846fe5a532228b76c6\"><\/p>\n\n<p><\/p>\n","protected":false},"excerpt":{"rendered":"<p><strong>CA\u00d1A DE GRANIZO DE LA SUERTE + ESTUCHE DE BALAS DE LA SUERTE GRATIS  <\/strong><\/p>\n<p>el AUCT<strong>\u201cLUCKY\u201d<\/strong> de CARBONO es LA VERDADERA REVOLUCI\u00d3N EN EL SEGMENTO DE LOS AUCTUROS DE TECHO.<\/p>\n<p>INSPIRADO EN EL G\u00c1NGSTER ITALO-AMERICANO<strong>\u201cLUCKY LUCIANO<\/strong>\u201c, COMO SU CASO TITULADO<\/p>\n<p>\u201cBALAS DE LA SUERTE\u201d FABRICADAS A MANO CON ALUMINIO Y MATERIALES COMPUESTOS. <\/p>\n<p>TOTALMENTE MODULAR CON SISTEMA DE LIBERACI\u00d3N R\u00c1PIDA E INSERTO ANTIRROTACI\u00d3N.<\/p>\n<p>CADA COMPONENTE DE ESTA BARRA SE MONTA Y DESMONTA CON UN SIMPLE MOVIMIENTO.<\/p>\n<p>CON SUS 244 CM DE LONGITUD Y M\u00c1S DE 4 MM DE GROSOR DE FIBRA DE CARBONO ULTRARRESISTENTE<\/p>\n<p>SUBE POR DERECHO AL PODIO COMO LA MEJOR P\u00c9RTIGA DEL MUNDO.<\/p>\n<p><strong>ESPECIFICACIONES T\u00c9CNICAS<\/strong><\/p>\n<p>-CARBONO 3K + ALTO M\u00d3DULO<\/p>\n<p>-PESO 1430GR<\/p>\n<p>-LONGITUD TOTAL INCLUYENDO EL ASA 244CM \/ 95 PULGADAS<\/p>\n<p>-COMPONENTES:<\/p>\n<p>-ABOVE 110CM<\/p>\n<p>-FONDO 110CM<\/p>\n<p>-MANIC 20CM<\/p>\n<p>-CABEZA 4CM<\/p>\n<p>-CABEZA CON 4 AGUJEROS, 2 DE ELLOS INCLINADOS PASO IMPERIAL 5\/16 18<\/p>\n<p>ESPECIFICACIONES T\u00c9CNICAS MALET\u00cdN <strong>LUCKY&#8217;S BULLETS<\/strong><\/p>\n<p>-LONGITUD 118CM<\/p>\n<p>-ANCHO 15CM<\/p>\n<p>-ALTURA 7CM<\/p>\n<p>-PESO 2,1KG<\/p>\n<p>&nbsp;<\/p>\n","protected":false},"featured_media":9523,"comment_status":"open","ping_status":"closed","template":"","meta":[],"product_brand":[],"product_cat":[121],"product_tag":[],"class_list":{"0":"post-8909","1":"product","2":"type-product","3":"status-publish","4":"has-post-thumbnail","6":"product_cat-barra-de-techo","7":"product_shipping_class-lampade","9":"first","10":"instock","11":"taxable","12":"shipping-taxable","13":"purchasable","14":"product-type-simple"},"yoast_head":"<!-- This site is optimized with the Yoast SEO plugin v27.5 - https:\/\/yoast.com\/product\/yoast-seo-wordpress\/ -->\n<title>Vara de Granizo de la Suerte + Balas de la Suerte - KhailConcept<\/title>\n<meta name=\"description\" content=\"LUCKY HAIL ROD + LUCKY&#039;S BULLETS CASE GRATIS la &#039;LUCKY&#039; CARBON ROD es LA VERDADERA REVOLUCI\u00d3N EN EL SEGMENTO DE LAS BARRAS DE TECHO.\" \/>\n<meta name=\"robots\" content=\"index, follow, max-snippet:-1, max-image-preview:large, max-video-preview:-1\" \/>\n<link rel=\"canonical\" href=\"https:\/\/khailconcept.com\/es\/prodotto\/lucky-hail-rod\/\" \/>\n<meta property=\"og:locale\" content=\"es_ES\" \/>\n<meta property=\"og:type\" content=\"article\" \/>\n<meta property=\"og:title\" content=\"Vara de Granizo de la Suerte + Balas de la Suerte - KhailConcept\" \/>\n<meta property=\"og:description\" content=\"LUCKY HAIL ROD + LUCKY&#039;S BULLETS CASE GRATIS la &#039;LUCKY&#039; CARBON ROD es LA VERDADERA REVOLUCI\u00d3N EN EL SEGMENTO DE LAS BARRAS DE TECHO.\" \/>\n<meta property=\"og:url\" content=\"https:\/\/khailconcept.com\/es\/prodotto\/lucky-hail-rod\/\" \/>\n<meta property=\"og:site_name\" content=\"KhailConcept\" \/>\n<meta property=\"article:modified_time\" content=\"2026-03-22T16:53:13+00:00\" \/>\n<meta property=\"og:image\" content=\"https:\/\/khailconcept.com\/wp-content\/uploads\/2025\/12\/Lucky-Hail-Rod.png\" \/>\n\t<meta property=\"og:image:width\" content=\"1500\" \/>\n\t<meta property=\"og:image:height\" content=\"1500\" \/>\n\t<meta property=\"og:image:type\" content=\"image\/png\" \/>\n<meta name=\"twitter:card\" content=\"summary_large_image\" \/>\n<meta name=\"twitter:label1\" content=\"Tiempo de lectura\" \/>\n\t<meta name=\"twitter:data1\" content=\"2 minutos\" \/>\n<script type=\"application\/ld+json\" class=\"yoast-schema-graph\">{\"@context\":\"https:\\\/\\\/schema.org\",\"@graph\":[{\"@type\":\"WebPage\",\"@id\":\"https:\\\/\\\/khailconcept.com\\\/es\\\/prodotto\\\/lucky-hail-rod\\\/\",\"url\":\"https:\\\/\\\/khailconcept.com\\\/es\\\/prodotto\\\/lucky-hail-rod\\\/\",\"name\":\"Vara de Granizo de la Suerte + Balas de la Suerte - KhailConcept\",\"isPartOf\":{\"@id\":\"https:\\\/\\\/khailconcept.com\\\/es\\\/#website\"},\"primaryImageOfPage\":{\"@id\":\"https:\\\/\\\/khailconcept.com\\\/es\\\/prodotto\\\/lucky-hail-rod\\\/#primaryimage\"},\"image\":{\"@id\":\"https:\\\/\\\/khailconcept.com\\\/es\\\/prodotto\\\/lucky-hail-rod\\\/#primaryimage\"},\"thumbnailUrl\":\"https:\\\/\\\/khailconcept.com\\\/wp-content\\\/uploads\\\/2025\\\/12\\\/Lucky-Hail-Rod.png\",\"datePublished\":\"2025-12-03T20:53:51+00:00\",\"dateModified\":\"2026-03-22T16:53:13+00:00\",\"description\":\"LUCKY HAIL ROD + LUCKY'S BULLETS CASE GRATIS la 'LUCKY' CARBON ROD es LA VERDADERA REVOLUCI\u00d3N EN EL SEGMENTO DE LAS BARRAS DE TECHO.\",\"breadcrumb\":{\"@id\":\"https:\\\/\\\/khailconcept.com\\\/es\\\/prodotto\\\/lucky-hail-rod\\\/#breadcrumb\"},\"inLanguage\":\"es\",\"potentialAction\":[{\"@type\":\"ReadAction\",\"target\":[\"https:\\\/\\\/khailconcept.com\\\/es\\\/prodotto\\\/lucky-hail-rod\\\/\"]}]},{\"@type\":\"ImageObject\",\"inLanguage\":\"es\",\"@id\":\"https:\\\/\\\/khailconcept.com\\\/es\\\/prodotto\\\/lucky-hail-rod\\\/#primaryimage\",\"url\":\"https:\\\/\\\/khailconcept.com\\\/wp-content\\\/uploads\\\/2025\\\/12\\\/Lucky-Hail-Rod.png\",\"contentUrl\":\"https:\\\/\\\/khailconcept.com\\\/wp-content\\\/uploads\\\/2025\\\/12\\\/Lucky-Hail-Rod.png\",\"width\":1500,\"height\":1500,\"caption\":\"Asta con custodia Lucky Hail Rod + Lucky Bullets\"},{\"@type\":\"BreadcrumbList\",\"@id\":\"https:\\\/\\\/khailconcept.com\\\/es\\\/prodotto\\\/lucky-hail-rod\\\/#breadcrumb\",\"itemListElement\":[{\"@type\":\"ListItem\",\"position\":1,\"name\":\"Inicio\",\"item\":\"https:\\\/\\\/khailconcept.com\\\/es\\\/inicio\\\/\"},{\"@type\":\"ListItem\",\"position\":2,\"name\":\"Tienda\",\"item\":\"https:\\\/\\\/khailconcept.com\\\/es\\\/shop\\\/\"},{\"@type\":\"ListItem\",\"position\":3,\"name\":\"Vara de Granizo de la Suerte + Balas de la Suerte\"}]},{\"@type\":\"WebSite\",\"@id\":\"https:\\\/\\\/khailconcept.com\\\/es\\\/#website\",\"url\":\"https:\\\/\\\/khailconcept.com\\\/es\\\/\",\"name\":\"KhailConcept\",\"description\":\"Strumenti per levabolli di design, realizzati con passione e determinazione.\",\"publisher\":{\"@id\":\"https:\\\/\\\/khailconcept.com\\\/es\\\/#organization\"},\"potentialAction\":[{\"@type\":\"SearchAction\",\"target\":{\"@type\":\"EntryPoint\",\"urlTemplate\":\"https:\\\/\\\/khailconcept.com\\\/es\\\/?s={search_term_string}\"},\"query-input\":{\"@type\":\"PropertyValueSpecification\",\"valueRequired\":true,\"valueName\":\"search_term_string\"}}],\"inLanguage\":\"es\"},{\"@type\":\"Organization\",\"@id\":\"https:\\\/\\\/khailconcept.com\\\/es\\\/#organization\",\"name\":\"KhailConcept\",\"url\":\"https:\\\/\\\/khailconcept.com\\\/es\\\/\",\"logo\":{\"@type\":\"ImageObject\",\"inLanguage\":\"es\",\"@id\":\"https:\\\/\\\/khailconcept.com\\\/es\\\/#\\\/schema\\\/logo\\\/image\\\/\",\"url\":\"https:\\\/\\\/khailconcept.com\\\/wp-content\\\/uploads\\\/2025\\\/09\\\/KHAIL_logoscurosfondo-1.png\",\"contentUrl\":\"https:\\\/\\\/khailconcept.com\\\/wp-content\\\/uploads\\\/2025\\\/09\\\/KHAIL_logoscurosfondo-1.png\",\"width\":1080,\"height\":1080,\"caption\":\"KhailConcept\"},\"image\":{\"@id\":\"https:\\\/\\\/khailconcept.com\\\/es\\\/#\\\/schema\\\/logo\\\/image\\\/\"}}]}<\/script>\n<!-- \/ Yoast SEO plugin. -->","yoast_head_json":{"title":"Vara de Granizo de la Suerte + Balas de la Suerte - KhailConcept","description":"LUCKY HAIL ROD + LUCKY'S BULLETS CASE GRATIS la 'LUCKY' CARBON ROD es LA VERDADERA REVOLUCI\u00d3N EN EL SEGMENTO DE LAS BARRAS DE TECHO.","robots":{"index":"index","follow":"follow","max-snippet":"max-snippet:-1","max-image-preview":"max-image-preview:large","max-video-preview":"max-video-preview:-1"},"canonical":"https:\/\/khailconcept.com\/es\/prodotto\/lucky-hail-rod\/","og_locale":"es_ES","og_type":"article","og_title":"Vara de Granizo de la Suerte + Balas de la Suerte - KhailConcept","og_description":"LUCKY HAIL ROD + LUCKY'S BULLETS CASE GRATIS la 'LUCKY' CARBON ROD es LA VERDADERA REVOLUCI\u00d3N EN EL SEGMENTO DE LAS BARRAS DE TECHO.","og_url":"https:\/\/khailconcept.com\/es\/prodotto\/lucky-hail-rod\/","og_site_name":"KhailConcept","article_modified_time":"2026-03-22T16:53:13+00:00","og_image":[{"width":1500,"height":1500,"url":"https:\/\/khailconcept.com\/wp-content\/uploads\/2025\/12\/Lucky-Hail-Rod.png","type":"image\/png"}],"twitter_card":"summary_large_image","twitter_misc":{"Tiempo de lectura":"2 minutos"},"schema":{"@context":"https:\/\/schema.org","@graph":[{"@type":"WebPage","@id":"https:\/\/khailconcept.com\/es\/prodotto\/lucky-hail-rod\/","url":"https:\/\/khailconcept.com\/es\/prodotto\/lucky-hail-rod\/","name":"Vara de Granizo de la Suerte + Balas de la Suerte - KhailConcept","isPartOf":{"@id":"https:\/\/khailconcept.com\/es\/#website"},"primaryImageOfPage":{"@id":"https:\/\/khailconcept.com\/es\/prodotto\/lucky-hail-rod\/#primaryimage"},"image":{"@id":"https:\/\/khailconcept.com\/es\/prodotto\/lucky-hail-rod\/#primaryimage"},"thumbnailUrl":"https:\/\/khailconcept.com\/wp-content\/uploads\/2025\/12\/Lucky-Hail-Rod.png","datePublished":"2025-12-03T20:53:51+00:00","dateModified":"2026-03-22T16:53:13+00:00","description":"LUCKY HAIL ROD + LUCKY'S BULLETS CASE GRATIS la 'LUCKY' CARBON ROD es LA VERDADERA REVOLUCI\u00d3N EN EL SEGMENTO DE LAS BARRAS DE TECHO.","breadcrumb":{"@id":"https:\/\/khailconcept.com\/es\/prodotto\/lucky-hail-rod\/#breadcrumb"},"inLanguage":"es","potentialAction":[{"@type":"ReadAction","target":["https:\/\/khailconcept.com\/es\/prodotto\/lucky-hail-rod\/"]}]},{"@type":"ImageObject","inLanguage":"es","@id":"https:\/\/khailconcept.com\/es\/prodotto\/lucky-hail-rod\/#primaryimage","url":"https:\/\/khailconcept.com\/wp-content\/uploads\/2025\/12\/Lucky-Hail-Rod.png","contentUrl":"https:\/\/khailconcept.com\/wp-content\/uploads\/2025\/12\/Lucky-Hail-Rod.png","width":1500,"height":1500,"caption":"Asta con custodia Lucky Hail Rod + Lucky Bullets"},{"@type":"BreadcrumbList","@id":"https:\/\/khailconcept.com\/es\/prodotto\/lucky-hail-rod\/#breadcrumb","itemListElement":[{"@type":"ListItem","position":1,"name":"Inicio","item":"https:\/\/khailconcept.com\/es\/inicio\/"},{"@type":"ListItem","position":2,"name":"Tienda","item":"https:\/\/khailconcept.com\/es\/shop\/"},{"@type":"ListItem","position":3,"name":"Vara de Granizo de la Suerte + Balas de la Suerte"}]},{"@type":"WebSite","@id":"https:\/\/khailconcept.com\/es\/#website","url":"https:\/\/khailconcept.com\/es\/","name":"KhailConcept","description":"Strumenti per levabolli di design, realizzati con passione e determinazione.","publisher":{"@id":"https:\/\/khailconcept.com\/es\/#organization"},"potentialAction":[{"@type":"SearchAction","target":{"@type":"EntryPoint","urlTemplate":"https:\/\/khailconcept.com\/es\/?s={search_term_string}"},"query-input":{"@type":"PropertyValueSpecification","valueRequired":true,"valueName":"search_term_string"}}],"inLanguage":"es"},{"@type":"Organization","@id":"https:\/\/khailconcept.com\/es\/#organization","name":"KhailConcept","url":"https:\/\/khailconcept.com\/es\/","logo":{"@type":"ImageObject","inLanguage":"es","@id":"https:\/\/khailconcept.com\/es\/#\/schema\/logo\/image\/","url":"https:\/\/khailconcept.com\/wp-content\/uploads\/2025\/09\/KHAIL_logoscurosfondo-1.png","contentUrl":"https:\/\/khailconcept.com\/wp-content\/uploads\/2025\/09\/KHAIL_logoscurosfondo-1.png","width":1080,"height":1080,"caption":"KhailConcept"},"image":{"@id":"https:\/\/khailconcept.com\/es\/#\/schema\/logo\/image\/"}}]}},"_links":{"self":[{"href":"https:\/\/khailconcept.com\/es\/wp-json\/wp\/v2\/product\/8909","targetHints":{"allow":["GET"]}}],"collection":[{"href":"https:\/\/khailconcept.com\/es\/wp-json\/wp\/v2\/product"}],"about":[{"href":"https:\/\/khailconcept.com\/es\/wp-json\/wp\/v2\/types\/product"}],"replies":[{"embeddable":true,"href":"https:\/\/khailconcept.com\/es\/wp-json\/wp\/v2\/comments?post=8909"}],"wp:featuredmedia":[{"embeddable":true,"href":"https:\/\/khailconcept.com\/es\/wp-json\/wp\/v2\/media\/9523"}],"wp:attachment":[{"href":"https:\/\/khailconcept.com\/es\/wp-json\/wp\/v2\/media?parent=8909"}],"wp:term":[{"taxonomy":"product_brand","embeddable":true,"href":"https:\/\/khailconcept.com\/es\/wp-json\/wp\/v2\/product_brand?post=8909"},{"taxonomy":"product_cat","embeddable":true,"href":"https:\/\/khailconcept.com\/es\/wp-json\/wp\/v2\/product_cat?post=8909"},{"taxonomy":"product_tag","embeddable":true,"href":"https:\/\/khailconcept.com\/es\/wp-json\/wp\/v2\/product_tag?post=8909"}],"curies":[{"name":"wp","href":"https:\/\/api.w.org\/{rel}","templated":true}]}}