{"id":9685,"date":"2026-05-09T15:09:53","date_gmt":"2026-05-09T13:09:53","guid":{"rendered":"https:\/\/khailconcept.com\/prodotto\/3k-carbon-verlaengerung-lucky\/"},"modified":"2026-05-09T15:17:44","modified_gmt":"2026-05-09T13:17:44","slug":"3k-carbon-verlaengerung-lucky","status":"publish","type":"product","link":"https:\/\/khailconcept.com\/de\/prodotto\/3k-carbon-verlaengerung-lucky\/","title":{"rendered":"3k Carbon Verl\u00e4ngerung Lucky Hail Rod"},"content":{"rendered":"","protected":false},"excerpt":{"rendered":"<p>Kompatibel mit Lucky Rute <\/p>\n<p>Eigenschaften:<br \/>\n-Carbon 3k Dicke 4 mm<br \/>\n-Gewicht 370gr<br \/>\n-L\u00e4nge 50cm<\/p>\n","protected":false},"featured_media":9686,"comment_status":"open","ping_status":"closed","template":"","meta":[],"product_brand":[],"product_cat":[123],"product_tag":[],"class_list":{"0":"post-9685","1":"product","2":"type-product","3":"status-publish","4":"has-post-thumbnail","6":"product_cat-dachstange","7":"product_shipping_class-misura-unica","9":"first","10":"instock","11":"taxable","12":"shipping-taxable","13":"purchasable","14":"product-type-simple"},"yoast_head":"<!-- This site is optimized with the Yoast SEO plugin v27.5 - https:\/\/yoast.com\/product\/yoast-seo-wordpress\/ -->\n<title>3k Carbon Verl\u00e4ngerung Lucky Hail Rod - KhailConcept<\/title>\n<meta name=\"description\" content=\"3k High Modulus Carbon Rutenverl\u00e4ngerung 4mm dick, kompatibel mit Lucky Hail Rute, L\u00e4nge 50cm\" \/>\n<meta name=\"robots\" content=\"index, follow, max-snippet:-1, max-image-preview:large, max-video-preview:-1\" \/>\n<link rel=\"canonical\" href=\"https:\/\/khailconcept.com\/de\/prodotto\/3k-carbon-verlaengerung-lucky\/\" \/>\n<meta property=\"og:locale\" content=\"de_DE\" \/>\n<meta property=\"og:type\" content=\"article\" \/>\n<meta property=\"og:title\" content=\"3k Carbon Verl\u00e4ngerung Lucky Hail Rod - KhailConcept\" \/>\n<meta property=\"og:description\" content=\"3k High Modulus Carbon Rutenverl\u00e4ngerung 4mm dick, kompatibel mit Lucky Hail Rute, L\u00e4nge 50cm\" \/>\n<meta property=\"og:url\" content=\"https:\/\/khailconcept.com\/de\/prodotto\/3k-carbon-verlaengerung-lucky\/\" \/>\n<meta property=\"og:site_name\" content=\"KhailConcept\" \/>\n<meta property=\"article:modified_time\" content=\"2026-05-09T13:17:44+00:00\" \/>\n<meta property=\"og:image\" content=\"https:\/\/khailconcept.com\/wp-content\/uploads\/2026\/05\/Copertina-prolunga.png\" \/>\n\t<meta property=\"og:image:width\" content=\"1500\" \/>\n\t<meta property=\"og:image:height\" content=\"1500\" \/>\n\t<meta property=\"og:image:type\" content=\"image\/png\" \/>\n<meta name=\"twitter:card\" content=\"summary_large_image\" \/>\n<script type=\"application\/ld+json\" class=\"yoast-schema-graph\">{\"@context\":\"https:\\\/\\\/schema.org\",\"@graph\":[{\"@type\":\"WebPage\",\"@id\":\"https:\\\/\\\/khailconcept.com\\\/de\\\/prodotto\\\/3k-carbon-verlaengerung-lucky\\\/\",\"url\":\"https:\\\/\\\/khailconcept.com\\\/de\\\/prodotto\\\/3k-carbon-verlaengerung-lucky\\\/\",\"name\":\"3k Carbon Verl\u00e4ngerung Lucky Hail Rod - KhailConcept\",\"isPartOf\":{\"@id\":\"https:\\\/\\\/khailconcept.com\\\/de\\\/#website\"},\"primaryImageOfPage\":{\"@id\":\"https:\\\/\\\/khailconcept.com\\\/de\\\/prodotto\\\/3k-carbon-verlaengerung-lucky\\\/#primaryimage\"},\"image\":{\"@id\":\"https:\\\/\\\/khailconcept.com\\\/de\\\/prodotto\\\/3k-carbon-verlaengerung-lucky\\\/#primaryimage\"},\"thumbnailUrl\":\"https:\\\/\\\/khailconcept.com\\\/wp-content\\\/uploads\\\/2026\\\/05\\\/Copertina-prolunga.png\",\"datePublished\":\"2026-05-09T13:09:53+00:00\",\"dateModified\":\"2026-05-09T13:17:44+00:00\",\"description\":\"3k High Modulus Carbon Rutenverl\u00e4ngerung 4mm dick, kompatibel mit Lucky Hail Rute, L\u00e4nge 50cm\",\"breadcrumb\":{\"@id\":\"https:\\\/\\\/khailconcept.com\\\/de\\\/prodotto\\\/3k-carbon-verlaengerung-lucky\\\/#breadcrumb\"},\"inLanguage\":\"de\",\"potentialAction\":[{\"@type\":\"ReadAction\",\"target\":[\"https:\\\/\\\/khailconcept.com\\\/de\\\/prodotto\\\/3k-carbon-verlaengerung-lucky\\\/\"]}]},{\"@type\":\"ImageObject\",\"inLanguage\":\"de\",\"@id\":\"https:\\\/\\\/khailconcept.com\\\/de\\\/prodotto\\\/3k-carbon-verlaengerung-lucky\\\/#primaryimage\",\"url\":\"https:\\\/\\\/khailconcept.com\\\/wp-content\\\/uploads\\\/2026\\\/05\\\/Copertina-prolunga.png\",\"contentUrl\":\"https:\\\/\\\/khailconcept.com\\\/wp-content\\\/uploads\\\/2026\\\/05\\\/Copertina-prolunga.png\",\"width\":1500,\"height\":1500,\"caption\":\"Carbon 3k Erweiterung Abdeckung\"},{\"@type\":\"BreadcrumbList\",\"@id\":\"https:\\\/\\\/khailconcept.com\\\/de\\\/prodotto\\\/3k-carbon-verlaengerung-lucky\\\/#breadcrumb\",\"itemListElement\":[{\"@type\":\"ListItem\",\"position\":1,\"name\":\"Startseite\",\"item\":\"https:\\\/\\\/khailconcept.com\\\/de\\\/startseite\\\/\"},{\"@type\":\"ListItem\",\"position\":2,\"name\":\"Shop\",\"item\":\"https:\\\/\\\/khailconcept.com\\\/de\\\/shop\\\/\"},{\"@type\":\"ListItem\",\"position\":3,\"name\":\"3k Carbon Verl\u00e4ngerung Lucky Hail Rod\"}]},{\"@type\":\"WebSite\",\"@id\":\"https:\\\/\\\/khailconcept.com\\\/de\\\/#website\",\"url\":\"https:\\\/\\\/khailconcept.com\\\/de\\\/\",\"name\":\"KhailConcept\",\"description\":\"Strumenti per levabolli di design, realizzati con passione e determinazione.\",\"publisher\":{\"@id\":\"https:\\\/\\\/khailconcept.com\\\/de\\\/#organization\"},\"potentialAction\":[{\"@type\":\"SearchAction\",\"target\":{\"@type\":\"EntryPoint\",\"urlTemplate\":\"https:\\\/\\\/khailconcept.com\\\/de\\\/?s={search_term_string}\"},\"query-input\":{\"@type\":\"PropertyValueSpecification\",\"valueRequired\":true,\"valueName\":\"search_term_string\"}}],\"inLanguage\":\"de\"},{\"@type\":\"Organization\",\"@id\":\"https:\\\/\\\/khailconcept.com\\\/de\\\/#organization\",\"name\":\"KhailConcept\",\"url\":\"https:\\\/\\\/khailconcept.com\\\/de\\\/\",\"logo\":{\"@type\":\"ImageObject\",\"inLanguage\":\"de\",\"@id\":\"https:\\\/\\\/khailconcept.com\\\/de\\\/#\\\/schema\\\/logo\\\/image\\\/\",\"url\":\"https:\\\/\\\/khailconcept.com\\\/wp-content\\\/uploads\\\/2025\\\/09\\\/KHAIL_logoscurosfondo-1.png\",\"contentUrl\":\"https:\\\/\\\/khailconcept.com\\\/wp-content\\\/uploads\\\/2025\\\/09\\\/KHAIL_logoscurosfondo-1.png\",\"width\":1080,\"height\":1080,\"caption\":\"KhailConcept\"},\"image\":{\"@id\":\"https:\\\/\\\/khailconcept.com\\\/de\\\/#\\\/schema\\\/logo\\\/image\\\/\"}}]}<\/script>\n<!-- \/ Yoast SEO plugin. -->","yoast_head_json":{"title":"3k Carbon Verl\u00e4ngerung Lucky Hail Rod - KhailConcept","description":"3k High Modulus Carbon Rutenverl\u00e4ngerung 4mm dick, kompatibel mit Lucky Hail Rute, L\u00e4nge 50cm","robots":{"index":"index","follow":"follow","max-snippet":"max-snippet:-1","max-image-preview":"max-image-preview:large","max-video-preview":"max-video-preview:-1"},"canonical":"https:\/\/khailconcept.com\/de\/prodotto\/3k-carbon-verlaengerung-lucky\/","og_locale":"de_DE","og_type":"article","og_title":"3k Carbon Verl\u00e4ngerung Lucky Hail Rod - KhailConcept","og_description":"3k High Modulus Carbon Rutenverl\u00e4ngerung 4mm dick, kompatibel mit Lucky Hail Rute, L\u00e4nge 50cm","og_url":"https:\/\/khailconcept.com\/de\/prodotto\/3k-carbon-verlaengerung-lucky\/","og_site_name":"KhailConcept","article_modified_time":"2026-05-09T13:17:44+00:00","og_image":[{"width":1500,"height":1500,"url":"https:\/\/khailconcept.com\/wp-content\/uploads\/2026\/05\/Copertina-prolunga.png","type":"image\/png"}],"twitter_card":"summary_large_image","schema":{"@context":"https:\/\/schema.org","@graph":[{"@type":"WebPage","@id":"https:\/\/khailconcept.com\/de\/prodotto\/3k-carbon-verlaengerung-lucky\/","url":"https:\/\/khailconcept.com\/de\/prodotto\/3k-carbon-verlaengerung-lucky\/","name":"3k Carbon Verl\u00e4ngerung Lucky Hail Rod - KhailConcept","isPartOf":{"@id":"https:\/\/khailconcept.com\/de\/#website"},"primaryImageOfPage":{"@id":"https:\/\/khailconcept.com\/de\/prodotto\/3k-carbon-verlaengerung-lucky\/#primaryimage"},"image":{"@id":"https:\/\/khailconcept.com\/de\/prodotto\/3k-carbon-verlaengerung-lucky\/#primaryimage"},"thumbnailUrl":"https:\/\/khailconcept.com\/wp-content\/uploads\/2026\/05\/Copertina-prolunga.png","datePublished":"2026-05-09T13:09:53+00:00","dateModified":"2026-05-09T13:17:44+00:00","description":"3k High Modulus Carbon Rutenverl\u00e4ngerung 4mm dick, kompatibel mit Lucky Hail Rute, L\u00e4nge 50cm","breadcrumb":{"@id":"https:\/\/khailconcept.com\/de\/prodotto\/3k-carbon-verlaengerung-lucky\/#breadcrumb"},"inLanguage":"de","potentialAction":[{"@type":"ReadAction","target":["https:\/\/khailconcept.com\/de\/prodotto\/3k-carbon-verlaengerung-lucky\/"]}]},{"@type":"ImageObject","inLanguage":"de","@id":"https:\/\/khailconcept.com\/de\/prodotto\/3k-carbon-verlaengerung-lucky\/#primaryimage","url":"https:\/\/khailconcept.com\/wp-content\/uploads\/2026\/05\/Copertina-prolunga.png","contentUrl":"https:\/\/khailconcept.com\/wp-content\/uploads\/2026\/05\/Copertina-prolunga.png","width":1500,"height":1500,"caption":"Carbon 3k Erweiterung Abdeckung"},{"@type":"BreadcrumbList","@id":"https:\/\/khailconcept.com\/de\/prodotto\/3k-carbon-verlaengerung-lucky\/#breadcrumb","itemListElement":[{"@type":"ListItem","position":1,"name":"Startseite","item":"https:\/\/khailconcept.com\/de\/startseite\/"},{"@type":"ListItem","position":2,"name":"Shop","item":"https:\/\/khailconcept.com\/de\/shop\/"},{"@type":"ListItem","position":3,"name":"3k Carbon Verl\u00e4ngerung Lucky Hail Rod"}]},{"@type":"WebSite","@id":"https:\/\/khailconcept.com\/de\/#website","url":"https:\/\/khailconcept.com\/de\/","name":"KhailConcept","description":"Strumenti per levabolli di design, realizzati con passione e determinazione.","publisher":{"@id":"https:\/\/khailconcept.com\/de\/#organization"},"potentialAction":[{"@type":"SearchAction","target":{"@type":"EntryPoint","urlTemplate":"https:\/\/khailconcept.com\/de\/?s={search_term_string}"},"query-input":{"@type":"PropertyValueSpecification","valueRequired":true,"valueName":"search_term_string"}}],"inLanguage":"de"},{"@type":"Organization","@id":"https:\/\/khailconcept.com\/de\/#organization","name":"KhailConcept","url":"https:\/\/khailconcept.com\/de\/","logo":{"@type":"ImageObject","inLanguage":"de","@id":"https:\/\/khailconcept.com\/de\/#\/schema\/logo\/image\/","url":"https:\/\/khailconcept.com\/wp-content\/uploads\/2025\/09\/KHAIL_logoscurosfondo-1.png","contentUrl":"https:\/\/khailconcept.com\/wp-content\/uploads\/2025\/09\/KHAIL_logoscurosfondo-1.png","width":1080,"height":1080,"caption":"KhailConcept"},"image":{"@id":"https:\/\/khailconcept.com\/de\/#\/schema\/logo\/image\/"}}]}},"_links":{"self":[{"href":"https:\/\/khailconcept.com\/de\/wp-json\/wp\/v2\/product\/9685","targetHints":{"allow":["GET"]}}],"collection":[{"href":"https:\/\/khailconcept.com\/de\/wp-json\/wp\/v2\/product"}],"about":[{"href":"https:\/\/khailconcept.com\/de\/wp-json\/wp\/v2\/types\/product"}],"replies":[{"embeddable":true,"href":"https:\/\/khailconcept.com\/de\/wp-json\/wp\/v2\/comments?post=9685"}],"wp:featuredmedia":[{"embeddable":true,"href":"https:\/\/khailconcept.com\/de\/wp-json\/wp\/v2\/media\/9686"}],"wp:attachment":[{"href":"https:\/\/khailconcept.com\/de\/wp-json\/wp\/v2\/media?parent=9685"}],"wp:term":[{"taxonomy":"product_brand","embeddable":true,"href":"https:\/\/khailconcept.com\/de\/wp-json\/wp\/v2\/product_brand?post=9685"},{"taxonomy":"product_cat","embeddable":true,"href":"https:\/\/khailconcept.com\/de\/wp-json\/wp\/v2\/product_cat?post=9685"},{"taxonomy":"product_tag","embeddable":true,"href":"https:\/\/khailconcept.com\/de\/wp-json\/wp\/v2\/product_tag?post=9685"}],"curies":[{"name":"wp","href":"https:\/\/api.w.org\/{rel}","templated":true}]}}