{"id":9560,"date":"2026-05-09T14:45:20","date_gmt":"2026-05-09T12:45:20","guid":{"rendered":"https:\/\/khailconcept.com\/prodotto\/halber-gluecksbringer-hail-rod\/"},"modified":"2026-05-09T14:45:45","modified_gmt":"2026-05-09T12:45:45","slug":"halber-gluecksbringer-hail-rod","status":"publish","type":"product","link":"https:\/\/khailconcept.com\/de\/prodotto\/halber-gluecksbringer-hail-rod\/","title":{"rendered":"Halber Gl\u00fccksbringer Hail Rod"},"content":{"rendered":"\n<p class=\"has-black-color has-text-color has-link-color wp-elements-ffc5c8a390fc4702be97940a9d83eafa\"><strong>HALBE RUNDE<\/strong> <strong>GL\u00dcCKWUNSCH HILFSROD<\/strong><\/p>\n\n<p><strong> <\/strong><\/p>\n\n<div class=\"wp-block-media-text is-stacked-on-mobile has-black-color has-text-color has-link-color wp-elements-945094e87cd892f0d21d77ceece79201\"><figure class=\"wp-block-media-text__media\"><img fetchpriority=\"high\" decoding=\"async\" width=\"1024\" height=\"768\" src=\"https:\/\/khailconcept.com\/wp-content\/uploads\/2025\/12\/16-1024x768.png\" alt=\"\" class=\"wp-image-8939 size-full\" srcset=\"https:\/\/khailconcept.com\/wp-content\/uploads\/2025\/12\/16-1024x768.png 1024w, https:\/\/khailconcept.com\/wp-content\/uploads\/2025\/12\/16-300x225.png 300w, https:\/\/khailconcept.com\/wp-content\/uploads\/2025\/12\/16-768x576.png 768w, https:\/\/khailconcept.com\/wp-content\/uploads\/2025\/12\/16-1536x1152.png 1536w, https:\/\/khailconcept.com\/wp-content\/uploads\/2025\/12\/16-2048x1536.png 2048w, https:\/\/khailconcept.com\/wp-content\/uploads\/2025\/12\/16-990x743.png 990w, https:\/\/khailconcept.com\/wp-content\/uploads\/2025\/12\/16-441x331.png 441w, https:\/\/khailconcept.com\/wp-content\/uploads\/2025\/12\/16-800x600.png 800w, https:\/\/khailconcept.com\/wp-content\/uploads\/2025\/12\/16-150x113.png 150w\" sizes=\"(max-width: 1024px) 100vw, 1024px\" \/><\/figure><div class=\"wp-block-media-text__content\">\n<p>lA MEZZA ASTA IN CARBONIO \u201eLUCKY\u201c\u00a0 \u00c8 LA VERA RIVOLUZIONE NEL SEGMENTO ASTE DA TETTO.<br\/>ISPIRATA AL GANGSTER ITALOAMERICANO \u201eLUCKY LUCIANO\u201c.<br\/>COMPLETAMENTE MODULABILE CON SISTEMA DI SGANCIO RAPIDO ED INSERTO ANTI ROTAZIONE.<br\/>OGNI COMPONENTE DI QUESTA ASTA SI ASSEMBLA E SI SMONTA CON UN SEMPLICE MOVIMENTO.<br\/>CON I SUOI 134CM \/ 52 INCH DI LUNGHEZZA\u00a0 E LO SPESSORE DI OLTRE 4 MM \/ 3\/16 INCH IN FIBRA DI CARBONIO ULTRA RESISTENTE<br\/>SI PRENDE DI DIRITTO IL PODIO COME ASTA MIGLIORE AL MONDO.<\/p>\n\n\n\n<p><\/p>\n<\/div><\/div>\n\n<hr class=\"wp-block-separator has-alpha-channel-opacity\"\/>\n<h2 class=\"has-link-color wp-elements-19c43d4948cf522f1245508ca23b2abe wp-block-post-title has-text-color has-black-color\">Halber Gl\u00fccksbringer Hail Rod<\/h2>\n<figure class=\"wp-block-table\"><table class=\"has-black-color has-text-color has-link-color has-fixed-layout\"><tbody><tr><td>Material<\/td><td>3K KOHLENSTOFF + HOHER MODULUS<\/td><\/tr><tr><td>Gesamtl\u00e4nge einschlie\u00dflich Griff<\/td><td>134CM \/ 52 ZOLL<\/td><\/tr><\/tbody><\/table><\/figure>\n\n<h2 class=\"wp-block-heading has-black-color has-text-color has-link-color wp-elements-9c17a50efc4a11679a8b427d973e7838\">Komponenten<\/h2>\n\n<figure class=\"wp-block-table\"><table class=\"has-black-color has-text-color has-link-color has-fixed-layout\"><tbody><tr><td>ASTA<\/td><td>110CM<\/td><\/tr><tr><td>H\u00c4NDE<\/td><td>20CM<\/td><\/tr><tr><td>KOPF<\/td><td>4CM<\/td><\/tr><tr><td>KOPF MIT 4 L\u00d6CHERN, DAVON 2 MIT SCHR\u00c4GER Z\u00d6LLIGER TEILUNG<\/td><td>5\/16 18<\/td><\/tr><\/tbody><\/table><\/figure>\n\n<p class=\"has-black-color has-text-color has-link-color wp-elements-9ac00cf961d1ea846fe5a532228b76c6\"><\/p>\n\n<p class=\"has-black-color has-text-color has-link-color wp-elements-9ac00cf961d1ea846fe5a532228b76c6\"><\/p>\n","protected":false},"excerpt":{"rendered":"<p>HALBE RUNDE GL\u00dcCKWUNSCH HILFSROD lA MEZZA ASTA IN CARBONIO \u201eLUCKY\u201c\u00a0 \u00c8 LA VERA RIVOLUZIONE NEL SEGMENTO ASTE DA TETTO.ISPIRATA AL GANGSTER ITALOAMERICANO \u201eLUCKY LUCIANO\u201c.COMPLETAMENTE MODULABILE CON SISTEMA DI SGANCIO RAPIDO ED INSERTO ANTI ROTAZIONE.OGNI COMPONENTE DI QUESTA ASTA SI ASSEMBLA E SI SMONTA CON UN SEMPLICE MOVIMENTO.CON I SUOI 134CM \/ 52 INCH DI LUNGHEZZA\u00a0 [&hellip;]<\/p>\n","protected":false},"featured_media":9561,"comment_status":"open","ping_status":"closed","template":"","meta":[],"product_brand":[],"product_cat":[123],"product_tag":[],"class_list":{"0":"post-9560","1":"product","2":"type-product","3":"status-publish","4":"has-post-thumbnail","6":"product_cat-dachstange","7":"product_shipping_class-lampade","9":"first","10":"instock","11":"taxable","12":"shipping-taxable","13":"purchasable","14":"product-type-simple"},"yoast_head":"<!-- This site is optimized with the Yoast SEO plugin v27.5 - https:\/\/yoast.com\/product\/yoast-seo-wordpress\/ -->\n<title>Halber Gl\u00fccksbringer Hail Rod - KhailConcept<\/title>\n<meta name=\"description\" content=\"DER LUCKY HALFPOLE, IST DIE WAHRE REVOLUTION IM SEGMENT DER DACHSTANGEN.\" \/>\n<meta name=\"robots\" content=\"index, follow, max-snippet:-1, max-image-preview:large, max-video-preview:-1\" \/>\n<link rel=\"canonical\" href=\"https:\/\/khailconcept.com\/de\/prodotto\/halber-gluecksbringer-hail-rod\/\" \/>\n<meta property=\"og:locale\" content=\"de_DE\" \/>\n<meta property=\"og:type\" content=\"article\" \/>\n<meta property=\"og:title\" content=\"Halber Gl\u00fccksbringer Hail Rod - KhailConcept\" \/>\n<meta property=\"og:description\" content=\"DER LUCKY HALFPOLE, IST DIE WAHRE REVOLUTION IM SEGMENT DER DACHSTANGEN.\" \/>\n<meta property=\"og:url\" content=\"https:\/\/khailconcept.com\/de\/prodotto\/halber-gluecksbringer-hail-rod\/\" \/>\n<meta property=\"og:site_name\" content=\"KhailConcept\" \/>\n<meta property=\"article:modified_time\" content=\"2026-05-09T12:45:45+00:00\" \/>\n<meta property=\"og:image\" content=\"https:\/\/khailconcept.com\/wp-content\/uploads\/2026\/05\/Copertina-mezza-asta.png\" \/>\n\t<meta property=\"og:image:width\" content=\"1500\" \/>\n\t<meta property=\"og:image:height\" content=\"1500\" \/>\n\t<meta property=\"og:image:type\" content=\"image\/png\" \/>\n<meta name=\"twitter:card\" content=\"summary_large_image\" \/>\n<meta name=\"twitter:label1\" content=\"Gesch\u00e4tzte Lesezeit\" \/>\n\t<meta name=\"twitter:data1\" content=\"1\u00a0Minute\" \/>\n<script type=\"application\/ld+json\" class=\"yoast-schema-graph\">{\"@context\":\"https:\\\/\\\/schema.org\",\"@graph\":[{\"@type\":\"WebPage\",\"@id\":\"https:\\\/\\\/khailconcept.com\\\/de\\\/prodotto\\\/halber-gluecksbringer-hail-rod\\\/\",\"url\":\"https:\\\/\\\/khailconcept.com\\\/de\\\/prodotto\\\/halber-gluecksbringer-hail-rod\\\/\",\"name\":\"Halber Gl\u00fccksbringer Hail Rod - KhailConcept\",\"isPartOf\":{\"@id\":\"https:\\\/\\\/khailconcept.com\\\/de\\\/#website\"},\"primaryImageOfPage\":{\"@id\":\"https:\\\/\\\/khailconcept.com\\\/de\\\/prodotto\\\/halber-gluecksbringer-hail-rod\\\/#primaryimage\"},\"image\":{\"@id\":\"https:\\\/\\\/khailconcept.com\\\/de\\\/prodotto\\\/halber-gluecksbringer-hail-rod\\\/#primaryimage\"},\"thumbnailUrl\":\"https:\\\/\\\/khailconcept.com\\\/wp-content\\\/uploads\\\/2026\\\/05\\\/Copertina-mezza-asta.png\",\"datePublished\":\"2026-05-09T12:45:20+00:00\",\"dateModified\":\"2026-05-09T12:45:45+00:00\",\"description\":\"DER LUCKY HALFPOLE, IST DIE WAHRE REVOLUTION IM SEGMENT DER DACHSTANGEN.\",\"breadcrumb\":{\"@id\":\"https:\\\/\\\/khailconcept.com\\\/de\\\/prodotto\\\/halber-gluecksbringer-hail-rod\\\/#breadcrumb\"},\"inLanguage\":\"de\",\"potentialAction\":[{\"@type\":\"ReadAction\",\"target\":[\"https:\\\/\\\/khailconcept.com\\\/de\\\/prodotto\\\/halber-gluecksbringer-hail-rod\\\/\"]}]},{\"@type\":\"ImageObject\",\"inLanguage\":\"de\",\"@id\":\"https:\\\/\\\/khailconcept.com\\\/de\\\/prodotto\\\/halber-gluecksbringer-hail-rod\\\/#primaryimage\",\"url\":\"https:\\\/\\\/khailconcept.com\\\/wp-content\\\/uploads\\\/2026\\\/05\\\/Copertina-mezza-asta.png\",\"contentUrl\":\"https:\\\/\\\/khailconcept.com\\\/wp-content\\\/uploads\\\/2026\\\/05\\\/Copertina-mezza-asta.png\",\"width\":1500,\"height\":1500,\"caption\":\"Lucky Hail Rod Halbtitelbild\"},{\"@type\":\"BreadcrumbList\",\"@id\":\"https:\\\/\\\/khailconcept.com\\\/de\\\/prodotto\\\/halber-gluecksbringer-hail-rod\\\/#breadcrumb\",\"itemListElement\":[{\"@type\":\"ListItem\",\"position\":1,\"name\":\"Startseite\",\"item\":\"https:\\\/\\\/khailconcept.com\\\/de\\\/startseite\\\/\"},{\"@type\":\"ListItem\",\"position\":2,\"name\":\"Shop\",\"item\":\"https:\\\/\\\/khailconcept.com\\\/de\\\/shop\\\/\"},{\"@type\":\"ListItem\",\"position\":3,\"name\":\"Halber Gl\u00fccksbringer Hail Rod\"}]},{\"@type\":\"WebSite\",\"@id\":\"https:\\\/\\\/khailconcept.com\\\/de\\\/#website\",\"url\":\"https:\\\/\\\/khailconcept.com\\\/de\\\/\",\"name\":\"KhailConcept\",\"description\":\"Strumenti per levabolli di design, realizzati con passione e determinazione.\",\"publisher\":{\"@id\":\"https:\\\/\\\/khailconcept.com\\\/de\\\/#organization\"},\"potentialAction\":[{\"@type\":\"SearchAction\",\"target\":{\"@type\":\"EntryPoint\",\"urlTemplate\":\"https:\\\/\\\/khailconcept.com\\\/de\\\/?s={search_term_string}\"},\"query-input\":{\"@type\":\"PropertyValueSpecification\",\"valueRequired\":true,\"valueName\":\"search_term_string\"}}],\"inLanguage\":\"de\"},{\"@type\":\"Organization\",\"@id\":\"https:\\\/\\\/khailconcept.com\\\/de\\\/#organization\",\"name\":\"KhailConcept\",\"url\":\"https:\\\/\\\/khailconcept.com\\\/de\\\/\",\"logo\":{\"@type\":\"ImageObject\",\"inLanguage\":\"de\",\"@id\":\"https:\\\/\\\/khailconcept.com\\\/de\\\/#\\\/schema\\\/logo\\\/image\\\/\",\"url\":\"https:\\\/\\\/khailconcept.com\\\/wp-content\\\/uploads\\\/2025\\\/09\\\/KHAIL_logoscurosfondo-1.png\",\"contentUrl\":\"https:\\\/\\\/khailconcept.com\\\/wp-content\\\/uploads\\\/2025\\\/09\\\/KHAIL_logoscurosfondo-1.png\",\"width\":1080,\"height\":1080,\"caption\":\"KhailConcept\"},\"image\":{\"@id\":\"https:\\\/\\\/khailconcept.com\\\/de\\\/#\\\/schema\\\/logo\\\/image\\\/\"}}]}<\/script>\n<!-- \/ Yoast SEO plugin. -->","yoast_head_json":{"title":"Halber Gl\u00fccksbringer Hail Rod - KhailConcept","description":"DER LUCKY HALFPOLE, IST DIE WAHRE REVOLUTION IM SEGMENT DER DACHSTANGEN.","robots":{"index":"index","follow":"follow","max-snippet":"max-snippet:-1","max-image-preview":"max-image-preview:large","max-video-preview":"max-video-preview:-1"},"canonical":"https:\/\/khailconcept.com\/de\/prodotto\/halber-gluecksbringer-hail-rod\/","og_locale":"de_DE","og_type":"article","og_title":"Halber Gl\u00fccksbringer Hail Rod - KhailConcept","og_description":"DER LUCKY HALFPOLE, IST DIE WAHRE REVOLUTION IM SEGMENT DER DACHSTANGEN.","og_url":"https:\/\/khailconcept.com\/de\/prodotto\/halber-gluecksbringer-hail-rod\/","og_site_name":"KhailConcept","article_modified_time":"2026-05-09T12:45:45+00:00","og_image":[{"width":1500,"height":1500,"url":"https:\/\/khailconcept.com\/wp-content\/uploads\/2026\/05\/Copertina-mezza-asta.png","type":"image\/png"}],"twitter_card":"summary_large_image","twitter_misc":{"Gesch\u00e4tzte Lesezeit":"1\u00a0Minute"},"schema":{"@context":"https:\/\/schema.org","@graph":[{"@type":"WebPage","@id":"https:\/\/khailconcept.com\/de\/prodotto\/halber-gluecksbringer-hail-rod\/","url":"https:\/\/khailconcept.com\/de\/prodotto\/halber-gluecksbringer-hail-rod\/","name":"Halber Gl\u00fccksbringer Hail Rod - KhailConcept","isPartOf":{"@id":"https:\/\/khailconcept.com\/de\/#website"},"primaryImageOfPage":{"@id":"https:\/\/khailconcept.com\/de\/prodotto\/halber-gluecksbringer-hail-rod\/#primaryimage"},"image":{"@id":"https:\/\/khailconcept.com\/de\/prodotto\/halber-gluecksbringer-hail-rod\/#primaryimage"},"thumbnailUrl":"https:\/\/khailconcept.com\/wp-content\/uploads\/2026\/05\/Copertina-mezza-asta.png","datePublished":"2026-05-09T12:45:20+00:00","dateModified":"2026-05-09T12:45:45+00:00","description":"DER LUCKY HALFPOLE, IST DIE WAHRE REVOLUTION IM SEGMENT DER DACHSTANGEN.","breadcrumb":{"@id":"https:\/\/khailconcept.com\/de\/prodotto\/halber-gluecksbringer-hail-rod\/#breadcrumb"},"inLanguage":"de","potentialAction":[{"@type":"ReadAction","target":["https:\/\/khailconcept.com\/de\/prodotto\/halber-gluecksbringer-hail-rod\/"]}]},{"@type":"ImageObject","inLanguage":"de","@id":"https:\/\/khailconcept.com\/de\/prodotto\/halber-gluecksbringer-hail-rod\/#primaryimage","url":"https:\/\/khailconcept.com\/wp-content\/uploads\/2026\/05\/Copertina-mezza-asta.png","contentUrl":"https:\/\/khailconcept.com\/wp-content\/uploads\/2026\/05\/Copertina-mezza-asta.png","width":1500,"height":1500,"caption":"Lucky Hail Rod Halbtitelbild"},{"@type":"BreadcrumbList","@id":"https:\/\/khailconcept.com\/de\/prodotto\/halber-gluecksbringer-hail-rod\/#breadcrumb","itemListElement":[{"@type":"ListItem","position":1,"name":"Startseite","item":"https:\/\/khailconcept.com\/de\/startseite\/"},{"@type":"ListItem","position":2,"name":"Shop","item":"https:\/\/khailconcept.com\/de\/shop\/"},{"@type":"ListItem","position":3,"name":"Halber Gl\u00fccksbringer Hail Rod"}]},{"@type":"WebSite","@id":"https:\/\/khailconcept.com\/de\/#website","url":"https:\/\/khailconcept.com\/de\/","name":"KhailConcept","description":"Strumenti per levabolli di design, realizzati con passione e determinazione.","publisher":{"@id":"https:\/\/khailconcept.com\/de\/#organization"},"potentialAction":[{"@type":"SearchAction","target":{"@type":"EntryPoint","urlTemplate":"https:\/\/khailconcept.com\/de\/?s={search_term_string}"},"query-input":{"@type":"PropertyValueSpecification","valueRequired":true,"valueName":"search_term_string"}}],"inLanguage":"de"},{"@type":"Organization","@id":"https:\/\/khailconcept.com\/de\/#organization","name":"KhailConcept","url":"https:\/\/khailconcept.com\/de\/","logo":{"@type":"ImageObject","inLanguage":"de","@id":"https:\/\/khailconcept.com\/de\/#\/schema\/logo\/image\/","url":"https:\/\/khailconcept.com\/wp-content\/uploads\/2025\/09\/KHAIL_logoscurosfondo-1.png","contentUrl":"https:\/\/khailconcept.com\/wp-content\/uploads\/2025\/09\/KHAIL_logoscurosfondo-1.png","width":1080,"height":1080,"caption":"KhailConcept"},"image":{"@id":"https:\/\/khailconcept.com\/de\/#\/schema\/logo\/image\/"}}]}},"_links":{"self":[{"href":"https:\/\/khailconcept.com\/de\/wp-json\/wp\/v2\/product\/9560","targetHints":{"allow":["GET"]}}],"collection":[{"href":"https:\/\/khailconcept.com\/de\/wp-json\/wp\/v2\/product"}],"about":[{"href":"https:\/\/khailconcept.com\/de\/wp-json\/wp\/v2\/types\/product"}],"replies":[{"embeddable":true,"href":"https:\/\/khailconcept.com\/de\/wp-json\/wp\/v2\/comments?post=9560"}],"wp:featuredmedia":[{"embeddable":true,"href":"https:\/\/khailconcept.com\/de\/wp-json\/wp\/v2\/media\/9561"}],"wp:attachment":[{"href":"https:\/\/khailconcept.com\/de\/wp-json\/wp\/v2\/media?parent=9560"}],"wp:term":[{"taxonomy":"product_brand","embeddable":true,"href":"https:\/\/khailconcept.com\/de\/wp-json\/wp\/v2\/product_brand?post=9560"},{"taxonomy":"product_cat","embeddable":true,"href":"https:\/\/khailconcept.com\/de\/wp-json\/wp\/v2\/product_cat?post=9560"},{"taxonomy":"product_tag","embeddable":true,"href":"https:\/\/khailconcept.com\/de\/wp-json\/wp\/v2\/product_tag?post=9560"}],"curies":[{"name":"wp","href":"https:\/\/api.w.org\/{rel}","templated":true}]}}