{"id":9213,"date":"2025-12-13T11:54:46","date_gmt":"2025-12-13T10:54:46","guid":{"rendered":"https:\/\/khailconcept.com\/prodotto\/dillinger\/"},"modified":"2026-03-22T18:01:37","modified_gmt":"2026-03-22T17:01:37","slug":"dillinger","status":"publish","type":"product","link":"https:\/\/khailconcept.com\/de\/prodotto\/dillinger\/","title":{"rendered":"Dillinger"},"content":{"rendered":"\n<h2 class=\"wp-block-heading has-black-color has-text-color has-link-color wp-elements-1041da3ae88084ec2a6a4dd391a75e74\">Dillinger \u2013 Kaltleim-Schiebehammer<\/h2>\n\n<div class=\"wp-block-media-text is-stacked-on-mobile has-black-color has-text-color has-link-color wp-elements-5c897052c74482d27647e5e93d5c2708\" style=\"grid-template-columns:31% auto\"><figure class=\"wp-block-media-text__media\"><img fetchpriority=\"high\" decoding=\"async\" width=\"768\" height=\"1024\" src=\"https:\/\/khailconcept.com\/wp-content\/uploads\/2025\/12\/1ecbeea5-5417-4105-8a62-3352411392f2-768x1024.jpg\" alt=\"\" class=\"wp-image-9392 size-full\" srcset=\"https:\/\/khailconcept.com\/wp-content\/uploads\/2025\/12\/1ecbeea5-5417-4105-8a62-3352411392f2-768x1024.jpg 768w, https:\/\/khailconcept.com\/wp-content\/uploads\/2025\/12\/1ecbeea5-5417-4105-8a62-3352411392f2-225x300.jpg 225w, https:\/\/khailconcept.com\/wp-content\/uploads\/2025\/12\/1ecbeea5-5417-4105-8a62-3352411392f2-1152x1536.jpg 1152w, https:\/\/khailconcept.com\/wp-content\/uploads\/2025\/12\/1ecbeea5-5417-4105-8a62-3352411392f2-1536x2048.jpg 1536w, https:\/\/khailconcept.com\/wp-content\/uploads\/2025\/12\/1ecbeea5-5417-4105-8a62-3352411392f2-990x1320.jpg 990w, https:\/\/khailconcept.com\/wp-content\/uploads\/2025\/12\/1ecbeea5-5417-4105-8a62-3352411392f2-441x588.jpg 441w, https:\/\/khailconcept.com\/wp-content\/uploads\/2025\/12\/1ecbeea5-5417-4105-8a62-3352411392f2-300x400.jpg 300w, https:\/\/khailconcept.com\/wp-content\/uploads\/2025\/12\/1ecbeea5-5417-4105-8a62-3352411392f2-800x1067.jpg 800w, https:\/\/khailconcept.com\/wp-content\/uploads\/2025\/12\/1ecbeea5-5417-4105-8a62-3352411392f2-150x200.jpg 150w, https:\/\/khailconcept.com\/wp-content\/uploads\/2025\/12\/1ecbeea5-5417-4105-8a62-3352411392f2-scaled.jpg 1920w\" sizes=\"(max-width: 768px) 100vw, 768px\" \/><\/figure><div class=\"wp-block-media-text__content\">\n<p><strong>Das Konzept<\/strong><\/p>\n\n\n\n<p><strong>Qualit\u00e4t, Innovation, Design.<\/strong>  Hergestellt aus hochwertigen Materialien und mit modernster Technologie ist Dillinger die ultimative L\u00f6sung f\u00fcr alle, die ein langlebiges, leistungsstarkes Produkt suchen.<\/p>\n<\/div><\/div>\n\n<div class=\"wp-block-media-text has-media-on-the-right is-stacked-on-mobile has-black-color has-text-color has-link-color wp-elements-603baa1fc5d919022ccc1e9dc66ff545\" style=\"grid-template-columns:auto 34%\"><div class=\"wp-block-media-text__content\">\n<p><\/p>\n\n\n\n<p>Gleithammer mit einziehbarer Bewegung, ausgestattet mit einer Feder mit perfekt kalibrierten Newton.<\/p>\n\n\n\n<p>Das lineare Lagersystem erm\u00f6glicht ein perfektes Gleiten auf der hartverchromten Kohlenstoffstahlstange.<\/p>\n\n\n\n<p>Das magnetische System an der Unterseite des Ausziehers erm\u00f6glicht ein sofortiges Schlie\u00dfen bei jedem Zug. Es ist vollst\u00e4ndig kalibriert, so dass beim Ziehen kein Widerstand entsteht.<\/p>\n\n\n\n<p>Dieser Dunstabzug wurde mit der Absicht entwickelt, Funktionalit\u00e4t, Langlebigkeit und Sch\u00f6nheit zu vereinen.<\/p>\n\n\n\n<p>Eine Mischung aus Spitzenleistungen, angefangen bei den Materialien und dem Messinggeh\u00e4use mit dem ergonomischen Buchenholzgriff, erm\u00f6glicht dem PDR-Techniker eine einfache Bedienung.<\/p>\n\n\n\n<p>DILLINGER setzt die Charaktersaga fort, die KRIMINAL HAIL CONCEPT f\u00fcr jedes Objekt, das es auf den Markt bringt, erz\u00e4hlt.<\/p>\n<\/div><figure class=\"wp-block-media-text__media\"><img decoding=\"async\" width=\"768\" height=\"1024\" src=\"https:\/\/khailconcept.com\/wp-content\/uploads\/2025\/12\/c9b9693e-04f3-4a48-adab-848d67367c72-768x1024.jpg\" alt=\"\" class=\"wp-image-9394 size-full\" srcset=\"https:\/\/khailconcept.com\/wp-content\/uploads\/2025\/12\/c9b9693e-04f3-4a48-adab-848d67367c72-768x1024.jpg 768w, https:\/\/khailconcept.com\/wp-content\/uploads\/2025\/12\/c9b9693e-04f3-4a48-adab-848d67367c72-225x300.jpg 225w, https:\/\/khailconcept.com\/wp-content\/uploads\/2025\/12\/c9b9693e-04f3-4a48-adab-848d67367c72-1152x1536.jpg 1152w, https:\/\/khailconcept.com\/wp-content\/uploads\/2025\/12\/c9b9693e-04f3-4a48-adab-848d67367c72-1536x2048.jpg 1536w, https:\/\/khailconcept.com\/wp-content\/uploads\/2025\/12\/c9b9693e-04f3-4a48-adab-848d67367c72-990x1320.jpg 990w, https:\/\/khailconcept.com\/wp-content\/uploads\/2025\/12\/c9b9693e-04f3-4a48-adab-848d67367c72-441x588.jpg 441w, https:\/\/khailconcept.com\/wp-content\/uploads\/2025\/12\/c9b9693e-04f3-4a48-adab-848d67367c72-300x400.jpg 300w, https:\/\/khailconcept.com\/wp-content\/uploads\/2025\/12\/c9b9693e-04f3-4a48-adab-848d67367c72-800x1067.jpg 800w, https:\/\/khailconcept.com\/wp-content\/uploads\/2025\/12\/c9b9693e-04f3-4a48-adab-848d67367c72-150x200.jpg 150w, https:\/\/khailconcept.com\/wp-content\/uploads\/2025\/12\/c9b9693e-04f3-4a48-adab-848d67367c72-scaled.jpg 1920w\" sizes=\"(max-width: 768px) 100vw, 768px\" \/><\/figure><\/div>\n\n<h2 class=\"wp-block-heading has-black-color has-text-color has-link-color wp-elements-a86e4a86dfa6ddd3291f6625695981bb\">Technische Daten<\/h2>\n\n<figure class=\"wp-block-table\"><table class=\"has-black-color has-text-color has-link-color has-fixed-layout\"><tbody><tr><td>GEWICHT<\/td><td>750gr<\/td><\/tr><tr><td>LENGTH<\/td><td>26CM<\/td><\/tr><tr><td>SAUGN\u00c4PFE MITGELIEFERT<\/td><td>13mm \/ 17mm \/ 23mm mit m6 Teilung<\/td><\/tr><\/tbody><\/table><\/figure>\n\n<p class=\"has-black-color has-text-color has-link-color wp-elements-9ac00cf961d1ea846fe5a532228b76c6\"><\/p>\n\n<p><\/p>\n","protected":false},"excerpt":{"rendered":"<p>Dillinger \u2013 Kaltleim-Schiebehammer Das Konzept Qualit\u00e4t, Innovation, Design. Hergestellt aus hochwertigen Materialien und mit modernster Technologie ist Dillinger die ultimative L\u00f6sung f\u00fcr alle, die ein langlebiges, leistungsstarkes Produkt suchen. Gleithammer mit einziehbarer Bewegung, ausgestattet mit einer Feder mit perfekt kalibrierten Newton. Das lineare Lagersystem erm\u00f6glicht ein perfektes Gleiten auf der hartverchromten Kohlenstoffstahlstange. Das magnetische System [&hellip;]<\/p>\n","protected":false},"featured_media":9216,"comment_status":"open","ping_status":"closed","template":"","meta":[],"product_brand":[],"product_cat":[137],"product_tag":[],"class_list":{"0":"post-9213","1":"product","2":"type-product","3":"status-publish","4":"has-post-thumbnail","6":"product_cat-extraktoren","7":"product_shipping_class-misura-unica","9":"first","10":"instock","11":"taxable","12":"shipping-taxable","13":"purchasable","14":"product-type-simple"},"yoast_head":"<!-- This site is optimized with the Yoast SEO plugin v27.5 - https:\/\/yoast.com\/product\/yoast-seo-wordpress\/ -->\n<title>Dillinger - KhailConcept<\/title>\n<meta name=\"description\" content=\"DILLINGER KALTLEIM-SCHIEBEHAMMER GESCHWINDIGKEIT, PR\u00c4ZISION OHNE KOMPROMISSE.\" \/>\n<meta name=\"robots\" content=\"index, follow, max-snippet:-1, max-image-preview:large, max-video-preview:-1\" \/>\n<link rel=\"canonical\" href=\"https:\/\/khailconcept.com\/de\/prodotto\/dillinger\/\" \/>\n<meta property=\"og:locale\" content=\"de_DE\" \/>\n<meta property=\"og:type\" content=\"article\" \/>\n<meta property=\"og:title\" content=\"Dillinger - KhailConcept\" \/>\n<meta property=\"og:description\" content=\"DILLINGER KALTLEIM-SCHIEBEHAMMER GESCHWINDIGKEIT, PR\u00c4ZISION OHNE KOMPROMISSE.\" \/>\n<meta property=\"og:url\" content=\"https:\/\/khailconcept.com\/de\/prodotto\/dillinger\/\" \/>\n<meta property=\"og:site_name\" content=\"KhailConcept\" \/>\n<meta property=\"article:modified_time\" content=\"2026-03-22T17:01:37+00:00\" \/>\n<meta property=\"og:image\" content=\"https:\/\/khailconcept.com\/wp-content\/uploads\/2025\/12\/1-1.png\" \/>\n\t<meta property=\"og:image:width\" content=\"1500\" \/>\n\t<meta property=\"og:image:height\" content=\"1500\" \/>\n\t<meta property=\"og:image:type\" content=\"image\/png\" \/>\n<meta name=\"twitter:card\" content=\"summary_large_image\" \/>\n<meta name=\"twitter:label1\" content=\"Gesch\u00e4tzte Lesezeit\" \/>\n\t<meta name=\"twitter:data1\" content=\"2 Minuten\" \/>\n<script type=\"application\/ld+json\" class=\"yoast-schema-graph\">{\"@context\":\"https:\\\/\\\/schema.org\",\"@graph\":[{\"@type\":\"WebPage\",\"@id\":\"https:\\\/\\\/khailconcept.com\\\/de\\\/prodotto\\\/dillinger\\\/\",\"url\":\"https:\\\/\\\/khailconcept.com\\\/de\\\/prodotto\\\/dillinger\\\/\",\"name\":\"Dillinger - KhailConcept\",\"isPartOf\":{\"@id\":\"https:\\\/\\\/khailconcept.com\\\/de\\\/#website\"},\"primaryImageOfPage\":{\"@id\":\"https:\\\/\\\/khailconcept.com\\\/de\\\/prodotto\\\/dillinger\\\/#primaryimage\"},\"image\":{\"@id\":\"https:\\\/\\\/khailconcept.com\\\/de\\\/prodotto\\\/dillinger\\\/#primaryimage\"},\"thumbnailUrl\":\"https:\\\/\\\/khailconcept.com\\\/wp-content\\\/uploads\\\/2025\\\/12\\\/1-1.png\",\"datePublished\":\"2025-12-13T10:54:46+00:00\",\"dateModified\":\"2026-03-22T17:01:37+00:00\",\"description\":\"DILLINGER KALTLEIM-SCHIEBEHAMMER GESCHWINDIGKEIT, PR\u00c4ZISION OHNE KOMPROMISSE.\",\"breadcrumb\":{\"@id\":\"https:\\\/\\\/khailconcept.com\\\/de\\\/prodotto\\\/dillinger\\\/#breadcrumb\"},\"inLanguage\":\"de\",\"potentialAction\":[{\"@type\":\"ReadAction\",\"target\":[\"https:\\\/\\\/khailconcept.com\\\/de\\\/prodotto\\\/dillinger\\\/\"]}]},{\"@type\":\"ImageObject\",\"inLanguage\":\"de\",\"@id\":\"https:\\\/\\\/khailconcept.com\\\/de\\\/prodotto\\\/dillinger\\\/#primaryimage\",\"url\":\"https:\\\/\\\/khailconcept.com\\\/wp-content\\\/uploads\\\/2025\\\/12\\\/1-1.png\",\"contentUrl\":\"https:\\\/\\\/khailconcept.com\\\/wp-content\\\/uploads\\\/2025\\\/12\\\/1-1.png\",\"width\":1500,\"height\":1500,\"caption\":\"Overhead-Foto von Dillinger mit neutralem Hintergrund\"},{\"@type\":\"BreadcrumbList\",\"@id\":\"https:\\\/\\\/khailconcept.com\\\/de\\\/prodotto\\\/dillinger\\\/#breadcrumb\",\"itemListElement\":[{\"@type\":\"ListItem\",\"position\":1,\"name\":\"Startseite\",\"item\":\"https:\\\/\\\/khailconcept.com\\\/de\\\/startseite\\\/\"},{\"@type\":\"ListItem\",\"position\":2,\"name\":\"Shop\",\"item\":\"https:\\\/\\\/khailconcept.com\\\/de\\\/shop\\\/\"},{\"@type\":\"ListItem\",\"position\":3,\"name\":\"Dillinger\"}]},{\"@type\":\"WebSite\",\"@id\":\"https:\\\/\\\/khailconcept.com\\\/de\\\/#website\",\"url\":\"https:\\\/\\\/khailconcept.com\\\/de\\\/\",\"name\":\"KhailConcept\",\"description\":\"Strumenti per levabolli di design, realizzati con passione e determinazione.\",\"publisher\":{\"@id\":\"https:\\\/\\\/khailconcept.com\\\/de\\\/#organization\"},\"potentialAction\":[{\"@type\":\"SearchAction\",\"target\":{\"@type\":\"EntryPoint\",\"urlTemplate\":\"https:\\\/\\\/khailconcept.com\\\/de\\\/?s={search_term_string}\"},\"query-input\":{\"@type\":\"PropertyValueSpecification\",\"valueRequired\":true,\"valueName\":\"search_term_string\"}}],\"inLanguage\":\"de\"},{\"@type\":\"Organization\",\"@id\":\"https:\\\/\\\/khailconcept.com\\\/de\\\/#organization\",\"name\":\"KhailConcept\",\"url\":\"https:\\\/\\\/khailconcept.com\\\/de\\\/\",\"logo\":{\"@type\":\"ImageObject\",\"inLanguage\":\"de\",\"@id\":\"https:\\\/\\\/khailconcept.com\\\/de\\\/#\\\/schema\\\/logo\\\/image\\\/\",\"url\":\"https:\\\/\\\/khailconcept.com\\\/wp-content\\\/uploads\\\/2025\\\/09\\\/KHAIL_logoscurosfondo-1.png\",\"contentUrl\":\"https:\\\/\\\/khailconcept.com\\\/wp-content\\\/uploads\\\/2025\\\/09\\\/KHAIL_logoscurosfondo-1.png\",\"width\":1080,\"height\":1080,\"caption\":\"KhailConcept\"},\"image\":{\"@id\":\"https:\\\/\\\/khailconcept.com\\\/de\\\/#\\\/schema\\\/logo\\\/image\\\/\"}}]}<\/script>\n<!-- \/ Yoast SEO plugin. -->","yoast_head_json":{"title":"Dillinger - KhailConcept","description":"DILLINGER KALTLEIM-SCHIEBEHAMMER GESCHWINDIGKEIT, PR\u00c4ZISION OHNE KOMPROMISSE.","robots":{"index":"index","follow":"follow","max-snippet":"max-snippet:-1","max-image-preview":"max-image-preview:large","max-video-preview":"max-video-preview:-1"},"canonical":"https:\/\/khailconcept.com\/de\/prodotto\/dillinger\/","og_locale":"de_DE","og_type":"article","og_title":"Dillinger - KhailConcept","og_description":"DILLINGER KALTLEIM-SCHIEBEHAMMER GESCHWINDIGKEIT, PR\u00c4ZISION OHNE KOMPROMISSE.","og_url":"https:\/\/khailconcept.com\/de\/prodotto\/dillinger\/","og_site_name":"KhailConcept","article_modified_time":"2026-03-22T17:01:37+00:00","og_image":[{"width":1500,"height":1500,"url":"https:\/\/khailconcept.com\/wp-content\/uploads\/2025\/12\/1-1.png","type":"image\/png"}],"twitter_card":"summary_large_image","twitter_misc":{"Gesch\u00e4tzte Lesezeit":"2 Minuten"},"schema":{"@context":"https:\/\/schema.org","@graph":[{"@type":"WebPage","@id":"https:\/\/khailconcept.com\/de\/prodotto\/dillinger\/","url":"https:\/\/khailconcept.com\/de\/prodotto\/dillinger\/","name":"Dillinger - KhailConcept","isPartOf":{"@id":"https:\/\/khailconcept.com\/de\/#website"},"primaryImageOfPage":{"@id":"https:\/\/khailconcept.com\/de\/prodotto\/dillinger\/#primaryimage"},"image":{"@id":"https:\/\/khailconcept.com\/de\/prodotto\/dillinger\/#primaryimage"},"thumbnailUrl":"https:\/\/khailconcept.com\/wp-content\/uploads\/2025\/12\/1-1.png","datePublished":"2025-12-13T10:54:46+00:00","dateModified":"2026-03-22T17:01:37+00:00","description":"DILLINGER KALTLEIM-SCHIEBEHAMMER GESCHWINDIGKEIT, PR\u00c4ZISION OHNE KOMPROMISSE.","breadcrumb":{"@id":"https:\/\/khailconcept.com\/de\/prodotto\/dillinger\/#breadcrumb"},"inLanguage":"de","potentialAction":[{"@type":"ReadAction","target":["https:\/\/khailconcept.com\/de\/prodotto\/dillinger\/"]}]},{"@type":"ImageObject","inLanguage":"de","@id":"https:\/\/khailconcept.com\/de\/prodotto\/dillinger\/#primaryimage","url":"https:\/\/khailconcept.com\/wp-content\/uploads\/2025\/12\/1-1.png","contentUrl":"https:\/\/khailconcept.com\/wp-content\/uploads\/2025\/12\/1-1.png","width":1500,"height":1500,"caption":"Overhead-Foto von Dillinger mit neutralem Hintergrund"},{"@type":"BreadcrumbList","@id":"https:\/\/khailconcept.com\/de\/prodotto\/dillinger\/#breadcrumb","itemListElement":[{"@type":"ListItem","position":1,"name":"Startseite","item":"https:\/\/khailconcept.com\/de\/startseite\/"},{"@type":"ListItem","position":2,"name":"Shop","item":"https:\/\/khailconcept.com\/de\/shop\/"},{"@type":"ListItem","position":3,"name":"Dillinger"}]},{"@type":"WebSite","@id":"https:\/\/khailconcept.com\/de\/#website","url":"https:\/\/khailconcept.com\/de\/","name":"KhailConcept","description":"Strumenti per levabolli di design, realizzati con passione e determinazione.","publisher":{"@id":"https:\/\/khailconcept.com\/de\/#organization"},"potentialAction":[{"@type":"SearchAction","target":{"@type":"EntryPoint","urlTemplate":"https:\/\/khailconcept.com\/de\/?s={search_term_string}"},"query-input":{"@type":"PropertyValueSpecification","valueRequired":true,"valueName":"search_term_string"}}],"inLanguage":"de"},{"@type":"Organization","@id":"https:\/\/khailconcept.com\/de\/#organization","name":"KhailConcept","url":"https:\/\/khailconcept.com\/de\/","logo":{"@type":"ImageObject","inLanguage":"de","@id":"https:\/\/khailconcept.com\/de\/#\/schema\/logo\/image\/","url":"https:\/\/khailconcept.com\/wp-content\/uploads\/2025\/09\/KHAIL_logoscurosfondo-1.png","contentUrl":"https:\/\/khailconcept.com\/wp-content\/uploads\/2025\/09\/KHAIL_logoscurosfondo-1.png","width":1080,"height":1080,"caption":"KhailConcept"},"image":{"@id":"https:\/\/khailconcept.com\/de\/#\/schema\/logo\/image\/"}}]}},"_links":{"self":[{"href":"https:\/\/khailconcept.com\/de\/wp-json\/wp\/v2\/product\/9213","targetHints":{"allow":["GET"]}}],"collection":[{"href":"https:\/\/khailconcept.com\/de\/wp-json\/wp\/v2\/product"}],"about":[{"href":"https:\/\/khailconcept.com\/de\/wp-json\/wp\/v2\/types\/product"}],"replies":[{"embeddable":true,"href":"https:\/\/khailconcept.com\/de\/wp-json\/wp\/v2\/comments?post=9213"}],"wp:featuredmedia":[{"embeddable":true,"href":"https:\/\/khailconcept.com\/de\/wp-json\/wp\/v2\/media\/9216"}],"wp:attachment":[{"href":"https:\/\/khailconcept.com\/de\/wp-json\/wp\/v2\/media?parent=9213"}],"wp:term":[{"taxonomy":"product_brand","embeddable":true,"href":"https:\/\/khailconcept.com\/de\/wp-json\/wp\/v2\/product_brand?post=9213"},{"taxonomy":"product_cat","embeddable":true,"href":"https:\/\/khailconcept.com\/de\/wp-json\/wp\/v2\/product_cat?post=9213"},{"taxonomy":"product_tag","embeddable":true,"href":"https:\/\/khailconcept.com\/de\/wp-json\/wp\/v2\/product_tag?post=9213"}],"curies":[{"name":"wp","href":"https:\/\/api.w.org\/{rel}","templated":true}]}}