{"id":8867,"date":"2025-12-03T21:53:51","date_gmt":"2025-12-03T20:53:51","guid":{"rendered":"https:\/\/khailconcept.com\/prodotto\/lucky-hail-rod\/"},"modified":"2026-03-22T17:53:12","modified_gmt":"2026-03-22T16:53:12","slug":"lucky-hail-rod","status":"publish","type":"product","link":"https:\/\/khailconcept.com\/de\/prodotto\/lucky-hail-rod\/","title":{"rendered":"Lucky Hail Rod + Lucky&#8217;s Bullets"},"content":{"rendered":"\n<h2 class=\"wp-block-heading has-black-color has-text-color has-link-color wp-elements-d129c2c2d4187c3ee4d9aa86982a7c86\"><strong>LUCKY HAIL ROD + GRATIS LUCKY\u2019S BULLETS ETUI <\/strong><\/h2>\n\n<div class=\"wp-block-media-text is-stacked-on-mobile has-black-color has-text-color has-link-color wp-elements-89c1a85e0a92ebbe68987a06d6b3bcd4\"><figure class=\"wp-block-media-text__media\"><img fetchpriority=\"high\" decoding=\"async\" width=\"1024\" height=\"768\" src=\"https:\/\/khailconcept.com\/wp-content\/uploads\/2025\/12\/16-1024x768.png\" alt=\"\" class=\"wp-image-8939 size-full\" srcset=\"https:\/\/khailconcept.com\/wp-content\/uploads\/2025\/12\/16-1024x768.png 1024w, https:\/\/khailconcept.com\/wp-content\/uploads\/2025\/12\/16-300x225.png 300w, https:\/\/khailconcept.com\/wp-content\/uploads\/2025\/12\/16-768x576.png 768w, https:\/\/khailconcept.com\/wp-content\/uploads\/2025\/12\/16-1536x1152.png 1536w, https:\/\/khailconcept.com\/wp-content\/uploads\/2025\/12\/16-2048x1536.png 2048w, https:\/\/khailconcept.com\/wp-content\/uploads\/2025\/12\/16-990x743.png 990w, https:\/\/khailconcept.com\/wp-content\/uploads\/2025\/12\/16-441x331.png 441w, https:\/\/khailconcept.com\/wp-content\/uploads\/2025\/12\/16-800x600.png 800w, https:\/\/khailconcept.com\/wp-content\/uploads\/2025\/12\/16-150x113.png 150w\" sizes=\"(max-width: 1024px) 100vw, 1024px\" \/><\/figure><div class=\"wp-block-media-text__content\">\n<p>Der CARBON \u201eLUCKY\u201c STAR ist die wahre Revolution im Bereich der Dachaufs\u00e4tze.<br\/>ist inspiriert von dem italienischen Gangster \u201eLUCKY LUCIANO\u201c und seinem Geh\u00e4use mit dem Namen<br\/>\u201eLUCKY\u2019S BULLETS\u201c, gefertigt aus Aluminium und Verbundwerkstoffen.<br\/>VOLLST\u00c4NDIG MODULAR MIT SCHNELLSPANNSYSTEM UND ANTI-ROTATIONSEINSATZ.<br\/>JEDE KOMPONENTE DIESER RUTE L\u00c4SST SICH MIT EINER EINFACHEN BEWEGUNG ZUSAMMENBAUEN UND WIEDER AUSEINANDERNEHMEN.<br\/>MIT SEINER L\u00c4NGE VON 244 CM \/ 97 ZOLL UND EINER DICKE VON \u00dcBER 4 MM \/ 3\/16 ZOLL AUS ULTRASTARKER KOHLEFASER<br\/>STEHT ZU RECHT AUF DEM PODIUM ALS BESTE RUTE DER WELT. <\/p>\n\n\n\n<p><\/p>\n<\/div><\/div>\n\n<hr class=\"wp-block-separator has-alpha-channel-opacity\"\/>\n<h2 class=\"has-link-color wp-elements-19c43d4948cf522f1245508ca23b2abe wp-block-post-title has-text-color has-black-color\">Lucky Hail Rod + Lucky\u2019s Bullets<\/h2>\n<figure class=\"wp-block-table\"><table class=\"has-black-color has-text-color has-link-color has-fixed-layout\"><tbody><tr><td>Material<\/td><td>3K KOHLENSTOFF + HOHER MODULUS<\/td><\/tr><tr><td>Gewicht<\/td><td>1430GR<\/td><\/tr><tr><td>Gesamtl\u00e4nge einschlie\u00dflich Griff<\/td><td>244CM \/ 95 ZOLL<\/td><\/tr><\/tbody><\/table><\/figure>\n\n<h2 class=\"wp-block-heading has-black-color has-text-color has-link-color wp-elements-9c17a50efc4a11679a8b427d973e7838\">Komponenten<\/h2>\n\n<figure class=\"wp-block-table\"><table class=\"has-black-color has-text-color has-link-color has-fixed-layout\"><tbody><tr><td>UPPER<\/td><td>110CM<\/td><\/tr><tr><td>TIEFER<\/td><td>110CM<\/td><\/tr><tr><td>H\u00c4NDE<\/td><td>20CM<\/td><\/tr><tr><td>KOPF<\/td><td>4CM<\/td><\/tr><tr><td>KOPF MIT 4 L\u00d6CHERN, DAVON 2 MIT SCHR\u00c4GER Z\u00d6LLIGER TEILUNG<\/td><td>5\/16 18<\/td><\/tr><\/tbody><\/table><\/figure>\n\n<h2 class=\"wp-block-heading has-black-color has-text-color has-link-color wp-elements-c03d7789b70093cac85a0cd41dff6fbc\">Technische Daten Lucky\u2019s Bullets Koffer<\/h2>\n\n<figure class=\"wp-block-table\"><table class=\"has-black-color has-text-color has-link-color has-fixed-layout\"><tbody><tr><td>LENGTH<\/td><td>118CM<\/td><\/tr><tr><td>BREITE<\/td><td>15CM<\/td><\/tr><tr><td>H\u00d6HE<\/td><td>7CM<\/td><\/tr><tr><td>GEWICHT<\/td><td>2.1KG<\/td><\/tr><\/tbody><\/table><\/figure>\n\n<p class=\"has-black-color has-text-color has-link-color wp-elements-9ac00cf961d1ea846fe5a532228b76c6\"><\/p>\n\n<p><\/p>\n","protected":false},"excerpt":{"rendered":"<p><strong>LUCKY HAGELSTANGE + GRATIS LUCKY&#8217;S BULLETS ETUI  <\/strong><\/p>\n<p>die CARBON<strong>&#8218;LUCKY<\/strong>&#8218; AUCT ist die wahre Revolution im Bereich der Dachboden-AUCTURE.<\/p>\n<p>INSPIRIERT VON DEM ITALIENISCH-AMERIKANISCHEN GANGSTER<strong>&#8218;LUCKY LUCIANO<\/strong>&#8218;, WIE SEIN FALL MIT DEM TITEL<\/p>\n<p>\u201eLUCKY&#8217;S BULLETS\u201c SIND HANDGEFERTIGT AUS ALUMINIUM UND VERBUNDWERKSTOFFEN. <\/p>\n<p>VOLLST\u00c4NDIG MODULAR MIT SCHNELLSPANNSYSTEM UND ANTI-ROTATIONSEINSATZ.<\/p>\n<p>JEDE KOMPONENTE DIESER STANGE L\u00c4SST SICH MIT EINER EINFACHEN BEWEGUNG ZUSAMMEN- UND AUSEINANDERBAUEN.<\/p>\n<p>MIT SEINER L\u00c4NGE VON 244 CM \/ 97 ZOLL UND EINER DICKE VON MEHR ALS 4 MM \/ 3\/16 ZOLL AUS ULTRASTARKER KOHLEFASER<\/p>\n<p>STEHT ZU RECHT ALS DER BESTE POLE DER WELT AUF DEM PODIUM.<\/p>\n<p><strong>TECHNISCHE DATEN<\/strong><\/p>\n<p>-KOHLENSTOFF 3K + HOHER MODULUS<\/p>\n<p>-GEWICHT 1430GR<\/p>\n<p>-GESAMTL\u00c4NGE INKLUSIVE GRIFF 244CM \/ 95 INCH<\/p>\n<p>-KOMPONENTEN:<\/p>\n<p>-ABOVE 110CM<\/p>\n<p>-UNTEN 110CM<\/p>\n<p>-MANIC 20CM<\/p>\n<p>-KOPF 4CM<\/p>\n<p>-KOPF MIT 4 L\u00d6CHERN, DAVON 2 SCHR\u00c4GE L\u00d6CHER IM IMPERIAL PITCH 5\/16 18<\/p>\n<p>TECHNISCHE DATEN <strong>LUCKY&#8217;S BULLETS<\/strong> KOFFER<\/p>\n<p>-L\u00c4NGE 118CM<\/p>\n<p>-BREITE 15CM<\/p>\n<p>-H\u00d6HE 7CM<\/p>\n<p>-GEWICHT 2.1KG<\/p>\n<p>&nbsp;<\/p>\n","protected":false},"featured_media":9521,"comment_status":"open","ping_status":"closed","template":"","meta":[],"product_brand":[],"product_cat":[123],"product_tag":[],"class_list":{"0":"post-8867","1":"product","2":"type-product","3":"status-publish","4":"has-post-thumbnail","6":"product_cat-dachstange","7":"product_shipping_class-lampade","9":"first","10":"instock","11":"taxable","12":"shipping-taxable","13":"purchasable","14":"product-type-simple"},"yoast_head":"<!-- This site is optimized with the Yoast SEO plugin v27.5 - https:\/\/yoast.com\/product\/yoast-seo-wordpress\/ -->\n<title>Lucky Hail Rod + Lucky&#039;s Bullets - KhailConcept<\/title>\n<meta name=\"description\" content=\"LUCKY HAIL ROD + LUCKY&#039;S BULLETS CASE FOR FREE die &#039;LUCKY&#039; CARBON ROD ist die wirkliche Revolution im Bereich der Dachrinnen.\" \/>\n<meta name=\"robots\" content=\"index, follow, max-snippet:-1, max-image-preview:large, max-video-preview:-1\" \/>\n<link rel=\"canonical\" href=\"https:\/\/khailconcept.com\/de\/prodotto\/lucky-hail-rod\/\" \/>\n<meta property=\"og:locale\" content=\"de_DE\" \/>\n<meta property=\"og:type\" content=\"article\" \/>\n<meta property=\"og:title\" content=\"Lucky Hail Rod + Lucky&#039;s Bullets - KhailConcept\" \/>\n<meta property=\"og:description\" content=\"LUCKY HAIL ROD + LUCKY&#039;S BULLETS CASE FOR FREE die &#039;LUCKY&#039; CARBON ROD ist die wirkliche Revolution im Bereich der Dachrinnen.\" \/>\n<meta property=\"og:url\" content=\"https:\/\/khailconcept.com\/de\/prodotto\/lucky-hail-rod\/\" \/>\n<meta property=\"og:site_name\" content=\"KhailConcept\" \/>\n<meta property=\"article:modified_time\" content=\"2026-03-22T16:53:12+00:00\" \/>\n<meta property=\"og:image\" content=\"https:\/\/khailconcept.com\/wp-content\/uploads\/2025\/12\/Lucky-Hail-Rod.png\" \/>\n\t<meta property=\"og:image:width\" content=\"1500\" \/>\n\t<meta property=\"og:image:height\" content=\"1500\" \/>\n\t<meta property=\"og:image:type\" content=\"image\/png\" \/>\n<meta name=\"twitter:card\" content=\"summary_large_image\" \/>\n<meta name=\"twitter:label1\" content=\"Gesch\u00e4tzte Lesezeit\" \/>\n\t<meta name=\"twitter:data1\" content=\"2 Minuten\" \/>\n<script type=\"application\/ld+json\" class=\"yoast-schema-graph\">{\"@context\":\"https:\\\/\\\/schema.org\",\"@graph\":[{\"@type\":\"WebPage\",\"@id\":\"https:\\\/\\\/khailconcept.com\\\/de\\\/prodotto\\\/lucky-hail-rod\\\/\",\"url\":\"https:\\\/\\\/khailconcept.com\\\/de\\\/prodotto\\\/lucky-hail-rod\\\/\",\"name\":\"Lucky Hail Rod + Lucky's Bullets - KhailConcept\",\"isPartOf\":{\"@id\":\"https:\\\/\\\/khailconcept.com\\\/de\\\/#website\"},\"primaryImageOfPage\":{\"@id\":\"https:\\\/\\\/khailconcept.com\\\/de\\\/prodotto\\\/lucky-hail-rod\\\/#primaryimage\"},\"image\":{\"@id\":\"https:\\\/\\\/khailconcept.com\\\/de\\\/prodotto\\\/lucky-hail-rod\\\/#primaryimage\"},\"thumbnailUrl\":\"https:\\\/\\\/khailconcept.com\\\/wp-content\\\/uploads\\\/2025\\\/12\\\/Lucky-Hail-Rod.png\",\"datePublished\":\"2025-12-03T20:53:51+00:00\",\"dateModified\":\"2026-03-22T16:53:12+00:00\",\"description\":\"LUCKY HAIL ROD + LUCKY'S BULLETS CASE FOR FREE die 'LUCKY' CARBON ROD ist die wirkliche Revolution im Bereich der Dachrinnen.\",\"breadcrumb\":{\"@id\":\"https:\\\/\\\/khailconcept.com\\\/de\\\/prodotto\\\/lucky-hail-rod\\\/#breadcrumb\"},\"inLanguage\":\"de\",\"potentialAction\":[{\"@type\":\"ReadAction\",\"target\":[\"https:\\\/\\\/khailconcept.com\\\/de\\\/prodotto\\\/lucky-hail-rod\\\/\"]}]},{\"@type\":\"ImageObject\",\"inLanguage\":\"de\",\"@id\":\"https:\\\/\\\/khailconcept.com\\\/de\\\/prodotto\\\/lucky-hail-rod\\\/#primaryimage\",\"url\":\"https:\\\/\\\/khailconcept.com\\\/wp-content\\\/uploads\\\/2025\\\/12\\\/Lucky-Hail-Rod.png\",\"contentUrl\":\"https:\\\/\\\/khailconcept.com\\\/wp-content\\\/uploads\\\/2025\\\/12\\\/Lucky-Hail-Rod.png\",\"width\":1500,\"height\":1500,\"caption\":\"Asta con custodia Lucky Hail Rod + Lucky Bullets\"},{\"@type\":\"BreadcrumbList\",\"@id\":\"https:\\\/\\\/khailconcept.com\\\/de\\\/prodotto\\\/lucky-hail-rod\\\/#breadcrumb\",\"itemListElement\":[{\"@type\":\"ListItem\",\"position\":1,\"name\":\"Startseite\",\"item\":\"https:\\\/\\\/khailconcept.com\\\/de\\\/startseite\\\/\"},{\"@type\":\"ListItem\",\"position\":2,\"name\":\"Shop\",\"item\":\"https:\\\/\\\/khailconcept.com\\\/de\\\/shop\\\/\"},{\"@type\":\"ListItem\",\"position\":3,\"name\":\"Lucky Hail Rod + Lucky&#8217;s Bullets\"}]},{\"@type\":\"WebSite\",\"@id\":\"https:\\\/\\\/khailconcept.com\\\/de\\\/#website\",\"url\":\"https:\\\/\\\/khailconcept.com\\\/de\\\/\",\"name\":\"KhailConcept\",\"description\":\"Strumenti per levabolli di design, realizzati con passione e determinazione.\",\"publisher\":{\"@id\":\"https:\\\/\\\/khailconcept.com\\\/de\\\/#organization\"},\"potentialAction\":[{\"@type\":\"SearchAction\",\"target\":{\"@type\":\"EntryPoint\",\"urlTemplate\":\"https:\\\/\\\/khailconcept.com\\\/de\\\/?s={search_term_string}\"},\"query-input\":{\"@type\":\"PropertyValueSpecification\",\"valueRequired\":true,\"valueName\":\"search_term_string\"}}],\"inLanguage\":\"de\"},{\"@type\":\"Organization\",\"@id\":\"https:\\\/\\\/khailconcept.com\\\/de\\\/#organization\",\"name\":\"KhailConcept\",\"url\":\"https:\\\/\\\/khailconcept.com\\\/de\\\/\",\"logo\":{\"@type\":\"ImageObject\",\"inLanguage\":\"de\",\"@id\":\"https:\\\/\\\/khailconcept.com\\\/de\\\/#\\\/schema\\\/logo\\\/image\\\/\",\"url\":\"https:\\\/\\\/khailconcept.com\\\/wp-content\\\/uploads\\\/2025\\\/09\\\/KHAIL_logoscurosfondo-1.png\",\"contentUrl\":\"https:\\\/\\\/khailconcept.com\\\/wp-content\\\/uploads\\\/2025\\\/09\\\/KHAIL_logoscurosfondo-1.png\",\"width\":1080,\"height\":1080,\"caption\":\"KhailConcept\"},\"image\":{\"@id\":\"https:\\\/\\\/khailconcept.com\\\/de\\\/#\\\/schema\\\/logo\\\/image\\\/\"}}]}<\/script>\n<!-- \/ Yoast SEO plugin. -->","yoast_head_json":{"title":"Lucky Hail Rod + Lucky's Bullets - KhailConcept","description":"LUCKY HAIL ROD + LUCKY'S BULLETS CASE FOR FREE die 'LUCKY' CARBON ROD ist die wirkliche Revolution im Bereich der Dachrinnen.","robots":{"index":"index","follow":"follow","max-snippet":"max-snippet:-1","max-image-preview":"max-image-preview:large","max-video-preview":"max-video-preview:-1"},"canonical":"https:\/\/khailconcept.com\/de\/prodotto\/lucky-hail-rod\/","og_locale":"de_DE","og_type":"article","og_title":"Lucky Hail Rod + Lucky's Bullets - KhailConcept","og_description":"LUCKY HAIL ROD + LUCKY'S BULLETS CASE FOR FREE die 'LUCKY' CARBON ROD ist die wirkliche Revolution im Bereich der Dachrinnen.","og_url":"https:\/\/khailconcept.com\/de\/prodotto\/lucky-hail-rod\/","og_site_name":"KhailConcept","article_modified_time":"2026-03-22T16:53:12+00:00","og_image":[{"width":1500,"height":1500,"url":"https:\/\/khailconcept.com\/wp-content\/uploads\/2025\/12\/Lucky-Hail-Rod.png","type":"image\/png"}],"twitter_card":"summary_large_image","twitter_misc":{"Gesch\u00e4tzte Lesezeit":"2 Minuten"},"schema":{"@context":"https:\/\/schema.org","@graph":[{"@type":"WebPage","@id":"https:\/\/khailconcept.com\/de\/prodotto\/lucky-hail-rod\/","url":"https:\/\/khailconcept.com\/de\/prodotto\/lucky-hail-rod\/","name":"Lucky Hail Rod + Lucky's Bullets - KhailConcept","isPartOf":{"@id":"https:\/\/khailconcept.com\/de\/#website"},"primaryImageOfPage":{"@id":"https:\/\/khailconcept.com\/de\/prodotto\/lucky-hail-rod\/#primaryimage"},"image":{"@id":"https:\/\/khailconcept.com\/de\/prodotto\/lucky-hail-rod\/#primaryimage"},"thumbnailUrl":"https:\/\/khailconcept.com\/wp-content\/uploads\/2025\/12\/Lucky-Hail-Rod.png","datePublished":"2025-12-03T20:53:51+00:00","dateModified":"2026-03-22T16:53:12+00:00","description":"LUCKY HAIL ROD + LUCKY'S BULLETS CASE FOR FREE die 'LUCKY' CARBON ROD ist die wirkliche Revolution im Bereich der Dachrinnen.","breadcrumb":{"@id":"https:\/\/khailconcept.com\/de\/prodotto\/lucky-hail-rod\/#breadcrumb"},"inLanguage":"de","potentialAction":[{"@type":"ReadAction","target":["https:\/\/khailconcept.com\/de\/prodotto\/lucky-hail-rod\/"]}]},{"@type":"ImageObject","inLanguage":"de","@id":"https:\/\/khailconcept.com\/de\/prodotto\/lucky-hail-rod\/#primaryimage","url":"https:\/\/khailconcept.com\/wp-content\/uploads\/2025\/12\/Lucky-Hail-Rod.png","contentUrl":"https:\/\/khailconcept.com\/wp-content\/uploads\/2025\/12\/Lucky-Hail-Rod.png","width":1500,"height":1500,"caption":"Asta con custodia Lucky Hail Rod + Lucky Bullets"},{"@type":"BreadcrumbList","@id":"https:\/\/khailconcept.com\/de\/prodotto\/lucky-hail-rod\/#breadcrumb","itemListElement":[{"@type":"ListItem","position":1,"name":"Startseite","item":"https:\/\/khailconcept.com\/de\/startseite\/"},{"@type":"ListItem","position":2,"name":"Shop","item":"https:\/\/khailconcept.com\/de\/shop\/"},{"@type":"ListItem","position":3,"name":"Lucky Hail Rod + Lucky&#8217;s Bullets"}]},{"@type":"WebSite","@id":"https:\/\/khailconcept.com\/de\/#website","url":"https:\/\/khailconcept.com\/de\/","name":"KhailConcept","description":"Strumenti per levabolli di design, realizzati con passione e determinazione.","publisher":{"@id":"https:\/\/khailconcept.com\/de\/#organization"},"potentialAction":[{"@type":"SearchAction","target":{"@type":"EntryPoint","urlTemplate":"https:\/\/khailconcept.com\/de\/?s={search_term_string}"},"query-input":{"@type":"PropertyValueSpecification","valueRequired":true,"valueName":"search_term_string"}}],"inLanguage":"de"},{"@type":"Organization","@id":"https:\/\/khailconcept.com\/de\/#organization","name":"KhailConcept","url":"https:\/\/khailconcept.com\/de\/","logo":{"@type":"ImageObject","inLanguage":"de","@id":"https:\/\/khailconcept.com\/de\/#\/schema\/logo\/image\/","url":"https:\/\/khailconcept.com\/wp-content\/uploads\/2025\/09\/KHAIL_logoscurosfondo-1.png","contentUrl":"https:\/\/khailconcept.com\/wp-content\/uploads\/2025\/09\/KHAIL_logoscurosfondo-1.png","width":1080,"height":1080,"caption":"KhailConcept"},"image":{"@id":"https:\/\/khailconcept.com\/de\/#\/schema\/logo\/image\/"}}]}},"_links":{"self":[{"href":"https:\/\/khailconcept.com\/de\/wp-json\/wp\/v2\/product\/8867","targetHints":{"allow":["GET"]}}],"collection":[{"href":"https:\/\/khailconcept.com\/de\/wp-json\/wp\/v2\/product"}],"about":[{"href":"https:\/\/khailconcept.com\/de\/wp-json\/wp\/v2\/types\/product"}],"replies":[{"embeddable":true,"href":"https:\/\/khailconcept.com\/de\/wp-json\/wp\/v2\/comments?post=8867"}],"wp:featuredmedia":[{"embeddable":true,"href":"https:\/\/khailconcept.com\/de\/wp-json\/wp\/v2\/media\/9521"}],"wp:attachment":[{"href":"https:\/\/khailconcept.com\/de\/wp-json\/wp\/v2\/media?parent=8867"}],"wp:term":[{"taxonomy":"product_brand","embeddable":true,"href":"https:\/\/khailconcept.com\/de\/wp-json\/wp\/v2\/product_brand?post=8867"},{"taxonomy":"product_cat","embeddable":true,"href":"https:\/\/khailconcept.com\/de\/wp-json\/wp\/v2\/product_cat?post=8867"},{"taxonomy":"product_tag","embeddable":true,"href":"https:\/\/khailconcept.com\/de\/wp-json\/wp\/v2\/product_tag?post=8867"}],"curies":[{"name":"wp","href":"https:\/\/api.w.org\/{rel}","templated":true}]}}